{"id":29646,"date":"2025-10-22T15:37:49","date_gmt":"2025-10-22T19:37:49","guid":{"rendered":"https:\/\/catca.ca\/comites\/comite-catca-osh\/"},"modified":"2025-11-27T15:33:02","modified_gmt":"2025-11-27T20:33:02","slug":"comite-catca-osh","status":"publish","type":"page","link":"https:\/\/catca.ca\/fr\/comites\/comite-catca-osh\/","title":{"rendered":"Comit\u00e9 CATCA OSH"},"content":{"rendered":"\t\t<div data-elementor-type=\"wp-page\" data-elementor-id=\"29646\" class=\"elementor elementor-29646 elementor-28732\" data-elementor-post-type=\"page\">\n\t\t\t\t<div class=\"elementor-element elementor-element-c91f2c8 e-flex e-con-boxed e-con e-parent\" data-id=\"c91f2c8\" data-element_type=\"container\" data-e-type=\"container\" data-settings=\"{&quot;background_background&quot;:&quot;classic&quot;}\">\n\t\t\t\t\t<div class=\"e-con-inner\">\n\t\t<div class=\"elementor-element elementor-element-6711c95 e-con-full e-flex e-con e-child\" data-id=\"6711c95\" data-element_type=\"container\" data-e-type=\"container\">\n\t\t\t\t<div class=\"elementor-element elementor-element-495a33e elementor-widget elementor-widget-text-editor\" data-id=\"495a33e\" data-element_type=\"widget\" data-e-type=\"widget\" data-widget_type=\"text-editor.default\">\n\t\t\t\t<div class=\"elementor-widget-container\">\n\t\t\t\t\t\t\t\t\t<p>L&rsquo;ATTCA m\u00e8ne sans rel\u00e2che des actions visant \u00e0 relever les d\u00e9fis pos\u00e9s par les catastrophes naturelles, les crises de sant\u00e9 publique et autres situations d&rsquo;urgence. Ce comit\u00e9 promeut la s\u00e9curit\u00e9 et la r\u00e9silience des membres de l&rsquo;ATTCA et de leurs familles en pr\u00e9conisant des strat\u00e9gies efficaces de pr\u00e9paration et d&rsquo;intervention en cas de catastrophe.<\/p>\n\t\t\t\t\t\t\t\t<\/div>\n\t\t\t\t<\/div>\n\t\t\t\t<div class=\"elementor-element elementor-element-043f418 elementor-widget elementor-widget-text-editor\" data-id=\"043f418\" data-element_type=\"widget\" data-e-type=\"widget\" data-widget_type=\"text-editor.default\">\n\t\t\t\t<div class=\"elementor-widget-container\">\n\t\t\t\t\t\t\t\t\t<h1>Membres<\/h1>\n<p><\/p>\n<ul>\n<li><strong>\u00c0 d\u00e9terminer<\/strong><\/li>\n<\/ul>\n\t\t\t\t\t\t\t\t<\/div>\n\t\t\t\t<\/div>\n\t\t\t\t<div class=\"elementor-element elementor-element-5b78706 elementor-widget elementor-widget-text-editor\" data-id=\"5b78706\" data-element_type=\"widget\" data-e-type=\"widget\" data-widget_type=\"text-editor.default\">\n\t\t\t\t<div class=\"elementor-widget-container\">\n\t\t\t\t\t\t\t\t\t<h5><a href=\"https:\/\/catca.ca\/wp-content\/uploads\/2025\/10\/CATCA-OSH-Committee-ToR.pdf\">Mandat du comit\u00e9 CATCA OSH<\/a><\/h5>\n\t\t\t\t\t\t\t\t<\/div>\n\t\t\t\t<\/div>\n\t\t\t\t<\/div>\n\t\t\t\t\t<\/div>\n\t\t\t\t<\/div>\n\t\t\t\t<\/div>\n\t\t","protected":false},"excerpt":{"rendered":"<p>L&rsquo;ATTCA m\u00e8ne sans rel\u00e2che des actions visant \u00e0 relever les d\u00e9fis pos\u00e9s par les catastrophes naturelles, les crises de sant\u00e9 publique et autres situations d&rsquo;urgence. Ce comit\u00e9 promeut la s\u00e9curit\u00e9 et la r\u00e9silience des membres de l&rsquo;ATTCA et de leurs familles en pr\u00e9conisant des strat\u00e9gies efficaces de pr\u00e9paration et d&rsquo;intervention en cas de catastrophe. Membres [&hellip;]<\/p>\n","protected":false},"author":1983,"featured_media":0,"parent":20112,"menu_order":0,"comment_status":"closed","ping_status":"closed","template":"elementor_header_footer","meta":{"_acf_changed":false,"footnotes":""},"folder":[102],"class_list":["post-29646","page","type-page","status-publish","hentry"],"acf":[],"_links":{"self":[{"href":"https:\/\/catca.ca\/fr\/wp-json\/wp\/v2\/pages\/29646","targetHints":{"allow":["GET"]}}],"collection":[{"href":"https:\/\/catca.ca\/fr\/wp-json\/wp\/v2\/pages"}],"about":[{"href":"https:\/\/catca.ca\/fr\/wp-json\/wp\/v2\/types\/page"}],"author":[{"embeddable":true,"href":"https:\/\/catca.ca\/fr\/wp-json\/wp\/v2\/users\/1983"}],"replies":[{"embeddable":true,"href":"https:\/\/catca.ca\/fr\/wp-json\/wp\/v2\/comments?post=29646"}],"version-history":[{"count":1,"href":"https:\/\/catca.ca\/fr\/wp-json\/wp\/v2\/pages\/29646\/revisions"}],"predecessor-version":[{"id":29647,"href":"https:\/\/catca.ca\/fr\/wp-json\/wp\/v2\/pages\/29646\/revisions\/29647"}],"up":[{"embeddable":true,"href":"https:\/\/catca.ca\/fr\/wp-json\/wp\/v2\/pages\/20112"}],"wp:attachment":[{"href":"https:\/\/catca.ca\/fr\/wp-json\/wp\/v2\/media?parent=29646"}],"wp:term":[{"taxonomy":"folder","embeddable":true,"href":"https:\/\/catca.ca\/fr\/wp-json\/wp\/v2\/folder?post=29646"}],"curies":[{"name":"wp","href":"https:\/\/api.w.org\/{rel}","templated":true}]}}