{"id":29584,"date":"2025-05-08T14:15:41","date_gmt":"2025-05-08T18:15:41","guid":{"rendered":"https:\/\/catca.ca\/nouvelles\/communiques-de-presse-de-lifatca\/"},"modified":"2025-11-27T15:09:30","modified_gmt":"2025-11-27T20:09:30","slug":"communiques-de-presse-de-lifatca","status":"publish","type":"page","link":"https:\/\/catca.ca\/fr\/nouvelles\/communiques-de-presse-de-lifatca\/","title":{"rendered":"COMMUNIQU\u00c9S DE PRESSE DE L&rsquo;IFATCA"},"content":{"rendered":"\t\t<div data-elementor-type=\"wp-page\" data-elementor-id=\"29584\" class=\"elementor elementor-29584 elementor-26917\" data-elementor-post-type=\"page\">\n\t\t\t\t<div class=\"elementor-element elementor-element-85b420c e-flex e-con-boxed e-con e-parent\" data-id=\"85b420c\" data-element_type=\"container\" data-e-type=\"container\" data-settings=\"{&quot;background_background&quot;:&quot;classic&quot;}\">\n\t\t\t\t\t<div class=\"e-con-inner\">\n\t\t<div class=\"elementor-element elementor-element-e2c9733 e-con-full e-flex e-con e-child\" data-id=\"e2c9733\" data-element_type=\"container\" data-e-type=\"container\">\n\t\t\t\t<div class=\"elementor-element elementor-element-06c5d91 elementor-widget elementor-widget-text-editor\" data-id=\"06c5d91\" data-element_type=\"widget\" data-e-type=\"widget\" data-widget_type=\"text-editor.default\">\n\t\t\t\t<div class=\"elementor-widget-container\">\n\t\t\t\t\t\t\t\t\t<p>8 mai 2025 &#8211; Communiqu\u00e9 de presse de l&rsquo;IFATCA : <a href=\"https:\/\/catca.ca\/wp-content\/uploads\/2025\/05\/IFATCA_PR_Cease_Attacks_080525.pdf\">Appel \u00e0 la cessation imm\u00e9diate des attaques contre les infrastructures de l&rsquo;aviation civile<\/a><\/p><p>8 mai 2025 &#8211; Communiqu\u00e9 de presse de l&rsquo;IFATCA : Isra\u00ebl &#8211; <a href=\"https:\/\/catca.ca\/wp-content\/uploads\/2025\/05\/IFATCA_PR_Israel_050525.pdf\">Appel \u00e0 la cessation des attaques<\/a><\/p>\t\t\t\t\t\t\t\t<\/div>\n\t\t\t\t<\/div>\n\t\t\t\t<div class=\"elementor-element elementor-element-98842fe elementor-widget elementor-widget-spacer\" data-id=\"98842fe\" data-element_type=\"widget\" data-e-type=\"widget\" data-widget_type=\"spacer.default\">\n\t\t\t\t<div class=\"elementor-widget-container\">\n\t\t\t\t\t\t\t<div class=\"elementor-spacer\">\n\t\t\t<div class=\"elementor-spacer-inner\"><\/div>\n\t\t<\/div>\n\t\t\t\t\t\t<\/div>\n\t\t\t\t<\/div>\n\t\t\t\t<div class=\"elementor-element elementor-element-d040a89 pa-display-conditions-yes elementor-widget elementor-widget-text-editor\" data-id=\"d040a89\" data-element_type=\"widget\" data-e-type=\"widget\" data-settings=\"{&quot;pa_display_conditions_switcher&quot;:&quot;yes&quot;}\" data-widget_type=\"text-editor.default\">\n\t\t\t\t<div class=\"elementor-widget-container\">\n\t\t\t\t\t\t\t\t\t<p>Pour consulter les derni\u00e8res actualit\u00e9s, veuillez <a href=\"http:\/\/catca.ca\/member-login\/\">vous connecter<\/a>.<\/p>\n\t\t\t\t\t\t\t\t<\/div>\n\t\t\t\t<\/div>\n\t\t\t\t<\/div>\n\t\t\t\t\t<\/div>\n\t\t\t\t<\/div>\n\t\t\t\t<\/div>\n\t\t","protected":false},"excerpt":{"rendered":"<p>8 mai 2025 &#8211; Communiqu\u00e9 de presse de l&rsquo;IFATCA : Appel \u00e0 la cessation imm\u00e9diate des attaques contre les infrastructures de l&rsquo;aviation civile 8 mai 2025 &#8211; Communiqu\u00e9 de presse de l&rsquo;IFATCA : Isra\u00ebl &#8211; Appel \u00e0 la cessation des attaques Pour consulter les derni\u00e8res actualit\u00e9s, veuillez vous connecter.<\/p>\n","protected":false},"author":1414,"featured_media":0,"parent":20099,"menu_order":0,"comment_status":"closed","ping_status":"closed","template":"elementor_header_footer","meta":{"_acf_changed":false,"footnotes":""},"folder":[],"class_list":["post-29584","page","type-page","status-publish","hentry"],"acf":[],"_links":{"self":[{"href":"https:\/\/catca.ca\/fr\/wp-json\/wp\/v2\/pages\/29584","targetHints":{"allow":["GET"]}}],"collection":[{"href":"https:\/\/catca.ca\/fr\/wp-json\/wp\/v2\/pages"}],"about":[{"href":"https:\/\/catca.ca\/fr\/wp-json\/wp\/v2\/types\/page"}],"author":[{"embeddable":true,"href":"https:\/\/catca.ca\/fr\/wp-json\/wp\/v2\/users\/1414"}],"replies":[{"embeddable":true,"href":"https:\/\/catca.ca\/fr\/wp-json\/wp\/v2\/comments?post=29584"}],"version-history":[{"count":7,"href":"https:\/\/catca.ca\/fr\/wp-json\/wp\/v2\/pages\/29584\/revisions"}],"predecessor-version":[{"id":29602,"href":"https:\/\/catca.ca\/fr\/wp-json\/wp\/v2\/pages\/29584\/revisions\/29602"}],"up":[{"embeddable":true,"href":"https:\/\/catca.ca\/fr\/wp-json\/wp\/v2\/pages\/20099"}],"wp:attachment":[{"href":"https:\/\/catca.ca\/fr\/wp-json\/wp\/v2\/media?parent=29584"}],"wp:term":[{"taxonomy":"folder","embeddable":true,"href":"https:\/\/catca.ca\/fr\/wp-json\/wp\/v2\/folder?post=29584"}],"curies":[{"name":"wp","href":"https:\/\/api.w.org\/{rel}","templated":true}]}}