{"id":28991,"date":"2025-10-22T15:39:48","date_gmt":"2025-10-22T19:39:48","guid":{"rendered":"https:\/\/catca.ca\/comites\/catca-conseil\/"},"modified":"2025-11-27T15:29:35","modified_gmt":"2025-11-27T20:29:35","slug":"catca-conseil","status":"publish","type":"page","link":"https:\/\/catca.ca\/fr\/comites\/catca-conseil\/","title":{"rendered":"CATCA Conseil"},"content":{"rendered":"\t\t<div data-elementor-type=\"wp-page\" data-elementor-id=\"28991\" class=\"elementor elementor-28991 elementor-28736\" data-elementor-post-type=\"page\">\n\t\t\t\t<div class=\"elementor-element elementor-element-c91f2c8 e-flex e-con-boxed e-con e-parent\" data-id=\"c91f2c8\" data-element_type=\"container\" data-e-type=\"container\" data-settings=\"{&quot;background_background&quot;:&quot;classic&quot;}\">\n\t\t\t\t\t<div class=\"e-con-inner\">\n\t\t<div class=\"elementor-element elementor-element-6711c95 e-con-full e-flex e-con e-child\" data-id=\"6711c95\" data-element_type=\"container\" data-e-type=\"container\">\n\t\t\t\t<div class=\"elementor-element elementor-element-495a33e elementor-widget elementor-widget-text-editor\" data-id=\"495a33e\" data-element_type=\"widget\" data-e-type=\"widget\" data-widget_type=\"text-editor.default\">\n\t\t\t\t<div class=\"elementor-widget-container\">\n\t\t\t\t\t\t\t\t\t<p>L&rsquo;ATTCA m\u00e8ne sans rel\u00e2che des actions visant \u00e0 relever les d\u00e9fis pos\u00e9s par les catastrophes naturelles, les crises de sant\u00e9 publique et autres situations d&rsquo;urgence. Ce comit\u00e9 promeut la s\u00e9curit\u00e9 et la r\u00e9silience des membres de l&rsquo;ATTCA et de leurs familles en pr\u00e9conisant des strat\u00e9gies efficaces de pr\u00e9paration et d&rsquo;intervention en cas de catastrophe.<\/p>\n\t\t\t\t\t\t\t\t<\/div>\n\t\t\t\t<\/div>\n\t\t\t\t<\/div>\n\t\t\t\t\t<\/div>\n\t\t\t\t<\/div>\n\t\t\t\t<\/div>\n\t\t","protected":false},"excerpt":{"rendered":"<p>L&rsquo;ATTCA m\u00e8ne sans rel\u00e2che des actions visant \u00e0 relever les d\u00e9fis pos\u00e9s par les catastrophes naturelles, les crises de sant\u00e9 publique et autres situations d&rsquo;urgence. Ce comit\u00e9 promeut la s\u00e9curit\u00e9 et la r\u00e9silience des membres de l&rsquo;ATTCA et de leurs familles en pr\u00e9conisant des strat\u00e9gies efficaces de pr\u00e9paration et d&rsquo;intervention en cas de catastrophe.<\/p>\n","protected":false},"author":1983,"featured_media":0,"parent":20112,"menu_order":0,"comment_status":"closed","ping_status":"closed","template":"elementor_header_footer","meta":{"_acf_changed":false,"footnotes":""},"folder":[102],"class_list":["post-28991","page","type-page","status-publish","hentry"],"acf":[],"_links":{"self":[{"href":"https:\/\/catca.ca\/fr\/wp-json\/wp\/v2\/pages\/28991","targetHints":{"allow":["GET"]}}],"collection":[{"href":"https:\/\/catca.ca\/fr\/wp-json\/wp\/v2\/pages"}],"about":[{"href":"https:\/\/catca.ca\/fr\/wp-json\/wp\/v2\/types\/page"}],"author":[{"embeddable":true,"href":"https:\/\/catca.ca\/fr\/wp-json\/wp\/v2\/users\/1983"}],"replies":[{"embeddable":true,"href":"https:\/\/catca.ca\/fr\/wp-json\/wp\/v2\/comments?post=28991"}],"version-history":[{"count":1,"href":"https:\/\/catca.ca\/fr\/wp-json\/wp\/v2\/pages\/28991\/revisions"}],"predecessor-version":[{"id":28992,"href":"https:\/\/catca.ca\/fr\/wp-json\/wp\/v2\/pages\/28991\/revisions\/28992"}],"up":[{"embeddable":true,"href":"https:\/\/catca.ca\/fr\/wp-json\/wp\/v2\/pages\/20112"}],"wp:attachment":[{"href":"https:\/\/catca.ca\/fr\/wp-json\/wp\/v2\/media?parent=28991"}],"wp:term":[{"taxonomy":"folder","embeddable":true,"href":"https:\/\/catca.ca\/fr\/wp-json\/wp\/v2\/folder?post=28991"}],"curies":[{"name":"wp","href":"https:\/\/api.w.org\/{rel}","templated":true}]}}