{"id":27530,"date":"2025-05-30T00:08:56","date_gmt":"2025-05-30T04:08:56","guid":{"rendered":"https:\/\/catca.ca\/?page_id=27530"},"modified":"2025-05-30T00:28:30","modified_gmt":"2025-05-30T04:28:30","slug":"quidi-vidi-brewery-sponsor","status":"publish","type":"page","link":"https:\/\/catca.ca\/fr\/le-congres-2025\/quidi-vidi-brewery-sponsor\/","title":{"rendered":"Quidi Vidi Brewery"},"content":{"rendered":"\t\t<div data-elementor-type=\"wp-page\" data-elementor-id=\"27530\" class=\"elementor elementor-27530\" data-elementor-post-type=\"page\">\n\t\t\t\t<div class=\"elementor-element elementor-element-837ea1f e-flex e-con-boxed e-con e-parent\" data-id=\"837ea1f\" data-element_type=\"container\" data-e-type=\"container\">\n\t\t\t\t\t<div class=\"e-con-inner\">\n\t\t\t\t<div class=\"elementor-element elementor-element-7e3ff58 elementor-widget-divider--view-line elementor-widget elementor-widget-divider\" data-id=\"7e3ff58\" data-element_type=\"widget\" data-e-type=\"widget\" data-widget_type=\"divider.default\">\n\t\t\t\t<div class=\"elementor-widget-container\">\n\t\t\t\t\t\t\t<div class=\"elementor-divider\">\n\t\t\t<span class=\"elementor-divider-separator\">\n\t\t\t\t\t\t<\/span>\n\t\t<\/div>\n\t\t\t\t\t\t<\/div>\n\t\t\t\t<\/div>\n\t\t\t\t\t<\/div>\n\t\t\t\t<\/div>\n\t\t<div class=\"elementor-element elementor-element-e6d1f22 e-flex e-con-boxed e-con e-parent\" data-id=\"e6d1f22\" data-element_type=\"container\" data-e-type=\"container\">\n\t\t\t\t\t<div class=\"e-con-inner\">\n\t\t\t\t<div class=\"elementor-element elementor-element-11efdb7 elementor-widget elementor-widget-text-editor\" data-id=\"11efdb7\" data-element_type=\"widget\" data-e-type=\"widget\" data-widget_type=\"text-editor.default\">\n\t\t\t\t<div class=\"elementor-widget-container\">\n\t\t\t\t\t\t\t\t\t<h2><b><img decoding=\"async\" class=\"an1 CToWUd lazyload\" draggable=\"false\" data-src=\"https:\/\/fonts.gstatic.com\/s\/e\/notoemoji\/16.0\/1f389\/32.png\" alt=\"\ud83c\udf89\" data-emoji=\"\ud83c\udf89\" aria-label=\"\ud83c\udf89\" data-bit=\"iit\" src=\"data:image\/svg+xml;base64,PHN2ZyB3aWR0aD0iMSIgaGVpZ2h0PSIxIiB4bWxucz0iaHR0cDovL3d3dy53My5vcmcvMjAwMC9zdmciPjwvc3ZnPg==\" \/>\u00a0<\/b>Une aubaine pour les bi\u00e8res artisanales approuv\u00e9e par l&rsquo;ACCTA !<b> <img decoding=\"async\" class=\"an1 CToWUd lazyload\" draggable=\"false\" data-src=\"https:\/\/fonts.gstatic.com\/s\/e\/notoemoji\/16.0\/1f37b\/32.png\" alt=\"\ud83c\udf7b\" data-emoji=\"\ud83c\udf7b\" aria-label=\"\ud83c\udf7b\" data-bit=\"iit\" src=\"data:image\/svg+xml;base64,PHN2ZyB3aWR0aD0iMSIgaGVpZ2h0PSIxIiB4bWxucz0iaHR0cDovL3d3dy53My5vcmcvMjAwMC9zdmciPjwvc3ZnPg==\" \/><\/b><\/h2><p style=\"text-align: center;\"><span style=\"text-decoration: underline;\">Dans la salle Brownsdale les : 3 et 4 juin \u00e0 18h00!<\/span><\/p><p>Paquet de 6 Quidi Vidi pour 40 $ &#8211; Paquet de 12 pour 75<\/p><p>Vos amis de l&rsquo;Association canadienne du contr\u00f4le du trafic a\u00e9rien (ACCTA) <img decoding=\"async\" class=\"an1 CToWUd lazyload\" draggable=\"false\" data-src=\"https:\/\/fonts.gstatic.com\/s\/e\/notoemoji\/16.0\/2708_fe0f\/32.png\" alt=\"\u2708\ufe0f\" data-emoji=\"\u2708\ufe0f\" aria-label=\"\u2708\ufe0f\" data-bit=\"iit\" src=\"data:image\/svg+xml;base64,PHN2ZyB3aWR0aD0iMSIgaGVpZ2h0PSIxIiB4bWxucz0iaHR0cDovL3d3dy53My5vcmcvMjAwMC9zdmciPjwvc3ZnPg==\" \/> ont trouv\u00e9 une bonne affaire juste pour vous &#8211; directement des rives l\u00e9gendaires de la brasserie <a href=\"https:\/\/quidividibrewery.ca\/\">Quidi Vidi de Terre-Neuve<\/a> !<\/p><h4>Vos options :<\/h4><p><b><img decoding=\"async\" class=\"an1 CToWUd lazyload\" draggable=\"false\" data-src=\"https:\/\/fonts.gstatic.com\/s\/e\/notoemoji\/16.0\/1f37a\/32.png\" alt=\"\ud83c\udf7a\" data-emoji=\"\ud83c\udf7a\" aria-label=\"\ud83c\udf7a\" data-bit=\"iit\" src=\"data:image\/svg+xml;base64,PHN2ZyB3aWR0aD0iMSIgaGVpZ2h0PSIxIiB4bWxucz0iaHR0cDovL3d3dy53My5vcmcvMjAwMC9zdmciPjwvc3ZnPg==\" \/><\/b>Paquet de 6 &#8211; Seulement 40$<\/p><p>C&rsquo;est seulement 6,67 $ par bi\u00e8re &#8211; moins cher que la plupart des salles d&#8217;embouteillage !<\/p><p><img decoding=\"async\" class=\"an1 CToWUd lazyload\" draggable=\"false\" data-src=\"https:\/\/fonts.gstatic.com\/s\/e\/notoemoji\/16.0\/1f37b\/32.png\" alt=\"\ud83c\udf7b\" data-emoji=\"\ud83c\udf7b\" aria-label=\"\ud83c\udf7b\" data-bit=\"iit\" src=\"data:image\/svg+xml;base64,PHN2ZyB3aWR0aD0iMSIgaGVpZ2h0PSIxIiB4bWxucz0iaHR0cDovL3d3dy53My5vcmcvMjAwMC9zdmciPjwvc3ZnPg==\" \/>Paquet de 12 &#8211; Seulement 75<\/p><p>Seulement 6,25 $ par bi\u00e8re &#8211; voil\u00e0 une \u00e9conomie de premier ordre !<\/p><p><b><img decoding=\"async\" class=\"an1 CToWUd lazyload\" draggable=\"false\" data-src=\"https:\/\/fonts.gstatic.com\/s\/e\/notoemoji\/16.0\/1f4b8\/32.png\" alt=\"\ud83d\udcb8\" data-emoji=\"\ud83d\udcb8\" aria-label=\"\ud83d\udcb8\" data-bit=\"iit\" src=\"data:image\/svg+xml;base64,PHN2ZyB3aWR0aD0iMSIgaGVpZ2h0PSIxIiB4bWxucz0iaHR0cDovL3d3dy53My5vcmcvMjAwMC9zdmciPjwvc3ZnPg==\" \/> <\/b><strong>Prix r\u00e9gulier : 8,99 $\/bi\u00e8re<\/strong><\/p><p>\u00c9conomies totales :<\/p><p>Paquet de 6 = \u00c9conomisez 17,94 $<br \/>Paquet de 12 = \u00c9conomisez 32,88<\/p><h4><b><img decoding=\"async\" class=\"an1 CToWUd lazyload\" draggable=\"false\" data-src=\"https:\/\/fonts.gstatic.com\/s\/e\/notoemoji\/16.0\/1f37a\/32.png\" alt=\"\ud83c\udf7a\" data-emoji=\"\ud83c\udf7a\" aria-label=\"\ud83c\udf7a\" data-bit=\"iit\" src=\"data:image\/svg+xml;base64,PHN2ZyB3aWR0aD0iMSIgaGVpZ2h0PSIxIiB4bWxucz0iaHR0cDovL3d3dy53My5vcmcvMjAwMC9zdmciPjwvc3ZnPg==\" \/><\/b>Pourquoi choisir Quidi Vidi?<\/h4><p>Brass\u00e9e dans le village historique de Quidi Vidi, \u00e0 Terre-Neuve Comprend des bi\u00e8res favorites comme la bi\u00e8re Iceberg &#8211; faite avec de l&rsquo;eau d&rsquo;iceberg v\u00e9ritable Saveur locale + fiert\u00e9 nationale = un r\u00e9frig\u00e9rateur rempli de victoires<\/p><p><img decoding=\"async\" class=\"an1 CToWUd lazyload\" draggable=\"false\" data-src=\"https:\/\/fonts.gstatic.com\/s\/e\/notoemoji\/16.0\/1f3a4\/32.png\" alt=\"\ud83c\udfa4\" data-emoji=\"\ud83c\udfa4\" aria-label=\"\ud83c\udfa4\" data-bit=\"iit\" src=\"data:image\/svg+xml;base64,PHN2ZyB3aWR0aD0iMSIgaGVpZ2h0PSIxIiB4bWxucz0iaHR0cDovL3d3dy53My5vcmcvMjAwMC9zdmciPjwvc3ZnPg==\" \/> \u00ab\u00a0Nous dirigeons des avions et escomptons des pintes ! &#8212; CATCA<\/p><p><img decoding=\"async\" class=\"an1 CToWUd lazyload\" draggable=\"false\" data-src=\"https:\/\/fonts.gstatic.com\/s\/e\/notoemoji\/16.0\/1f6a8\/32.png\" alt=\"\ud83d\udea8\" data-emoji=\"\ud83d\udea8\" aria-label=\"\ud83d\udea8\" data-bit=\"iit\" src=\"data:image\/svg+xml;base64,PHN2ZyB3aWR0aD0iMSIgaGVpZ2h0PSIxIiB4bWxucz0iaHR0cDovL3d3dy53My5vcmcvMjAwMC9zdmciPjwvc3ZnPg==\" \/>Offre limit\u00e9e dans le temps &#8211; jusqu&rsquo;\u00e0 \u00e9puisement des stocks<\/p><p>Froid, croustillant et approuv\u00e9 par l&rsquo;ACCTA. Ne manquez pas votre chance de d\u00e9coller avec une offre aussi rafra\u00eechissante.<\/p><p style=\"text-align: center;\"><strong>Achetez votre pack de 6 ou de 12 d\u00e8s aujourd&rsquo;hui. Sant\u00e9 !<img decoding=\"async\" class=\"an1 CToWUd lazyload\" draggable=\"false\" data-src=\"https:\/\/fonts.gstatic.com\/s\/e\/notoemoji\/16.0\/1f37b\/32.png\" alt=\"\ud83c\udf7b\" data-emoji=\"\ud83c\udf7b\" aria-label=\"\ud83c\udf7b\" data-bit=\"iit\" src=\"data:image\/svg+xml;base64,PHN2ZyB3aWR0aD0iMSIgaGVpZ2h0PSIxIiB4bWxucz0iaHR0cDovL3d3dy53My5vcmcvMjAwMC9zdmciPjwvc3ZnPg==\" \/><\/strong><\/p>\t\t\t\t\t\t\t\t<\/div>\n\t\t\t\t<\/div>\n\t\t\t\t\t<\/div>\n\t\t\t\t<\/div>\n\t\t<div class=\"elementor-element elementor-element-c9b928f e-flex e-con-boxed e-con e-parent\" data-id=\"c9b928f\" data-element_type=\"container\" data-e-type=\"container\">\n\t\t\t\t\t<div class=\"e-con-inner\">\n\t\t\t\t<div class=\"elementor-element elementor-element-2664654 elementor-widget-divider--view-line elementor-widget elementor-widget-divider\" data-id=\"2664654\" data-element_type=\"widget\" data-e-type=\"widget\" data-widget_type=\"divider.default\">\n\t\t\t\t<div class=\"elementor-widget-container\">\n\t\t\t\t\t\t\t<div class=\"elementor-divider\">\n\t\t\t<span class=\"elementor-divider-separator\">\n\t\t\t\t\t\t<\/span>\n\t\t<\/div>\n\t\t\t\t\t\t<\/div>\n\t\t\t\t<\/div>\n\t\t\t\t\t<\/div>\n\t\t\t\t<\/div>\n\t\t\t\t<\/div>\n\t\t","protected":false},"excerpt":{"rendered":"<p>\u00a0Une aubaine pour les bi\u00e8res artisanales approuv\u00e9e par l&rsquo;ACCTA ! Dans la salle Brownsdale les : 3 et 4 juin \u00e0 18h00! Paquet de 6 Quidi Vidi pour 40 $ &#8211; Paquet de 12 pour 75 Vos amis de l&rsquo;Association canadienne du contr\u00f4le du trafic a\u00e9rien (ACCTA) ont trouv\u00e9 une bonne affaire juste pour vous [&hellip;]<\/p>\n","protected":false},"author":1983,"featured_media":21814,"parent":23009,"menu_order":0,"comment_status":"closed","ping_status":"closed","template":"","meta":{"_acf_changed":false,"footnotes":""},"folder":[],"class_list":["post-27530","page","type-page","status-publish","has-post-thumbnail","hentry"],"acf":[],"_links":{"self":[{"href":"https:\/\/catca.ca\/fr\/wp-json\/wp\/v2\/pages\/27530","targetHints":{"allow":["GET"]}}],"collection":[{"href":"https:\/\/catca.ca\/fr\/wp-json\/wp\/v2\/pages"}],"about":[{"href":"https:\/\/catca.ca\/fr\/wp-json\/wp\/v2\/types\/page"}],"author":[{"embeddable":true,"href":"https:\/\/catca.ca\/fr\/wp-json\/wp\/v2\/users\/1983"}],"replies":[{"embeddable":true,"href":"https:\/\/catca.ca\/fr\/wp-json\/wp\/v2\/comments?post=27530"}],"version-history":[{"count":11,"href":"https:\/\/catca.ca\/fr\/wp-json\/wp\/v2\/pages\/27530\/revisions"}],"predecessor-version":[{"id":27552,"href":"https:\/\/catca.ca\/fr\/wp-json\/wp\/v2\/pages\/27530\/revisions\/27552"}],"up":[{"embeddable":true,"href":"https:\/\/catca.ca\/fr\/wp-json\/wp\/v2\/pages\/23009"}],"wp:featuredmedia":[{"embeddable":true,"href":"https:\/\/catca.ca\/fr\/wp-json\/wp\/v2\/media\/21814"}],"wp:attachment":[{"href":"https:\/\/catca.ca\/fr\/wp-json\/wp\/v2\/media?parent=27530"}],"wp:term":[{"taxonomy":"folder","embeddable":true,"href":"https:\/\/catca.ca\/fr\/wp-json\/wp\/v2\/folder?post=27530"}],"curies":[{"name":"wp","href":"https:\/\/api.w.org\/{rel}","templated":true}]}}