{"id":27441,"date":"2025-05-27T11:27:38","date_gmt":"2025-05-27T15:27:38","guid":{"rendered":"https:\/\/catca.ca\/?page_id=27441"},"modified":"2025-06-16T14:16:41","modified_gmt":"2025-06-16T18:16:41","slug":"materiel-de-campagne-2025","status":"publish","type":"page","link":"https:\/\/catca.ca\/fr\/materiel-de-campagne-2025\/","title":{"rendered":"Mat\u00e9riel de campagne 2025"},"content":{"rendered":"\t\t<div data-elementor-type=\"wp-page\" data-elementor-id=\"27441\" class=\"elementor elementor-27441\" data-elementor-post-type=\"page\">\n\t\t\t\t<div class=\"elementor-element elementor-element-c91f2c8 e-flex e-con-boxed e-con e-parent\" data-id=\"c91f2c8\" data-element_type=\"container\" data-e-type=\"container\" data-settings=\"{&quot;background_background&quot;:&quot;classic&quot;}\">\n\t\t\t\t\t<div class=\"e-con-inner\">\n\t\t<div class=\"elementor-element elementor-element-6711c95 e-con-full e-flex e-con e-child\" data-id=\"6711c95\" data-element_type=\"container\" data-e-type=\"container\">\n\t\t\t\t<\/div>\n\t\t\t\t\t<\/div>\n\t\t\t\t<\/div>\n\t\t<div class=\"elementor-element elementor-element-5dbb36c e-flex e-con-boxed e-con e-parent\" data-id=\"5dbb36c\" data-element_type=\"container\" data-e-type=\"container\">\n\t\t\t\t\t<div class=\"e-con-inner\">\n\t\t\t\t<div class=\"elementor-element elementor-element-d5328fb elementor-widget-divider--view-line elementor-widget elementor-widget-divider\" data-id=\"d5328fb\" data-element_type=\"widget\" data-e-type=\"widget\" data-widget_type=\"divider.default\">\n\t\t\t\t<div class=\"elementor-widget-container\">\n\t\t\t\t\t\t\t<div class=\"elementor-divider\">\n\t\t\t<span class=\"elementor-divider-separator\">\n\t\t\t\t\t\t<\/span>\n\t\t<\/div>\n\t\t\t\t\t\t<\/div>\n\t\t\t\t<\/div>\n\t\t\t\t\t<\/div>\n\t\t\t\t<\/div>\n\t\t<div class=\"elementor-element elementor-element-52ca385 e-flex e-con-boxed e-con e-parent\" data-id=\"52ca385\" data-element_type=\"container\" data-e-type=\"container\">\n\t\t\t\t\t<div class=\"e-con-inner\">\n\t\t\t\t<div class=\"elementor-element elementor-element-7b930be elementor-widget elementor-widget-text-editor\" data-id=\"7b930be\" data-element_type=\"widget\" data-e-type=\"widget\" data-widget_type=\"text-editor.default\">\n\t\t\t\t<div class=\"elementor-widget-container\">\n\t\t\t\t\t\t\t\t\t<h4><span style=\"color: #ffffff;\">\u00a0VPR Atlantique<\/span><\/h4><ul><li><a href=\"https:\/\/catca.ca\/wp-content\/uploads\/2025\/05\/250522-CHRIS-ROBICHAUD-MESSAGE-AMENDED.png\">Chris Robichaud<\/a><\/li><li><a href=\"https:\/\/catca.ca\/wp-content\/uploads\/2025\/05\/Greg-King_Letter.jpg\">Greg King<\/a><\/li><li><a href=\"https:\/\/catca.ca\/wp-content\/uploads\/2025\/05\/250521-IAN-THOMSON-MESSAGE.pdf\">Ian Thomson<\/a><\/li><\/ul><h4><span style=\"color: #ffffff;\">VPR Centrale<\/span><\/h4><ul><li><a href=\"https:\/\/catca.ca\/wp-content\/uploads\/2025\/05\/250521-CHRIS-KENNY-MESSAGE.pdf\">Chris Kenny<\/a><\/li><li><a href=\"https:\/\/catca.ca\/wp-content\/uploads\/2025\/05\/Kevin-Gauthier-for-RVP-1.pdf\">Kevin Gauthier<\/a><\/li><\/ul><h4><span style=\"color: #ffffff;\">Vice-pr\u00e9sident ex\u00e9cutif<\/span><\/h4><ul><li><a href=\"https:\/\/catca.ca\/wp-content\/uploads\/2025\/05\/Ben-Vachon_EVP_FR-Letter-1.pdf\">Ben Vachon<\/a><\/li><li><a href=\"https:\/\/catca.ca\/wp-content\/uploads\/2025\/06\/Reelisons-Scott-Loder-2025.pdf\">Scott Loder<\/a><\/li><\/ul><h4><span style=\"color: #ffffff;\">Pr\u00e9sident<\/span><\/h4><ul><li><a href=\"https:\/\/catca.ca\/wp-content\/uploads\/2025\/06\/Letter-PG-1-fr.pdf\">Nick von Schoenberg<\/a><\/li><li><a href=\"https:\/\/catca.ca\/wp-content\/uploads\/2025\/05\/Mike-Loftus-Campaign-Letter.pdf\">Mike Loftus<\/a><\/li><\/ul>\t\t\t\t\t\t\t\t<\/div>\n\t\t\t\t<\/div>\n\t\t\t\t\t<\/div>\n\t\t\t\t<\/div>\n\t\t<div class=\"elementor-element elementor-element-f739ab9 e-flex e-con-boxed e-con e-parent\" data-id=\"f739ab9\" data-element_type=\"container\" data-e-type=\"container\">\n\t\t\t\t\t<div class=\"e-con-inner\">\n\t\t\t\t<div class=\"elementor-element elementor-element-a8ec370 elementor-widget-divider--view-line elementor-widget elementor-widget-divider\" data-id=\"a8ec370\" data-element_type=\"widget\" data-e-type=\"widget\" data-widget_type=\"divider.default\">\n\t\t\t\t<div class=\"elementor-widget-container\">\n\t\t\t\t\t\t\t<div class=\"elementor-divider\">\n\t\t\t<span class=\"elementor-divider-separator\">\n\t\t\t\t\t\t<\/span>\n\t\t<\/div>\n\t\t\t\t\t\t<\/div>\n\t\t\t\t<\/div>\n\t\t\t\t\t<\/div>\n\t\t\t\t<\/div>\n\t\t\t\t<\/div>\n\t\t","protected":false},"excerpt":{"rendered":"<p>\u00a0VPR Atlantique Chris Robichaud Greg King Ian Thomson VPR Centrale Chris Kenny Kevin Gauthier Vice-pr\u00e9sident ex\u00e9cutif Ben Vachon Scott Loder Pr\u00e9sident Nick von Schoenberg Mike Loftus<\/p>\n","protected":false},"author":1983,"featured_media":0,"parent":0,"menu_order":0,"comment_status":"closed","ping_status":"closed","template":"elementor_header_footer","meta":{"_acf_changed":false,"footnotes":""},"folder":[],"class_list":["post-27441","page","type-page","status-publish","hentry"],"acf":[],"_links":{"self":[{"href":"https:\/\/catca.ca\/fr\/wp-json\/wp\/v2\/pages\/27441","targetHints":{"allow":["GET"]}}],"collection":[{"href":"https:\/\/catca.ca\/fr\/wp-json\/wp\/v2\/pages"}],"about":[{"href":"https:\/\/catca.ca\/fr\/wp-json\/wp\/v2\/types\/page"}],"author":[{"embeddable":true,"href":"https:\/\/catca.ca\/fr\/wp-json\/wp\/v2\/users\/1983"}],"replies":[{"embeddable":true,"href":"https:\/\/catca.ca\/fr\/wp-json\/wp\/v2\/comments?post=27441"}],"version-history":[{"count":28,"href":"https:\/\/catca.ca\/fr\/wp-json\/wp\/v2\/pages\/27441\/revisions"}],"predecessor-version":[{"id":27879,"href":"https:\/\/catca.ca\/fr\/wp-json\/wp\/v2\/pages\/27441\/revisions\/27879"}],"wp:attachment":[{"href":"https:\/\/catca.ca\/fr\/wp-json\/wp\/v2\/media?parent=27441"}],"wp:term":[{"taxonomy":"folder","embeddable":true,"href":"https:\/\/catca.ca\/fr\/wp-json\/wp\/v2\/folder?post=27441"}],"curies":[{"name":"wp","href":"https:\/\/api.w.org\/{rel}","templated":true}]}}