{"id":27132,"date":"2025-05-15T17:38:24","date_gmt":"2025-05-15T21:38:24","guid":{"rendered":"https:\/\/catca.ca\/?page_id=27132"},"modified":"2025-05-30T04:20:46","modified_gmt":"2025-05-30T08:20:46","slug":"evenements-de-la-convention","status":"publish","type":"page","link":"https:\/\/catca.ca\/fr\/le-congres-2025\/evenements-de-la-convention\/","title":{"rendered":"\u00c9v\u00e9nements de la convention"},"content":{"rendered":"\t\t<div data-elementor-type=\"wp-page\" data-elementor-id=\"27132\" class=\"elementor elementor-27132\" data-elementor-post-type=\"page\">\n\t\t\t\t<div class=\"elementor-element elementor-element-f808866 e-flex e-con-boxed e-con e-parent\" data-id=\"f808866\" data-element_type=\"container\" data-e-type=\"container\">\n\t\t\t\t\t<div class=\"e-con-inner\">\n\t\t\t\t<div class=\"elementor-element elementor-element-334dc9c elementor-widget__width-inherit elementor-widget elementor-widget-n-accordion\" data-id=\"334dc9c\" data-element_type=\"widget\" data-e-type=\"widget\" data-settings=\"{&quot;default_state&quot;:&quot;all_collapsed&quot;,&quot;max_items_expended&quot;:&quot;one&quot;,&quot;n_accordion_animation_duration&quot;:{&quot;unit&quot;:&quot;ms&quot;,&quot;size&quot;:400,&quot;sizes&quot;:[]}}\" data-widget_type=\"nested-accordion.default\">\n\t\t\t\t<div class=\"elementor-widget-container\">\n\t\t\t\t\t\t\t<div class=\"e-n-accordion\" aria-label=\"Accordion. Open links with Enter or Space, close with Escape, and navigate with Arrow Keys\">\n\t\t\t\t\t\t<details id=\"e-n-accordion-item-5370\" class=\"e-n-accordion-item\" >\n\t\t\t\t<summary class=\"e-n-accordion-item-title\" data-accordion-index=\"1\" tabindex=\"0\" aria-expanded=\"false\" aria-controls=\"e-n-accordion-item-5370\" >\n\t\t\t\t\t<span class='e-n-accordion-item-title-header'><div class=\"e-n-accordion-item-title-text\"> Accueil hors site du CO \u2013 The Trinity Pub (8 Becks Cove \u2013 \u00abrue George \u00bb) <\/div><\/span>\n\t\t\t\t\t\t\t<span class='e-n-accordion-item-title-icon'>\n\t\t\t<span class='e-opened' ><svg aria-hidden=\"true\" class=\"e-font-icon-svg e-fas-minus\" viewBox=\"0 0 448 512\" xmlns=\"http:\/\/www.w3.org\/2000\/svg\"><path d=\"M416 208H32c-17.67 0-32 14.33-32 32v32c0 17.67 14.33 32 32 32h384c17.67 0 32-14.33 32-32v-32c0-17.67-14.33-32-32-32z\"><\/path><\/svg><\/span>\n\t\t\t<span class='e-closed'><svg aria-hidden=\"true\" class=\"e-font-icon-svg e-fas-plus\" viewBox=\"0 0 448 512\" xmlns=\"http:\/\/www.w3.org\/2000\/svg\"><path d=\"M416 208H272V64c0-17.67-14.33-32-32-32h-32c-17.67 0-32 14.33-32 32v144H32c-17.67 0-32 14.33-32 32v32c0 17.67 14.33 32 32 32h144v144c0 17.67 14.33 32 32 32h32c17.67 0 32-14.33 32-32V304h144c17.67 0 32-14.33 32-32v-32c0-17.67-14.33-32-32-32z\"><\/path><\/svg><\/span>\n\t\t<\/span>\n\n\t\t\t\t\t\t<\/summary>\n\t\t\t\t<div role=\"region\" aria-labelledby=\"e-n-accordion-item-5370\" class=\"elementor-element elementor-element-23a5552 e-con-full e-flex e-con e-child\" data-id=\"23a5552\" data-element_type=\"container\" data-e-type=\"container\">\n\t\t<div role=\"region\" aria-labelledby=\"e-n-accordion-item-5370\" class=\"elementor-element elementor-element-d63acea e-grid e-con-boxed e-con e-child\" data-id=\"d63acea\" data-element_type=\"container\" data-e-type=\"container\">\n\t\t\t\t\t<div class=\"e-con-inner\">\n\t\t\t\t<div class=\"elementor-element elementor-element-c614dc2 elementor-widget elementor-widget-text-editor\" data-id=\"c614dc2\" data-element_type=\"widget\" data-e-type=\"widget\" data-widget_type=\"text-editor.default\">\n\t\t\t\t<div class=\"elementor-widget-container\">\n\t\t\t\t\t\t\t\t\t<h2><span style=\"text-decoration: underline; color: #ffffff;\"><span class=\"--l --r container-target\"><span class=\"--l --r hover:bg-blue-100 hover:dark:bg-blue-600\">quand<\/span><\/span><\/span><\/h2><p><span style=\"color: #ffffff;\">Dimanche 1er juin 2025 \u2022 22:30 \u2013 01:00<\/span><\/p><p><span style=\"color: #ffffff;\">Lundi 2 juin 2025 \u2022 22:00 \u2013 01:00<\/span><\/p><p><span style=\"color: #ffffff;\">Mardi 3 juin 2025 \u2022 22:00 \u2013 01:00<\/span><\/p><p><span style=\"color: #ffffff;\">Mercredi 4 juin 2025 \u2022 22:00 \u2013 01:00<\/span><\/p><h2><span style=\"text-decoration: underline; color: #ffffff;\"><span class=\"--l --r container-target\"><span class=\"--l --r hover:bg-blue-100 hover:dark:bg-blue-600\">o\u00f9<\/span><\/span><\/span><\/h2><p><span style=\"color: #ffffff;\">8 Becks Cove \u2013 \u201cGeorge St.\u201d<\/span><\/p>\t\t\t\t\t\t\t\t<\/div>\n\t\t\t\t<\/div>\n\t\t\t\t<div class=\"elementor-element elementor-element-4799fe4 elementor-widget elementor-widget-image\" data-id=\"4799fe4\" data-element_type=\"widget\" data-e-type=\"widget\" data-widget_type=\"image.default\">\n\t\t\t\t<div class=\"elementor-widget-container\">\n\t\t\t\t\t\t\t\t\t\t\t\t\t\t\t\t<a href=\"https:\/\/www.google.com\/maps\/place\/8+Becks+Cove,+St.+John&#039;s,+NL+A1C+1H5\/@47.5625582,-52.709759,16z\/data=!3m1!4b1!4m6!3m5!1s0x4b0ca3bb0f71e7f3:0x6b6cad5601949ff6!8m2!3d47.5625582!4d-52.709759!16s%2Fg%2F11rg5xx0qz?entry=ttu&#038;g_ep=EgoyMDI1MDUxMy4xIKXMDSoASAFQAw%3D%3D\">\n\t\t\t\t\t\t\t<img fetchpriority=\"high\" decoding=\"async\" width=\"473\" height=\"472\" src=\"https:\/\/catca.ca\/wp-content\/uploads\/2025\/05\/map-fr-1.png\" class=\"attachment-large size-large wp-image-27151\" alt=\"\" srcset=\"https:\/\/catca.ca\/wp-content\/uploads\/2025\/05\/map-fr-1.png 473w, https:\/\/catca.ca\/wp-content\/uploads\/2025\/05\/map-fr-1-300x300.png 300w, https:\/\/catca.ca\/wp-content\/uploads\/2025\/05\/map-fr-1-150x150.png 150w, https:\/\/catca.ca\/wp-content\/uploads\/2025\/05\/map-fr-1-24x24.png 24w, https:\/\/catca.ca\/wp-content\/uploads\/2025\/05\/map-fr-1-36x36.png 36w, https:\/\/catca.ca\/wp-content\/uploads\/2025\/05\/map-fr-1-48x48.png 48w\" sizes=\"(max-width: 473px) 100vw, 473px\" \/>\t\t\t\t\t\t\t\t<\/a>\n\t\t\t\t\t\t\t\t\t\t\t\t\t\t\t<\/div>\n\t\t\t\t<\/div>\n\t\t\t\t\t<\/div>\n\t\t\t\t<\/div>\n\t\t\t\t<\/div>\n\t\t\t\t\t<\/details>\n\t\t\t\t\t\t<details id=\"e-n-accordion-item-5371\" class=\"e-n-accordion-item\" >\n\t\t\t\t<summary class=\"e-n-accordion-item-title\" data-accordion-index=\"2\" tabindex=\"-1\" aria-expanded=\"false\" aria-controls=\"e-n-accordion-item-5371\" >\n\t\t\t\t\t<span class='e-n-accordion-item-title-header'><div class=\"e-n-accordion-item-title-text\"> Dimanche 1er juin 2025  \u2013 Accueil hors site du CO \u2013 The Trinity Pub (8 Becks Cove \u2013 \u00abrue George \u00bb) <\/div><\/span>\n\t\t\t\t\t\t\t<span class='e-n-accordion-item-title-icon'>\n\t\t\t<span class='e-opened' ><svg aria-hidden=\"true\" class=\"e-font-icon-svg e-fas-minus\" viewBox=\"0 0 448 512\" xmlns=\"http:\/\/www.w3.org\/2000\/svg\"><path d=\"M416 208H32c-17.67 0-32 14.33-32 32v32c0 17.67 14.33 32 32 32h384c17.67 0 32-14.33 32-32v-32c0-17.67-14.33-32-32-32z\"><\/path><\/svg><\/span>\n\t\t\t<span class='e-closed'><svg aria-hidden=\"true\" class=\"e-font-icon-svg e-fas-plus\" viewBox=\"0 0 448 512\" xmlns=\"http:\/\/www.w3.org\/2000\/svg\"><path d=\"M416 208H272V64c0-17.67-14.33-32-32-32h-32c-17.67 0-32 14.33-32 32v144H32c-17.67 0-32 14.33-32 32v32c0 17.67 14.33 32 32 32h144v144c0 17.67 14.33 32 32 32h32c17.67 0 32-14.33 32-32V304h144c17.67 0 32-14.33 32-32v-32c0-17.67-14.33-32-32-32z\"><\/path><\/svg><\/span>\n\t\t<\/span>\n\n\t\t\t\t\t\t<\/summary>\n\t\t\t\t<div role=\"region\" aria-labelledby=\"e-n-accordion-item-5371\" class=\"elementor-element elementor-element-0f2d2d6 e-con-full e-flex e-con e-child\" data-id=\"0f2d2d6\" data-element_type=\"container\" data-e-type=\"container\">\n\t\t\t\t<div class=\"elementor-element elementor-element-59cc619 elementor-widget elementor-widget-text-editor\" data-id=\"59cc619\" data-element_type=\"widget\" data-e-type=\"widget\" data-widget_type=\"text-editor.default\">\n\t\t\t\t<div class=\"elementor-widget-container\">\n\t\t\t\t\t\t\t\t\t<p><span style=\"color: #ffffff;\">Rejoignez-nous pour de<\/span> <a href=\"https:\/\/www.instagram.com\/celticconnectionnl?igsh=bXRiaWc4MmNidHgy\">la musique live<\/a> <span style=\"color: #ffffff;\">et des boissons \u00e0 la r\u00e9ception de bienvenue du comit\u00e9 d&rsquo;organisation !<\/span><\/p><h4><span style=\"color: #ffffff;\"><span style=\"text-decoration: underline;\">Le dimanche 1er juin \u00e0 partir de 18h00<\/span> jusqu&rsquo;\u00e0 la c\u00e9r\u00e9monie d&rsquo;ouverture qui d\u00e9butera \u00e0 21h30 !<\/span><\/h4><p><span style=\"color: #ffffff;\">Ne vous inqui\u00e9tez pas, tous les \u00e9v\u00e9nements se d\u00e9rouleront dans la m\u00eame salle du Delta : la Harbourview Ballroom.<\/span><\/p><h3 style=\"text-align: center;\"><span style=\"color: #ffffff;\">Musique live par<\/span> <a href=\"https:\/\/www.instagram.com\/celticconnectionnl?igsh=bXRiaWc4MmNidHgy\">The Celtic Connection<\/a>.<\/h3><p style=\"text-align: center;\"><span style=\"color: #ffffff;\">Les Celtic Connection sont originaires<\/span> <a href=\"https:\/\/www.google.com\/maps\/place\/Avalon+Peninsula\/@47.4214969,-53.2009137,10.33z\/data=!4m6!3m5!1s0x4b0cd46fb817ca05:0x99609954c3a44aec!8m2!3d47.3333333!4d-53.5000001!16s%2Fg%2F1hc7gk3np?entry=ttu&amp;g_ep=EgoyMDI1MDUyNy4wIKXMDSoASAFQAw%3D%3D\">de la c\u00f4te sud de la p\u00e9ninsule d&rsquo;Avalon, \u00e0 Terre-Neuve<\/a>.<\/p>\t\t\t\t\t\t\t\t<\/div>\n\t\t\t\t<\/div>\n\t\t\t\t<div class=\"elementor-element elementor-element-094b0a6 elementor-widget elementor-widget-image\" data-id=\"094b0a6\" data-element_type=\"widget\" data-e-type=\"widget\" data-widget_type=\"image.default\">\n\t\t\t\t<div class=\"elementor-widget-container\">\n\t\t\t\t\t\t\t\t\t\t\t\t\t\t\t<img decoding=\"async\" width=\"800\" height=\"533\" data-src=\"https:\/\/catca.ca\/wp-content\/uploads\/2025\/05\/481060478_569555429458708_7925496244604603789_n.jpg\" class=\"attachment-large size-large wp-image-27515 lazyload\" alt=\"\" data-srcset=\"https:\/\/catca.ca\/wp-content\/uploads\/2025\/05\/481060478_569555429458708_7925496244604603789_n.jpg 960w, https:\/\/catca.ca\/wp-content\/uploads\/2025\/05\/481060478_569555429458708_7925496244604603789_n-300x200.jpg 300w, https:\/\/catca.ca\/wp-content\/uploads\/2025\/05\/481060478_569555429458708_7925496244604603789_n-768x512.jpg 768w, https:\/\/catca.ca\/wp-content\/uploads\/2025\/05\/481060478_569555429458708_7925496244604603789_n-24x16.jpg 24w, https:\/\/catca.ca\/wp-content\/uploads\/2025\/05\/481060478_569555429458708_7925496244604603789_n-36x24.jpg 36w, https:\/\/catca.ca\/wp-content\/uploads\/2025\/05\/481060478_569555429458708_7925496244604603789_n-48x32.jpg 48w\" data-sizes=\"(max-width: 800px) 100vw, 800px\" src=\"data:image\/svg+xml;base64,PHN2ZyB3aWR0aD0iMSIgaGVpZ2h0PSIxIiB4bWxucz0iaHR0cDovL3d3dy53My5vcmcvMjAwMC9zdmciPjwvc3ZnPg==\" style=\"--smush-placeholder-width: 800px; --smush-placeholder-aspect-ratio: 800\/533;\" \/>\t\t\t\t\t\t\t\t\t\t\t\t\t\t\t<\/div>\n\t\t\t\t<\/div>\n\t\t\t\t<div class=\"elementor-element elementor-element-8ea493b elementor-widget elementor-widget-image\" data-id=\"8ea493b\" data-element_type=\"widget\" data-e-type=\"widget\" data-widget_type=\"image.default\">\n\t\t\t\t<div class=\"elementor-widget-container\">\n\t\t\t\t\t\t\t\t\t\t\t\t\t\t\t\t<a href=\"https:\/\/fogdistillery.com\/\">\n\t\t\t\t\t\t\t<img decoding=\"async\" width=\"300\" height=\"300\" data-src=\"https:\/\/catca.ca\/wp-content\/uploads\/2025\/05\/Fog_Logo_w_text_on_white_background-3-300x300.png\" class=\"attachment-medium size-medium wp-image-27558 lazyload\" alt=\"\" data-srcset=\"https:\/\/catca.ca\/wp-content\/uploads\/2025\/05\/Fog_Logo_w_text_on_white_background-3-300x300.png 300w, https:\/\/catca.ca\/wp-content\/uploads\/2025\/05\/Fog_Logo_w_text_on_white_background-3-150x150.png 150w, https:\/\/catca.ca\/wp-content\/uploads\/2025\/05\/Fog_Logo_w_text_on_white_background-3-768x768.png 768w, https:\/\/catca.ca\/wp-content\/uploads\/2025\/05\/Fog_Logo_w_text_on_white_background-3-24x24.png 24w, https:\/\/catca.ca\/wp-content\/uploads\/2025\/05\/Fog_Logo_w_text_on_white_background-3-36x36.png 36w, https:\/\/catca.ca\/wp-content\/uploads\/2025\/05\/Fog_Logo_w_text_on_white_background-3-48x48.png 48w, https:\/\/catca.ca\/wp-content\/uploads\/2025\/05\/Fog_Logo_w_text_on_white_background-3.png 1000w\" data-sizes=\"(max-width: 300px) 100vw, 300px\" src=\"data:image\/svg+xml;base64,PHN2ZyB3aWR0aD0iMSIgaGVpZ2h0PSIxIiB4bWxucz0iaHR0cDovL3d3dy53My5vcmcvMjAwMC9zdmciPjwvc3ZnPg==\" style=\"--smush-placeholder-width: 300px; --smush-placeholder-aspect-ratio: 300\/300;\" \/>\t\t\t\t\t\t\t\t<\/a>\n\t\t\t\t\t\t\t\t\t\t\t\t\t\t\t<\/div>\n\t\t\t\t<\/div>\n\t\t\t\t<\/div>\n\t\t\t\t\t<\/details>\n\t\t\t\t\t\t<details id=\"e-n-accordion-item-5372\" class=\"e-n-accordion-item\" >\n\t\t\t\t<summary class=\"e-n-accordion-item-title\" data-accordion-index=\"3\" tabindex=\"-1\" aria-expanded=\"false\" aria-controls=\"e-n-accordion-item-5372\" >\n\t\t\t\t\t<span class='e-n-accordion-item-title-header'><div class=\"e-n-accordion-item-title-text\"> Lundi 2 juin 2025 \u2013 Souper hors site h\u00e9berg\u00e9 par le CO (The Rooms) <\/div><\/span>\n\t\t\t\t\t\t\t<span class='e-n-accordion-item-title-icon'>\n\t\t\t<span class='e-opened' ><svg aria-hidden=\"true\" class=\"e-font-icon-svg e-fas-minus\" viewBox=\"0 0 448 512\" xmlns=\"http:\/\/www.w3.org\/2000\/svg\"><path d=\"M416 208H32c-17.67 0-32 14.33-32 32v32c0 17.67 14.33 32 32 32h384c17.67 0 32-14.33 32-32v-32c0-17.67-14.33-32-32-32z\"><\/path><\/svg><\/span>\n\t\t\t<span class='e-closed'><svg aria-hidden=\"true\" class=\"e-font-icon-svg e-fas-plus\" viewBox=\"0 0 448 512\" xmlns=\"http:\/\/www.w3.org\/2000\/svg\"><path d=\"M416 208H272V64c0-17.67-14.33-32-32-32h-32c-17.67 0-32 14.33-32 32v144H32c-17.67 0-32 14.33-32 32v32c0 17.67 14.33 32 32 32h144v144c0 17.67 14.33 32 32 32h32c17.67 0 32-14.33 32-32V304h144c17.67 0 32-14.33 32-32v-32c0-17.67-14.33-32-32-32z\"><\/path><\/svg><\/span>\n\t\t<\/span>\n\n\t\t\t\t\t\t<\/summary>\n\t\t\t\t<div role=\"region\" aria-labelledby=\"e-n-accordion-item-5372\" class=\"elementor-element elementor-element-0c4ae9f e-con-full e-flex e-con e-child\" data-id=\"0c4ae9f\" data-element_type=\"container\" data-e-type=\"container\">\n\t\t<div role=\"region\" aria-labelledby=\"e-n-accordion-item-5372\" class=\"elementor-element elementor-element-5ca1748 e-grid e-con-boxed e-con e-child\" data-id=\"5ca1748\" data-element_type=\"container\" data-e-type=\"container\">\n\t\t\t\t\t<div class=\"e-con-inner\">\n\t\t\t\t<div class=\"elementor-element elementor-element-528cf14 elementor-widget elementor-widget-image\" data-id=\"528cf14\" data-element_type=\"widget\" data-e-type=\"widget\" data-widget_type=\"image.default\">\n\t\t\t\t<div class=\"elementor-widget-container\">\n\t\t\t\t\t\t\t\t\t\t\t\t\t\t\t<img decoding=\"async\" width=\"731\" height=\"1024\" data-src=\"https:\/\/catca.ca\/wp-content\/uploads\/2025\/05\/Offsite-Event-1-FR-731x1024.jpeg\" class=\"attachment-large size-large wp-image-27140 lazyload\" alt=\"\" data-srcset=\"https:\/\/catca.ca\/wp-content\/uploads\/2025\/05\/Offsite-Event-1-FR-731x1024.jpeg 731w, https:\/\/catca.ca\/wp-content\/uploads\/2025\/05\/Offsite-Event-1-FR-214x300.jpeg 214w, https:\/\/catca.ca\/wp-content\/uploads\/2025\/05\/Offsite-Event-1-FR-768x1076.jpeg 768w, https:\/\/catca.ca\/wp-content\/uploads\/2025\/05\/Offsite-Event-1-FR-1097x1536.jpeg 1097w, https:\/\/catca.ca\/wp-content\/uploads\/2025\/05\/Offsite-Event-1-FR-17x24.jpeg 17w, https:\/\/catca.ca\/wp-content\/uploads\/2025\/05\/Offsite-Event-1-FR-26x36.jpeg 26w, https:\/\/catca.ca\/wp-content\/uploads\/2025\/05\/Offsite-Event-1-FR-34x48.jpeg 34w, https:\/\/catca.ca\/wp-content\/uploads\/2025\/05\/Offsite-Event-1-FR.jpeg 1428w\" data-sizes=\"(max-width: 731px) 100vw, 731px\" src=\"data:image\/svg+xml;base64,PHN2ZyB3aWR0aD0iMSIgaGVpZ2h0PSIxIiB4bWxucz0iaHR0cDovL3d3dy53My5vcmcvMjAwMC9zdmciPjwvc3ZnPg==\" style=\"--smush-placeholder-width: 731px; --smush-placeholder-aspect-ratio: 731\/1024;\" \/>\t\t\t\t\t\t\t\t\t\t\t\t\t\t\t<\/div>\n\t\t\t\t<\/div>\n\t\t\t\t<div class=\"elementor-element elementor-element-30e9480 elementor-widget elementor-widget-image\" data-id=\"30e9480\" data-element_type=\"widget\" data-e-type=\"widget\" data-widget_type=\"image.default\">\n\t\t\t\t<div class=\"elementor-widget-container\">\n\t\t\t\t\t\t\t\t\t\t\t\t\t\t\t<img decoding=\"async\" width=\"731\" height=\"1024\" data-src=\"https:\/\/catca.ca\/wp-content\/uploads\/2025\/05\/Offsite-Event-2-FR-731x1024.jpeg\" class=\"attachment-large size-large wp-image-27142 lazyload\" alt=\"\" data-srcset=\"https:\/\/catca.ca\/wp-content\/uploads\/2025\/05\/Offsite-Event-2-FR-731x1024.jpeg 731w, https:\/\/catca.ca\/wp-content\/uploads\/2025\/05\/Offsite-Event-2-FR-214x300.jpeg 214w, https:\/\/catca.ca\/wp-content\/uploads\/2025\/05\/Offsite-Event-2-FR-768x1076.jpeg 768w, https:\/\/catca.ca\/wp-content\/uploads\/2025\/05\/Offsite-Event-2-FR-1097x1536.jpeg 1097w, https:\/\/catca.ca\/wp-content\/uploads\/2025\/05\/Offsite-Event-2-FR-17x24.jpeg 17w, https:\/\/catca.ca\/wp-content\/uploads\/2025\/05\/Offsite-Event-2-FR-26x36.jpeg 26w, https:\/\/catca.ca\/wp-content\/uploads\/2025\/05\/Offsite-Event-2-FR-34x48.jpeg 34w, https:\/\/catca.ca\/wp-content\/uploads\/2025\/05\/Offsite-Event-2-FR.jpeg 1428w\" data-sizes=\"(max-width: 731px) 100vw, 731px\" src=\"data:image\/svg+xml;base64,PHN2ZyB3aWR0aD0iMSIgaGVpZ2h0PSIxIiB4bWxucz0iaHR0cDovL3d3dy53My5vcmcvMjAwMC9zdmciPjwvc3ZnPg==\" style=\"--smush-placeholder-width: 731px; --smush-placeholder-aspect-ratio: 731\/1024;\" \/>\t\t\t\t\t\t\t\t\t\t\t\t\t\t\t<\/div>\n\t\t\t\t<\/div>\n\t\t\t\t\t<\/div>\n\t\t\t\t<\/div>\n\t\t\t\t<\/div>\n\t\t\t\t\t<\/details>\n\t\t\t\t\t\t<details id=\"e-n-accordion-item-5373\" class=\"e-n-accordion-item\" >\n\t\t\t\t<summary class=\"e-n-accordion-item-title\" data-accordion-index=\"4\" tabindex=\"-1\" aria-expanded=\"false\" aria-controls=\"e-n-accordion-item-5373\" >\n\t\t\t\t\t<span class='e-n-accordion-item-title-header'><div class=\"e-n-accordion-item-title-text\"> Mercredi 4 juin 2025 -- Banquet de Cl\u00f4ture <\/div><\/span>\n\t\t\t\t\t\t\t<span class='e-n-accordion-item-title-icon'>\n\t\t\t<span class='e-opened' ><svg aria-hidden=\"true\" class=\"e-font-icon-svg e-fas-minus\" viewBox=\"0 0 448 512\" xmlns=\"http:\/\/www.w3.org\/2000\/svg\"><path d=\"M416 208H32c-17.67 0-32 14.33-32 32v32c0 17.67 14.33 32 32 32h384c17.67 0 32-14.33 32-32v-32c0-17.67-14.33-32-32-32z\"><\/path><\/svg><\/span>\n\t\t\t<span class='e-closed'><svg aria-hidden=\"true\" class=\"e-font-icon-svg e-fas-plus\" viewBox=\"0 0 448 512\" xmlns=\"http:\/\/www.w3.org\/2000\/svg\"><path d=\"M416 208H272V64c0-17.67-14.33-32-32-32h-32c-17.67 0-32 14.33-32 32v144H32c-17.67 0-32 14.33-32 32v32c0 17.67 14.33 32 32 32h144v144c0 17.67 14.33 32 32 32h32c17.67 0 32-14.33 32-32V304h144c17.67 0 32-14.33 32-32v-32c0-17.67-14.33-32-32-32z\"><\/path><\/svg><\/span>\n\t\t<\/span>\n\n\t\t\t\t\t\t<\/summary>\n\t\t\t\t<div role=\"region\" aria-labelledby=\"e-n-accordion-item-5373\" class=\"elementor-element elementor-element-313ce0d e-flex e-con-boxed e-con e-child\" data-id=\"313ce0d\" data-element_type=\"container\" data-e-type=\"container\">\n\t\t\t\t\t<div class=\"e-con-inner\">\n\t\t\t\t<div class=\"elementor-element elementor-element-ea1eb50 elementor-widget elementor-widget-text-editor\" data-id=\"ea1eb50\" data-element_type=\"widget\" data-e-type=\"widget\" data-widget_type=\"text-editor.default\">\n\t\t\t\t<div class=\"elementor-widget-container\">\n\t\t\t\t\t\t\t\t\t<p><span style=\"color: #ffffff;\">Bonjour!<\/span><br \/><span style=\"color: #ffffff;\">\u00c0 l\u2019approche de notre convention de juin, nous sommes ravis de vous inviter \u00e0 prendre part \u00e0 l\u2019un des moments les plus attendus : notre banquet de cl\u00f4ture et la c\u00e9r\u00e9monie de remise des prix. Nous esp\u00e9rons que vous et votre\/vos accompagnateur(trice)(s) avez h\u00e2te de c\u00e9l\u00e9brer avec nous \u2014 et surtout de d\u00e9couvrir les d\u00e9licieux plats que nous avons pr\u00e9par\u00e9s pour l\u2019occasion.<\/span> <a id=\"m_7725097667251127681OWAd90eaa65-972a-277e-203d-7ad7707f0bed\" title=\"https:\/\/forms.gle\/ZYb2oiwdYwusWjLi6\" href=\"https:\/\/forms.gle\/ZYb2oiwdYwusWjLi6\" target=\"_blank\" rel=\"noopener\" data-saferedirecturl=\"https:\/\/www.google.com\/url?q=https:\/\/forms.gle\/ZYb2oiwdYwusWjLi6&amp;source=gmail&amp;ust=1748043446848000&amp;usg=AOvVaw3JWqkLx5O9ntJle5JvahMu\"> Ce court formulaire nous permettra de rendre votre exp\u00e9rience agr\u00e9able, personnalis\u00e9e et m\u00e9morable.<\/a><br \/><br \/><span style=\"color: #ffffff;\">Merci d\u2019avance de prendre un moment pour le remplir \u2014 nous avons bien h\u00e2te de c\u00e9l\u00e9brer \u00e0 vos c\u00f4t\u00e9s !<\/span><br \/><br \/><span style=\"color: #ffffff;\"><b>Si vous \u00eates accompangn\u00e9 d&rsquo;un conjoint ou d&rsquo;un invit\u00e9 au banquet, veillez \u00e0 ce qu&rsquo;il remplisse \u00e9galement ce questionnaire &#8211; ou n&rsquo;h\u00e9sitez pas \u00e0 le faire en son nom.<\/b><\/span><\/p>\t\t\t\t\t\t\t\t<\/div>\n\t\t\t\t<\/div>\n\t\t\t\t<div class=\"elementor-element elementor-element-45ce052 elementor-widget elementor-widget-image\" data-id=\"45ce052\" data-element_type=\"widget\" data-e-type=\"widget\" data-widget_type=\"image.default\">\n\t\t\t\t<div class=\"elementor-widget-container\">\n\t\t\t\t\t\t\t\t\t\t\t\t\t\t\t<img decoding=\"async\" width=\"731\" height=\"1024\" data-src=\"https:\/\/catca.ca\/wp-content\/uploads\/2025\/05\/White-with-Gold-Elegant-Birthday-Party-Invitation2-731x1024.png\" class=\"attachment-large size-large wp-image-27293 lazyload\" alt=\"\" data-srcset=\"https:\/\/catca.ca\/wp-content\/uploads\/2025\/05\/White-with-Gold-Elegant-Birthday-Party-Invitation2-731x1024.png 731w, https:\/\/catca.ca\/wp-content\/uploads\/2025\/05\/White-with-Gold-Elegant-Birthday-Party-Invitation2-214x300.png 214w, https:\/\/catca.ca\/wp-content\/uploads\/2025\/05\/White-with-Gold-Elegant-Birthday-Party-Invitation2-768x1076.png 768w, https:\/\/catca.ca\/wp-content\/uploads\/2025\/05\/White-with-Gold-Elegant-Birthday-Party-Invitation2-1097x1536.png 1097w, https:\/\/catca.ca\/wp-content\/uploads\/2025\/05\/White-with-Gold-Elegant-Birthday-Party-Invitation2-17x24.png 17w, https:\/\/catca.ca\/wp-content\/uploads\/2025\/05\/White-with-Gold-Elegant-Birthday-Party-Invitation2-26x36.png 26w, https:\/\/catca.ca\/wp-content\/uploads\/2025\/05\/White-with-Gold-Elegant-Birthday-Party-Invitation2-34x48.png 34w, https:\/\/catca.ca\/wp-content\/uploads\/2025\/05\/White-with-Gold-Elegant-Birthday-Party-Invitation2.png 1428w\" data-sizes=\"(max-width: 731px) 100vw, 731px\" src=\"data:image\/svg+xml;base64,PHN2ZyB3aWR0aD0iMSIgaGVpZ2h0PSIxIiB4bWxucz0iaHR0cDovL3d3dy53My5vcmcvMjAwMC9zdmciPjwvc3ZnPg==\" style=\"--smush-placeholder-width: 731px; --smush-placeholder-aspect-ratio: 731\/1024;\" \/>\t\t\t\t\t\t\t\t\t\t\t\t\t\t\t<\/div>\n\t\t\t\t<\/div>\n\t\t\t\t<div class=\"elementor-element elementor-element-7804c80 elementor-widget elementor-widget-heading\" data-id=\"7804c80\" data-element_type=\"widget\" data-e-type=\"widget\" data-widget_type=\"heading.default\">\n\t\t\t\t<div class=\"elementor-widget-container\">\n\t\t\t\t\t<h2 class=\"elementor-heading-title elementor-size-default\">Merci \u00e0 nos sponsors!<\/h2>\t\t\t\t<\/div>\n\t\t\t\t<\/div>\n\t\t\t\t<div class=\"elementor-element elementor-element-65b01c3 elementor-widget elementor-widget-image\" data-id=\"65b01c3\" data-element_type=\"widget\" data-e-type=\"widget\" data-widget_type=\"image.default\">\n\t\t\t\t<div class=\"elementor-widget-container\">\n\t\t\t\t\t\t\t\t\t\t\t\t\t\t\t<img decoding=\"async\" src=\"\" title=\"\" alt=\"anterra wines white\" loading=\"lazy\" \/>\t\t\t\t\t\t\t\t\t\t\t\t\t\t\t<\/div>\n\t\t\t\t<\/div>\n\t\t\t\t\t<\/div>\n\t\t\t\t<\/div>\n\t\t\t\t\t<\/details>\n\t\t\t\t\t<\/div>\n\t\t\t\t\t\t<\/div>\n\t\t\t\t<\/div>\n\t\t\t\t\t<\/div>\n\t\t\t\t<\/div>\n\t\t<div class=\"elementor-element elementor-element-62e31b5 e-flex e-con-boxed e-con e-parent\" data-id=\"62e31b5\" data-element_type=\"container\" data-e-type=\"container\">\n\t\t\t\t\t<div class=\"e-con-inner\">\n\t\t\t\t\t<\/div>\n\t\t\t\t<\/div>\n\t\t\t\t<\/div>\n\t\t","protected":false},"excerpt":{"rendered":"<p>Accueil hors site du CO \u2013 The Trinity Pub (8 Becks Cove \u2013 \u00abrue George \u00bb) quand Dimanche 1er juin 2025 \u2022 22:30 \u2013 01:00 Lundi 2 juin 2025 \u2022 22:00 \u2013 01:00 Mardi 3 juin 2025 \u2022 22:00 \u2013 01:00 Mercredi 4 juin 2025 \u2022 22:00 \u2013 01:00 o\u00f9 8 Becks Cove \u2013 \u201cGeorge [&hellip;]<\/p>\n","protected":false},"author":1983,"featured_media":21814,"parent":23009,"menu_order":0,"comment_status":"closed","ping_status":"closed","template":"","meta":{"_acf_changed":false,"footnotes":""},"folder":[],"class_list":["post-27132","page","type-page","status-publish","has-post-thumbnail","hentry"],"acf":[],"_links":{"self":[{"href":"https:\/\/catca.ca\/fr\/wp-json\/wp\/v2\/pages\/27132","targetHints":{"allow":["GET"]}}],"collection":[{"href":"https:\/\/catca.ca\/fr\/wp-json\/wp\/v2\/pages"}],"about":[{"href":"https:\/\/catca.ca\/fr\/wp-json\/wp\/v2\/types\/page"}],"author":[{"embeddable":true,"href":"https:\/\/catca.ca\/fr\/wp-json\/wp\/v2\/users\/1983"}],"replies":[{"embeddable":true,"href":"https:\/\/catca.ca\/fr\/wp-json\/wp\/v2\/comments?post=27132"}],"version-history":[{"count":31,"href":"https:\/\/catca.ca\/fr\/wp-json\/wp\/v2\/pages\/27132\/revisions"}],"predecessor-version":[{"id":27627,"href":"https:\/\/catca.ca\/fr\/wp-json\/wp\/v2\/pages\/27132\/revisions\/27627"}],"up":[{"embeddable":true,"href":"https:\/\/catca.ca\/fr\/wp-json\/wp\/v2\/pages\/23009"}],"wp:featuredmedia":[{"embeddable":true,"href":"https:\/\/catca.ca\/fr\/wp-json\/wp\/v2\/media\/21814"}],"wp:attachment":[{"href":"https:\/\/catca.ca\/fr\/wp-json\/wp\/v2\/media?parent=27132"}],"wp:term":[{"taxonomy":"folder","embeddable":true,"href":"https:\/\/catca.ca\/fr\/wp-json\/wp\/v2\/folder?post=27132"}],"curies":[{"name":"wp","href":"https:\/\/api.w.org\/{rel}","templated":true}]}}