{"id":26216,"date":"2025-03-17T21:11:12","date_gmt":"2025-03-18T01:11:12","guid":{"rendered":"https:\/\/catca.ca\/?page_id=26216"},"modified":"2025-05-30T01:26:56","modified_gmt":"2025-05-30T05:26:56","slug":"screech-in-le-congres-2025","status":"publish","type":"page","link":"https:\/\/catca.ca\/fr\/le-congres-2025\/screech-in-le-congres-2025\/","title":{"rendered":"Screech-In | Le congr\u00e8s 2025"},"content":{"rendered":"\t\t<div data-elementor-type=\"wp-page\" data-elementor-id=\"26216\" class=\"elementor elementor-26216\" data-elementor-post-type=\"page\">\n\t\t\t\t<div class=\"elementor-element elementor-element-5f66909 e-flex e-con-boxed e-con e-parent\" data-id=\"5f66909\" data-element_type=\"container\" data-e-type=\"container\">\n\t\t\t\t\t<div class=\"e-con-inner\">\n\t\t\t\t<div class=\"elementor-element elementor-element-224bc78 elementor-widget elementor-widget-image\" data-id=\"224bc78\" data-element_type=\"widget\" data-e-type=\"widget\" data-widget_type=\"image.default\">\n\t\t\t\t<div class=\"elementor-widget-container\">\n\t\t\t\t\t\t\t\t\t\t\t\t\t\t\t<img decoding=\"async\" width=\"203\" height=\"225\" data-src=\"https:\/\/catca.ca\/wp-content\/uploads\/2025\/03\/Screech-In-Pic.jpg\" class=\"attachment-large size-large wp-image-26190 lazyload\" alt=\"\" data-srcset=\"https:\/\/catca.ca\/wp-content\/uploads\/2025\/03\/Screech-In-Pic.jpg 203w, https:\/\/catca.ca\/wp-content\/uploads\/2025\/03\/Screech-In-Pic-22x24.jpg 22w, https:\/\/catca.ca\/wp-content\/uploads\/2025\/03\/Screech-In-Pic-32x36.jpg 32w, https:\/\/catca.ca\/wp-content\/uploads\/2025\/03\/Screech-In-Pic-43x48.jpg 43w\" data-sizes=\"(max-width: 203px) 100vw, 203px\" src=\"data:image\/svg+xml;base64,PHN2ZyB3aWR0aD0iMSIgaGVpZ2h0PSIxIiB4bWxucz0iaHR0cDovL3d3dy53My5vcmcvMjAwMC9zdmciPjwvc3ZnPg==\" style=\"--smush-placeholder-width: 203px; --smush-placeholder-aspect-ratio: 203\/225;\" \/>\t\t\t\t\t\t\t\t\t\t\t\t\t\t\t<\/div>\n\t\t\t\t<\/div>\n\t\t\t\t\t<\/div>\n\t\t\t\t<\/div>\n\t\t<div class=\"elementor-element elementor-element-cb2a413 e-flex e-con-boxed e-con e-parent\" data-id=\"cb2a413\" data-element_type=\"container\" data-e-type=\"container\">\n\t\t\t\t\t<div class=\"e-con-inner\">\n\t\t\t\t<div class=\"elementor-element elementor-element-59ed4b3 elementor-widget elementor-widget-text-editor\" data-id=\"59ed4b3\" data-element_type=\"widget\" data-e-type=\"widget\" data-widget_type=\"text-editor.default\">\n\t\t\t\t<div class=\"elementor-widget-container\">\n\t\t\t\t\t\t\t\t\t<h4>QU&rsquo;EST-CE QU&rsquo;UN SCREECH-IN (\u00ab\u00a0hurlement\u00a0\u00bb) ?<\/h4>\t\t\t\t\t\t\t\t<\/div>\n\t\t\t\t<\/div>\n\t\t\t\t\t<\/div>\n\t\t\t\t<\/div>\n\t\t<div class=\"elementor-element elementor-element-ef7ce14 e-flex e-con-boxed e-con e-parent\" data-id=\"ef7ce14\" data-element_type=\"container\" data-e-type=\"container\">\n\t\t\t\t\t<div class=\"e-con-inner\">\n\t\t\t\t<div class=\"elementor-element elementor-element-a4f94e0 elementor-widget elementor-widget-text-editor\" data-id=\"a4f94e0\" data-element_type=\"widget\" data-e-type=\"widget\" data-widget_type=\"text-editor.default\">\n\t\t\t\t<div class=\"elementor-widget-container\">\n\t\t\t\t\t\t\t\t\t<h5>Un \u00ab screech-in \u00bb est une c\u00e9r\u00e9monie terre-neuvienne qui accueille les non-Terre-Neuviens dans la communaut\u00e9 en leur conf\u00e9rant le titre de \u00ab Terre-Neuvien honoraire \u00bb. La c\u00e9r\u00e9monie consiste \u00e0 boire du rhum Screech de Terre-Neuve, \u00e0 embrasser une morue et \u00e0 r\u00e9citer une courte phrase.<\/h5>\t\t\t\t\t\t\t\t<\/div>\n\t\t\t\t<\/div>\n\t\t\t\t<div class=\"elementor-element elementor-element-28020fc elementor-widget elementor-widget-text-editor\" data-id=\"28020fc\" data-element_type=\"widget\" data-e-type=\"widget\" data-widget_type=\"text-editor.default\">\n\t\t\t\t<div class=\"elementor-widget-container\">\n\t\t\t\t\t\t\t\t\t<h4>O\u00d9 ? QUAND ?<\/h4>\t\t\t\t\t\t\t\t<\/div>\n\t\t\t\t<\/div>\n\t\t\t\t\t<\/div>\n\t\t\t\t<\/div>\n\t\t<div class=\"elementor-element elementor-element-5dff215 e-flex e-con-boxed e-con e-parent\" data-id=\"5dff215\" data-element_type=\"container\" data-e-type=\"container\">\n\t\t\t\t\t<div class=\"e-con-inner\">\n\t\t\t\t<div class=\"elementor-element elementor-element-233188e elementor-widget elementor-widget-text-editor\" data-id=\"233188e\" data-element_type=\"widget\" data-e-type=\"widget\" data-widget_type=\"text-editor.default\">\n\t\t\t\t<div class=\"elementor-widget-container\">\n\t\t\t\t\t\t\t\t\t<h5>Cette c\u00e9r\u00e9monie aura lieu lors de l&rsquo;accueil dans le salon A de l&rsquo;h\u00f4tel Delta.<\/h5><h5>Le 1er juin \u00e0 21h30.<\/h5>\t\t\t\t\t\t\t\t<\/div>\n\t\t\t\t<\/div>\n\t\t\t\t<div class=\"elementor-element elementor-element-60c7a0c elementor-widget elementor-widget-text-editor\" data-id=\"60c7a0c\" data-element_type=\"widget\" data-e-type=\"widget\" data-widget_type=\"text-editor.default\">\n\t\t\t\t<div class=\"elementor-widget-container\">\n\t\t\t\t\t\t\t\t\t<h4>COMMENT ?<\/h4>\t\t\t\t\t\t\t\t<\/div>\n\t\t\t\t<\/div>\n\t\t\t\t<div class=\"elementor-element elementor-element-cf50b5d elementor-widget elementor-widget-text-editor\" data-id=\"cf50b5d\" data-element_type=\"widget\" data-e-type=\"widget\" data-widget_type=\"text-editor.default\">\n\t\t\t\t<div class=\"elementor-widget-container\">\n\t\t\t\t\t\t\t\t\t<h5>Pour vous inscrire, envoyez votre nom complet et votre section \u00e0 :<\/h5><h5><a href=\"mailto:conventionscreechin@gmail.com\">conventionscreechin@gmail.com<\/a><\/h5><h5>***L&rsquo;\u00e9v\u00e9nement est gratuit. La c\u00e9r\u00e9monie sera c\u00e9l\u00e9br\u00e9e par Bert Peddle, contr\u00f4leur domestique de QX Low.<\/h5>\t\t\t\t\t\t\t\t<\/div>\n\t\t\t\t<\/div>\n\t\t\t\t\t<\/div>\n\t\t\t\t<\/div>\n\t\t<div class=\"elementor-element elementor-element-6863745 e-flex e-con-boxed e-con e-parent\" data-id=\"6863745\" data-element_type=\"container\" data-e-type=\"container\">\n\t\t\t\t\t<div class=\"e-con-inner\">\n\t\t\t\t<div class=\"elementor-element elementor-element-b89b2b4 elementor-widget elementor-widget-text-editor\" data-id=\"b89b2b4\" data-element_type=\"widget\" data-e-type=\"widget\" data-widget_type=\"text-editor.default\">\n\t\t\t\t<div class=\"elementor-widget-container\">\n\t\t\t\t\t\t\t\t\t<h4>S&rsquo;inscrire avant 12h00 HNT, le 11 avril 2025<\/h4>\t\t\t\t\t\t\t\t<\/div>\n\t\t\t\t<\/div>\n\t\t\t\t\t<\/div>\n\t\t\t\t<\/div>\n\t\t<div class=\"elementor-element elementor-element-8de7e5e e-flex e-con-boxed e-con e-parent\" data-id=\"8de7e5e\" data-element_type=\"container\" data-e-type=\"container\">\n\t\t\t\t\t<div class=\"e-con-inner\">\n\t\t\t\t<div class=\"elementor-element elementor-element-8d9ee28 elementor-widget elementor-widget-heading\" data-id=\"8d9ee28\" data-element_type=\"widget\" data-e-type=\"widget\" data-widget_type=\"heading.default\">\n\t\t\t\t<div class=\"elementor-widget-container\">\n\t\t\t\t\t<h2 class=\"elementor-heading-title elementor-size-default\">Merci \u00e0 nos sponsors!<\/h2>\t\t\t\t<\/div>\n\t\t\t\t<\/div>\n\t\t\t\t\t<\/div>\n\t\t\t\t<\/div>\n\t\t<div class=\"elementor-element elementor-element-ece07f9 e-flex e-con-boxed e-con e-parent\" data-id=\"ece07f9\" data-element_type=\"container\" data-e-type=\"container\">\n\t\t\t\t\t<div class=\"e-con-inner\">\n\t\t\t\t<div class=\"elementor-element elementor-element-51220d4 elementor-widget elementor-widget-image\" data-id=\"51220d4\" data-element_type=\"widget\" data-e-type=\"widget\" data-widget_type=\"image.default\">\n\t\t\t\t<div class=\"elementor-widget-container\">\n\t\t\t\t\t\t\t\t\t\t\t\t\t\t\t\t<a href=\"https:\/\/fogdistillery.com\/\">\n\t\t\t\t\t\t\t<img decoding=\"async\" width=\"150\" height=\"150\" data-src=\"https:\/\/catca.ca\/wp-content\/uploads\/2025\/05\/Fog_Logo_w_text_on_white_background-5-150x150.png\" class=\"attachment-thumbnail size-thumbnail wp-image-27590 lazyload\" alt=\"\" data-srcset=\"https:\/\/catca.ca\/wp-content\/uploads\/2025\/05\/Fog_Logo_w_text_on_white_background-5-150x150.png 150w, https:\/\/catca.ca\/wp-content\/uploads\/2025\/05\/Fog_Logo_w_text_on_white_background-5-300x300.png 300w, https:\/\/catca.ca\/wp-content\/uploads\/2025\/05\/Fog_Logo_w_text_on_white_background-5-768x768.png 768w, https:\/\/catca.ca\/wp-content\/uploads\/2025\/05\/Fog_Logo_w_text_on_white_background-5-24x24.png 24w, https:\/\/catca.ca\/wp-content\/uploads\/2025\/05\/Fog_Logo_w_text_on_white_background-5-36x36.png 36w, https:\/\/catca.ca\/wp-content\/uploads\/2025\/05\/Fog_Logo_w_text_on_white_background-5-48x48.png 48w, https:\/\/catca.ca\/wp-content\/uploads\/2025\/05\/Fog_Logo_w_text_on_white_background-5.png 1000w\" data-sizes=\"(max-width: 150px) 100vw, 150px\" src=\"data:image\/svg+xml;base64,PHN2ZyB3aWR0aD0iMSIgaGVpZ2h0PSIxIiB4bWxucz0iaHR0cDovL3d3dy53My5vcmcvMjAwMC9zdmciPjwvc3ZnPg==\" style=\"--smush-placeholder-width: 150px; --smush-placeholder-aspect-ratio: 150\/150;\" \/>\t\t\t\t\t\t\t\t<\/a>\n\t\t\t\t\t\t\t\t\t\t\t\t\t\t\t<\/div>\n\t\t\t\t<\/div>\n\t\t\t\t\t<\/div>\n\t\t\t\t<\/div>\n\t\t\t\t<\/div>\n\t\t","protected":false},"excerpt":{"rendered":"<p>QU&rsquo;EST-CE QU&rsquo;UN SCREECH-IN (\u00ab\u00a0hurlement\u00a0\u00bb) ? Un \u00ab screech-in \u00bb est une c\u00e9r\u00e9monie terre-neuvienne qui accueille les non-Terre-Neuviens dans la communaut\u00e9 en leur conf\u00e9rant le titre de \u00ab Terre-Neuvien honoraire \u00bb. La c\u00e9r\u00e9monie consiste \u00e0 boire du rhum Screech de Terre-Neuve, \u00e0 embrasser une morue et \u00e0 r\u00e9citer une courte phrase. O\u00d9 ? QUAND ? Cette [&hellip;]<\/p>\n","protected":false},"author":1413,"featured_media":21814,"parent":23009,"menu_order":0,"comment_status":"closed","ping_status":"closed","template":"","meta":{"_acf_changed":false,"footnotes":""},"folder":[],"class_list":["post-26216","page","type-page","status-publish","has-post-thumbnail","hentry"],"acf":[],"_links":{"self":[{"href":"https:\/\/catca.ca\/fr\/wp-json\/wp\/v2\/pages\/26216","targetHints":{"allow":["GET"]}}],"collection":[{"href":"https:\/\/catca.ca\/fr\/wp-json\/wp\/v2\/pages"}],"about":[{"href":"https:\/\/catca.ca\/fr\/wp-json\/wp\/v2\/types\/page"}],"author":[{"embeddable":true,"href":"https:\/\/catca.ca\/fr\/wp-json\/wp\/v2\/users\/1413"}],"replies":[{"embeddable":true,"href":"https:\/\/catca.ca\/fr\/wp-json\/wp\/v2\/comments?post=26216"}],"version-history":[{"count":28,"href":"https:\/\/catca.ca\/fr\/wp-json\/wp\/v2\/pages\/26216\/revisions"}],"predecessor-version":[{"id":27594,"href":"https:\/\/catca.ca\/fr\/wp-json\/wp\/v2\/pages\/26216\/revisions\/27594"}],"up":[{"embeddable":true,"href":"https:\/\/catca.ca\/fr\/wp-json\/wp\/v2\/pages\/23009"}],"wp:featuredmedia":[{"embeddable":true,"href":"https:\/\/catca.ca\/fr\/wp-json\/wp\/v2\/media\/21814"}],"wp:attachment":[{"href":"https:\/\/catca.ca\/fr\/wp-json\/wp\/v2\/media?parent=26216"}],"wp:term":[{"taxonomy":"folder","embeddable":true,"href":"https:\/\/catca.ca\/fr\/wp-json\/wp\/v2\/folder?post=26216"}],"curies":[{"name":"wp","href":"https:\/\/api.w.org\/{rel}","templated":true}]}}