{"id":26174,"date":"2025-03-17T05:37:12","date_gmt":"2025-03-17T09:37:12","guid":{"rendered":"https:\/\/catca.ca\/?page_id=26174"},"modified":"2025-06-01T13:19:24","modified_gmt":"2025-06-01T17:19:24","slug":"projet-dordre-du-jour-le-congres-2025","status":"publish","type":"page","link":"https:\/\/catca.ca\/fr\/le-congres-2025\/projet-dordre-du-jour-le-congres-2025\/","title":{"rendered":"Ordre du jour | Le congr\u00e8s 2025"},"content":{"rendered":"\t\t<div data-elementor-type=\"wp-page\" data-elementor-id=\"26174\" class=\"elementor elementor-26174\" data-elementor-post-type=\"page\">\n\t\t\t\t<div class=\"elementor-element elementor-element-5f66909 e-flex e-con-boxed e-con e-parent\" data-id=\"5f66909\" data-element_type=\"container\" data-e-type=\"container\">\n\t\t\t\t\t<div class=\"e-con-inner\">\n\t\t\t\t<div class=\"elementor-element elementor-element-94e070a elementor-widget elementor-widget-heading\" data-id=\"94e070a\" data-element_type=\"widget\" data-e-type=\"widget\" data-widget_type=\"heading.default\">\n\t\t\t\t<div class=\"elementor-widget-container\">\n\t\t\t\t\t<h3 class=\"elementor-heading-title elementor-size-default\">CATCA Congr\u00e8s National 2025<\/h3>\t\t\t\t<\/div>\n\t\t\t\t<\/div>\n\t\t\t\t\t<\/div>\n\t\t\t\t<\/div>\n\t\t<div class=\"elementor-element elementor-element-837ea1f e-flex e-con-boxed e-con e-parent\" data-id=\"837ea1f\" data-element_type=\"container\" data-e-type=\"container\">\n\t\t\t\t\t<div class=\"e-con-inner\">\n\t\t\t\t<div class=\"elementor-element elementor-element-7e3ff58 elementor-widget-divider--view-line elementor-widget elementor-widget-divider\" data-id=\"7e3ff58\" data-element_type=\"widget\" data-e-type=\"widget\" data-widget_type=\"divider.default\">\n\t\t\t\t<div class=\"elementor-widget-container\">\n\t\t\t\t\t\t\t<div class=\"elementor-divider\">\n\t\t\t<span class=\"elementor-divider-separator\">\n\t\t\t\t\t\t<\/span>\n\t\t<\/div>\n\t\t\t\t\t\t<\/div>\n\t\t\t\t<\/div>\n\t\t\t\t\t<\/div>\n\t\t\t\t<\/div>\n\t\t<div class=\"elementor-element elementor-element-e6d1f22 e-flex e-con-boxed e-con e-parent\" data-id=\"e6d1f22\" data-element_type=\"container\" data-e-type=\"container\">\n\t\t\t\t\t<div class=\"e-con-inner\">\n\t\t\t\t<div class=\"elementor-element elementor-element-11efdb7 elementor-widget elementor-widget-text-editor\" data-id=\"11efdb7\" data-element_type=\"widget\" data-e-type=\"widget\" data-widget_type=\"text-editor.default\">\n\t\t\t\t<div class=\"elementor-widget-container\">\n\t\t\t\t\t\t\t\t\t<h1><span style=\"color: #ffffff;\">Dimanche 1er juin 2025<\/span><\/h1><h6><span style=\"color: #ffffff;\">Veuillez noter qu&rsquo;\u00e0 moins d&rsquo;indication contraire, tous les \u00e9v\u00e9nements se d\u00e9roulent dans la salle Avalon \u00e0 l&rsquo;h\u00f4tel Delta.<\/span><\/h6><ul><li><span style=\"color: #ffffff;\">12h00 \u2013 18h00 \u21d2 Inscription (lobby Crush)<\/span><\/li><li><span style=\"color: #ffffff;\">18h00 \u2013 21h00 \u21d2 <a href=\"https:\/\/catca.ca\/fr\/le-congres-2025\/evenements-de-la-convention\/\">R\u00e9ception de bienvenue h\u00e9berg\u00e9 par le CO<\/a> <\/span><span style=\"color: #ffffff;\"><a href=\"https:\/\/catca.ca\/fr\/le-congres-2025\/evenements-de-la-convention\/\">Divertissements en direct (Salle de bal Harbourview).<\/a><\/span><\/li><li><span style=\"color: #ffffff;\">18h00 \u2013 19h00 \u21d2 Cocktails et Hors-d&rsquo;\u0153uvre chauds et froids (hall d&rsquo;entr\u00e9e de Harbourview)<br \/><\/span><\/li><li><span style=\"color: #ffffff;\">21h30 \u2013 22h30 \u21d2 <a href=\"https:\/\/catca.ca\/fr\/le-congres-2025\/screech-in-le-congres-2025\/\">C\u00e9r\u00e9monie du Screech-In (Salle de bal Harbourview)<\/a><\/span><\/li><li><span style=\"color: #ffffff;\">22h30 \u2013 01h00 \u21d2 <a href=\"https:\/\/catca.ca\/fr\/le-congres-2025\/evenements-de-la-convention\/\">Accueil hors site du CO &#8211; The Trinity Pub (lien vers l&rsquo;\u00e9v\u00e9nement)<\/a> &#8211; <a href=\"https:\/\/www.google.com\/maps\/place\/8+Becks+Cove,+St.+John's,+NL+A1C+1H5\/@47.5625582,-52.709759,16z\/data=!3m1!4b1!4m6!3m5!1s0x4b0ca3bb0f71e7f3:0x6b6cad5601949ff6!8m2!3d47.5625582!4d-52.709759!16s%2Fg%2F11rg5xx0qz?entry=ttu&amp;g_ep=EgoyMDI1MDUxMy4xIKXMDSoASAFQAw%3D%3D\">(8 Becks Cove &#8211; \u00abrue George\u00bb <span class=\"--l --r container-target\">c<span class=\"--l --r hover:bg-blue-100 hover:dark:bg-blue-600\">arte<\/span><\/span>)<\/a><\/span><\/li><\/ul>\t\t\t\t\t\t\t\t<\/div>\n\t\t\t\t<\/div>\n\t\t\t\t\t<\/div>\n\t\t\t\t<\/div>\n\t\t<div class=\"elementor-element elementor-element-c9b928f e-flex e-con-boxed e-con e-parent\" data-id=\"c9b928f\" data-element_type=\"container\" data-e-type=\"container\">\n\t\t\t\t\t<div class=\"e-con-inner\">\n\t\t\t\t<div class=\"elementor-element elementor-element-2664654 elementor-widget-divider--view-line elementor-widget elementor-widget-divider\" data-id=\"2664654\" data-element_type=\"widget\" data-e-type=\"widget\" data-widget_type=\"divider.default\">\n\t\t\t\t<div class=\"elementor-widget-container\">\n\t\t\t\t\t\t\t<div class=\"elementor-divider\">\n\t\t\t<span class=\"elementor-divider-separator\">\n\t\t\t\t\t\t<\/span>\n\t\t<\/div>\n\t\t\t\t\t\t<\/div>\n\t\t\t\t<\/div>\n\t\t\t\t\t<\/div>\n\t\t\t\t<\/div>\n\t\t<div class=\"elementor-element elementor-element-de1d923 e-flex e-con-boxed e-con e-parent\" data-id=\"de1d923\" data-element_type=\"container\" data-e-type=\"container\">\n\t\t\t\t\t<div class=\"e-con-inner\">\n\t\t\t\t<div class=\"elementor-element elementor-element-8ea66e0 elementor-widget elementor-widget-text-editor\" data-id=\"8ea66e0\" data-element_type=\"widget\" data-e-type=\"widget\" data-widget_type=\"text-editor.default\">\n\t\t\t\t<div class=\"elementor-widget-container\">\n\t\t\t\t\t\t\t\t\t<h1><span style=\"color: #ffffff;\">Lundi 2 juin 2025<\/span><\/h1><ul><li><span style=\"color: #ffffff;\">07h00 \u2013 08h30 \u21d2 Inscription (<i>lobby Crush<\/i>)<\/span><\/li><li><span style=\"color: #ffffff;\">08h30 \u2013 09h00 \u21d2 <em>Caf\u00e9<\/em><\/span><\/li><li><span style=\"color: #ffffff;\">09h00 \u2013 09h15 \u21d2 Chorale et mot de bienvenue<\/span><\/li><li><span style=\"color: #ffffff;\">09h15 \u2013 10h00 \u21d2 S\u00e9ance 1 \u2013 IFATCA \u2013 Jean-Fran\u00e7ois Lepage<\/span><\/li><li><span style=\"color: #ffffff;\">10h00 \u2013 10h45 \u21d2 S\u00e9ance 2 \u2013 Technologie \u2013 Fred Cosgrove<\/span><\/li><li><span style=\"color: #ffffff;\">10h45 \u2013 11h00 \u21d2 <em>Pause-caf\u00e9<\/em><\/span><\/li><li><span style=\"color: #ffffff;\">11h00 \u2013 12h00 \u21d2 Finances de l&rsquo;ACCTA<\/span><\/li><li><span style=\"color: #ffffff;\">12h:00 \u2013 13h00 \u21d2 <em>D\u00eener<\/em><\/span><\/li><li><span style=\"color: #ffffff;\">13h00 \u2013 13h30 \u21d2 Intervenants Claude Elliott et l&rsquo;honorable Fred Hutton<\/span><\/li><li><span style=\"color: #ffffff;\">13h30 &#8212; 14h00 \u21d2\u00a0 AGM<\/span><\/li><li><span style=\"color: #ffffff;\">14h00 &#8211; 14h15 \u21d2 Discours de Lana Payne<\/span><\/li><li><span style=\"color: #ffffff;\">14h15 &#8212; 14h30 \u21d2 Appel nominal<\/span><\/li><li><span style=\"color: #ffffff;\">14h30 \u2013 15h15 \u21d2 Ouverture du congr\u00e8s<\/span><\/li><li><span style=\"color: #ffffff;\">15h15 \u2013 15h30 \u21d2 <em>Pause-caf\u00e9<\/em><\/span><\/li><li><span style=\"color: #ffffff;\">15h30 \u2013 16h30 \u21d2 S\u00e9ance 3 &#8211; Testament et planification successorale \u2013 Jan Goddard<br \/><\/span><\/li><li><span style=\"color: #ffffff;\">16h30 &#8211; 16h40 \u21d2 Introduction de l&rsquo;organisme caritatif<\/span> <a href=\"https:\/\/donate.hopeair.ca\/page\/171054\/donate\/1\">Hope Air<\/a><\/li><li><span style=\"color: #ffffff;\">18h15 \u2013 18h30 \u21d2 Rassemblement pour le souper hors site <\/span><a href=\"https:\/\/catca.ca\/fr\/le-congres-2025\/evenements-de-la-convention\/\">The Rooms\u00a0<\/a><span style=\"color: #ffffff;\">(Lobby inf\u00e9rieur)<br \/><\/span><\/li><li><span style=\"color: #ffffff;\">18h30 \u2013 19h00 \u21d2 Transport pour le souper hors site<\/span><\/li><li><span style=\"color: #ffffff;\">20h00 \u21d2 Cl\u00f4ture des nominations au conseil d&rsquo;administration<br \/><\/span><\/li><li><span style=\"color: #ffffff;\">18h30 \u2013 22h00 \u21d2 <a href=\"https:\/\/catca.ca\/fr\/le-congres-2025\/evenements-de-la-convention\/\">Souper hors site h\u00e9berg\u00e9 par le CO (The Rooms, transport fourni)<\/a><\/span><\/li><li><span style=\"color: #ffffff;\">22h30 \u2013 01h00 \u21d2 <span style=\"color: #ff0000;\"><a href=\"https:\/\/catca.ca\/fr\/le-congres-2025\/evenements-de-la-convention\/\">Accueil hors site du CO &#8211; The Trinity Pub (lien vers l&rsquo;\u00e9v\u00e9nement)<\/a><span style=\"color: #ffffff;\"> &#8211;<\/span> <\/span><\/span><a href=\"https:\/\/www.google.com\/maps\/place\/8+Becks+Cove,+St.+John's,+NL+A1C+1H5\/@47.5625582,-52.709759,16z\/data=!3m1!4b1!4m6!3m5!1s0x4b0ca3bb0f71e7f3:0x6b6cad5601949ff6!8m2!3d47.5625582!4d-52.709759!16s%2Fg%2F11rg5xx0qz?entry=ttu&amp;g_ep=EgoyMDI1MDUxMy4xIKXMDSoASAFQAw%3D%3D\">(8 Becks Cove &#8211; \u00abrue George \u00bb <span class=\"--l --r container-target\">c<span class=\"--l --r hover:bg-blue-100 hover:dark:bg-blue-600\">arte<\/span><\/span>)<\/a><\/li><\/ul>\t\t\t\t\t\t\t\t<\/div>\n\t\t\t\t<\/div>\n\t\t\t\t\t<\/div>\n\t\t\t\t<\/div>\n\t\t<div class=\"elementor-element elementor-element-61956a0 e-flex e-con-boxed e-con e-parent\" data-id=\"61956a0\" data-element_type=\"container\" data-e-type=\"container\">\n\t\t\t\t\t<div class=\"e-con-inner\">\n\t\t\t\t<div class=\"elementor-element elementor-element-761fa82 elementor-widget-divider--view-line elementor-widget elementor-widget-divider\" data-id=\"761fa82\" data-element_type=\"widget\" data-e-type=\"widget\" data-widget_type=\"divider.default\">\n\t\t\t\t<div class=\"elementor-widget-container\">\n\t\t\t\t\t\t\t<div class=\"elementor-divider\">\n\t\t\t<span class=\"elementor-divider-separator\">\n\t\t\t\t\t\t<\/span>\n\t\t<\/div>\n\t\t\t\t\t\t<\/div>\n\t\t\t\t<\/div>\n\t\t\t\t\t<\/div>\n\t\t\t\t<\/div>\n\t\t<div class=\"elementor-element elementor-element-f808866 e-flex e-con-boxed e-con e-parent\" data-id=\"f808866\" data-element_type=\"container\" data-e-type=\"container\">\n\t\t\t\t\t<div class=\"e-con-inner\">\n\t\t\t\t<div class=\"elementor-element elementor-element-5d9aa57 elementor-widget elementor-widget-text-editor\" data-id=\"5d9aa57\" data-element_type=\"widget\" data-e-type=\"widget\" data-widget_type=\"text-editor.default\">\n\t\t\t\t<div class=\"elementor-widget-container\">\n\t\t\t\t\t\t\t\t\t<h1><span style=\"color: #ffffff;\">Mardi 3 juin 2025<\/span><\/h1><ul><li><span style=\"color: #ffffff;\">08h30 \u2013 09h00 \u21d2 Caf\u00e9<\/span><\/li><li>09h00 \u21d2 Annonce des candidats \u00e0 la commission de surveillance et d\u00e9but du vote \u00e9lectronique<\/li><li>09h00 \u2013 10h30 \u21d2 Affaires de congr\u00e8s<\/li><li>10:30 \u2013 10h45 \u21d2 Pause-caf\u00e9<\/li><li>10:45 \u2013 12h15 \u21d2 Affaires de congr\u00e8s<\/li><li>12h15 \u2013 13h15 \u21d2 D\u00eener<\/li><li>13h15 \u2013 14h15 \u21d2 Panel international<\/li><li>14h15 \u2013 14h30 \u21d2 Pause-caf\u00e9<\/li><li>14h30 \u2013 16h30 \u21d2 Affaires de congr\u00e8s<\/li><li>16h30 \u2013 17h30 \u21d2 D\u00e9bats<\/li><li>18h00 \u2013 19h00 \u21d2 Cocktails (salle Brownsdale)<\/li><li>19h00 \u2013 22h00 \u21d2 Soupers VIP et r\u00e9gionaux<\/li><li>22h00 \u2013 01h00<span style=\"color: #ffffff;\"> \u21d2<span style=\"color: #ff0000;\"><a href=\"https:\/\/catca.ca\/fr\/le-congres-2025\/evenements-de-la-convention\/\"> Accueil hors site du CO &#8211; The Trinity Pub (lien vers l&rsquo;\u00e9v\u00e9nement)<\/a><span style=\"color: #ffffff;\"> &#8211;<\/span><\/span><\/span><a href=\"https:\/\/www.google.com\/maps\/place\/8+Becks+Cove,+St.+John's,+NL+A1C+1H5\/@47.5625582,-52.709759,16z\/data=!3m1!4b1!4m6!3m5!1s0x4b0ca3bb0f71e7f3:0x6b6cad5601949ff6!8m2!3d47.5625582!4d-52.709759!16s%2Fg%2F11rg5xx0qz?entry=ttu&amp;g_ep=EgoyMDI1MDUxMy4xIKXMDSoASAFQAw%3D%3D\">(8 Becks Cove &#8211; \u00abrue George \u00bb <span class=\"--l --r container-target\">c<span class=\"--l --r hover:bg-blue-100 hover:dark:bg-blue-600\">arte<\/span><\/span>)<\/a><\/li><\/ul>\t\t\t\t\t\t\t\t<\/div>\n\t\t\t\t<\/div>\n\t\t\t\t\t<\/div>\n\t\t\t\t<\/div>\n\t\t<div class=\"elementor-element elementor-element-3169ccd e-flex e-con-boxed e-con e-parent\" data-id=\"3169ccd\" data-element_type=\"container\" data-e-type=\"container\">\n\t\t\t\t\t<div class=\"e-con-inner\">\n\t\t\t\t<div class=\"elementor-element elementor-element-2b37ff1 elementor-widget-divider--view-line elementor-widget elementor-widget-divider\" data-id=\"2b37ff1\" data-element_type=\"widget\" data-e-type=\"widget\" data-widget_type=\"divider.default\">\n\t\t\t\t<div class=\"elementor-widget-container\">\n\t\t\t\t\t\t\t<div class=\"elementor-divider\">\n\t\t\t<span class=\"elementor-divider-separator\">\n\t\t\t\t\t\t<\/span>\n\t\t<\/div>\n\t\t\t\t\t\t<\/div>\n\t\t\t\t<\/div>\n\t\t\t\t\t<\/div>\n\t\t\t\t<\/div>\n\t\t<div class=\"elementor-element elementor-element-84458da e-flex e-con-boxed e-con e-parent\" data-id=\"84458da\" data-element_type=\"container\" data-e-type=\"container\">\n\t\t\t\t\t<div class=\"e-con-inner\">\n\t\t\t\t<div class=\"elementor-element elementor-element-eda2002 elementor-widget elementor-widget-text-editor\" data-id=\"eda2002\" data-element_type=\"widget\" data-e-type=\"widget\" data-widget_type=\"text-editor.default\">\n\t\t\t\t<div class=\"elementor-widget-container\">\n\t\t\t\t\t\t\t\t\t<h1><span style=\"color: #ffffff;\">Mercredi 4 juin 2025<\/span><\/h1><ul><li><span style=\"color: #ffffff;\">08h30 \u2013 09h00 \u21d2 Caf\u00e9<\/span><\/li><li><span style=\"color: #ffffff;\">09h00 \u2013 10h30 \u21d2 Affaires de congr\u00e8s<\/span><\/li><li><span style=\"color: #ffffff;\">10h00 \u21d2 Cl\u00f4ture du vote pour le conseil d&rsquo;administration<\/span><\/li><li><span style=\"color: #ffffff;\">10h30 \u2013 10h45 \u21d2 Pause-caf\u00e9<\/span><\/li><li><span style=\"color: #ffffff;\">10h45 \u2013 12h15 \u21d2 Affaires de congr\u00e8s<\/span><\/li><li><span style=\"color: #ffffff;\">12h15 \u2013 13h15 \u21d2 D\u00eener<\/span><\/li><li><span style=\"color: #ffffff;\">13:00 \u21d2\u00a0Annonce des r\u00e9sultats des \u00e9lections de la commission de surveillance<\/span><\/li><li><span style=\"color: #ffffff;\">13h15 \u2013 14h15 \u21d2 Conf\u00e9rencier principal \u2013 Commandant Bob Pearson (planeur de Gimli)<\/span><\/li><li><span style=\"color: #ffffff;\">14h15 \u2013 14h30 \u21d2 <em>Pause-caf\u00e9<\/em><\/span><\/li><li><span style=\"color: #ffffff;\">14h30 &#8211; 15h30 \u21d2 Affaires de congr\u00e8s<\/span><\/li><li><span style=\"color: #ffffff;\">15h30 \u2013 16h00 \u21d2 Cl\u00f4ture du congr\u00e8s<\/span><\/li><li><span style=\"color: #ffffff;\">18h00 \u2013 19h00 \u21d2 Cocktails et hors d\u2019oeuvres (<i>lobby Crush<\/i>)<\/span><\/li><li><span style=\"color: #ffffff;\">19h00 \u2013 22h00 \u21d2<a href=\"https:\/\/catca.ca\/fr\/le-congres-2025\/evenements-de-la-convention\/\">Banquet final et c\u00e9r\u00e9monie de remise de prix (Salle de bal Avalon)<\/a><\/span><\/li><li><span style=\"color: #ffffff;\">22h00 \u2013 01h00 \u21d2 <a href=\"https:\/\/catca.ca\/fr\/le-congres-2025\/evenements-de-la-convention\/\">Accueil hors site du CO &#8211; The Trinity Pub (lien vers l&rsquo;\u00e9v\u00e9nement)<\/a> &#8211; <\/span><a href=\"https:\/\/www.google.com\/maps\/place\/8+Becks+Cove,+St.+John's,+NL+A1C+1H5\/@47.5625582,-52.709759,16z\/data=!3m1!4b1!4m6!3m5!1s0x4b0ca3bb0f71e7f3:0x6b6cad5601949ff6!8m2!3d47.5625582!4d-52.709759!16s%2Fg%2F11rg5xx0qz?entry=ttu&amp;g_ep=EgoyMDI1MDUxMy4xIKXMDSoASAFQAw%3D%3D\">(8 Becks Cove &#8211; \u00abrue George\u00bb <span class=\"--l --r container-target\">c<span class=\"--l --r hover:bg-blue-100 hover:dark:bg-blue-600\">arte<\/span><\/span>)<\/a><\/li><\/ul>\t\t\t\t\t\t\t\t<\/div>\n\t\t\t\t<\/div>\n\t\t\t\t\t<\/div>\n\t\t\t\t<\/div>\n\t\t<div class=\"elementor-element elementor-element-3bbe399 e-flex e-con-boxed e-con e-parent\" data-id=\"3bbe399\" data-element_type=\"container\" data-e-type=\"container\">\n\t\t\t\t\t<div class=\"e-con-inner\">\n\t\t\t\t<div class=\"elementor-element elementor-element-aa93e0b elementor-widget-divider--view-line elementor-widget elementor-widget-divider\" data-id=\"aa93e0b\" data-element_type=\"widget\" data-e-type=\"widget\" data-widget_type=\"divider.default\">\n\t\t\t\t<div class=\"elementor-widget-container\">\n\t\t\t\t\t\t\t<div class=\"elementor-divider\">\n\t\t\t<span class=\"elementor-divider-separator\">\n\t\t\t\t\t\t<\/span>\n\t\t<\/div>\n\t\t\t\t\t\t<\/div>\n\t\t\t\t<\/div>\n\t\t\t\t\t<\/div>\n\t\t\t\t<\/div>\n\t\t\t\t<\/div>\n\t\t","protected":false},"excerpt":{"rendered":"<p>CATCA Congr\u00e8s National 2025 Dimanche 1er juin 2025 Veuillez noter qu&rsquo;\u00e0 moins d&rsquo;indication contraire, tous les \u00e9v\u00e9nements se d\u00e9roulent dans la salle Avalon \u00e0 l&rsquo;h\u00f4tel Delta. 12h00 \u2013 18h00 \u21d2 Inscription (lobby Crush) 18h00 \u2013 21h00 \u21d2 R\u00e9ception de bienvenue h\u00e9berg\u00e9 par le CO Divertissements en direct (Salle de bal Harbourview). 18h00 \u2013 19h00 \u21d2 [&hellip;]<\/p>\n","protected":false},"author":1413,"featured_media":21814,"parent":23009,"menu_order":0,"comment_status":"closed","ping_status":"closed","template":"","meta":{"_acf_changed":false,"footnotes":""},"folder":[],"class_list":["post-26174","page","type-page","status-publish","has-post-thumbnail","hentry"],"acf":[],"_links":{"self":[{"href":"https:\/\/catca.ca\/fr\/wp-json\/wp\/v2\/pages\/26174","targetHints":{"allow":["GET"]}}],"collection":[{"href":"https:\/\/catca.ca\/fr\/wp-json\/wp\/v2\/pages"}],"about":[{"href":"https:\/\/catca.ca\/fr\/wp-json\/wp\/v2\/types\/page"}],"author":[{"embeddable":true,"href":"https:\/\/catca.ca\/fr\/wp-json\/wp\/v2\/users\/1413"}],"replies":[{"embeddable":true,"href":"https:\/\/catca.ca\/fr\/wp-json\/wp\/v2\/comments?post=26174"}],"version-history":[{"count":47,"href":"https:\/\/catca.ca\/fr\/wp-json\/wp\/v2\/pages\/26174\/revisions"}],"predecessor-version":[{"id":27791,"href":"https:\/\/catca.ca\/fr\/wp-json\/wp\/v2\/pages\/26174\/revisions\/27791"}],"up":[{"embeddable":true,"href":"https:\/\/catca.ca\/fr\/wp-json\/wp\/v2\/pages\/23009"}],"wp:featuredmedia":[{"embeddable":true,"href":"https:\/\/catca.ca\/fr\/wp-json\/wp\/v2\/media\/21814"}],"wp:attachment":[{"href":"https:\/\/catca.ca\/fr\/wp-json\/wp\/v2\/media?parent=26174"}],"wp:term":[{"taxonomy":"folder","embeddable":true,"href":"https:\/\/catca.ca\/fr\/wp-json\/wp\/v2\/folder?post=26174"}],"curies":[{"name":"wp","href":"https:\/\/api.w.org\/{rel}","templated":true}]}}