{"id":23022,"date":"2024-11-13T11:03:15","date_gmt":"2024-11-13T16:03:15","guid":{"rendered":"https:\/\/catca.ca\/le-congres-2025\/programme-de-compagnon-conjoint\/"},"modified":"2025-06-01T11:06:59","modified_gmt":"2025-06-01T15:06:59","slug":"programme-de-compagnon-conjoint","status":"publish","type":"page","link":"https:\/\/catca.ca\/fr\/le-congres-2025\/programme-de-compagnon-conjoint\/","title":{"rendered":"Programme de compagnon (conjoint) | Le congr\u00e8s 2025"},"content":{"rendered":"\t\t<div data-elementor-type=\"wp-page\" data-elementor-id=\"23022\" class=\"elementor elementor-23022\" data-elementor-post-type=\"page\">\n\t\t\t\t<div class=\"elementor-element elementor-element-4f08fc1c e-flex e-con-boxed e-con e-parent\" data-id=\"4f08fc1c\" data-element_type=\"container\" data-e-type=\"container\">\n\t\t\t\t\t<div class=\"e-con-inner\">\n\t\t\t\t<div class=\"elementor-element elementor-element-2f1fd0c8 elementor-widget elementor-widget-text-editor\" data-id=\"2f1fd0c8\" data-element_type=\"widget\" data-e-type=\"widget\" data-widget_type=\"text-editor.default\">\n\t\t\t\t<div class=\"elementor-widget-container\">\n\t\t\t\t\t\t\t\t\t<h2><strong>LUNDI 2 juin (d\u00e9but : hall d&rsquo;entr\u00e9e 11h50)<\/strong><\/h2><p><strong>Excursion en bateau sur l&rsquo;\u00eele aux oiseaux de Bay Bull<\/strong><\/p><p>Pr\u00e9parez-vous \u00e0 d\u00e9couvrir les magnifiques paysages c\u00f4tiers et la faune aviaire de Terre-Neuve au cours de cette excursion m\u00e9morable !<\/p><p>Quelques pr\u00e9cisions concernant le programme d&rsquo;accompagnement Bird Island Boat Tour &#8211; lundi 2 juin 2025. <span style=\"text-decoration: underline; color: #ff0000;\"><strong>Rendez-vous dans le hall de l&rsquo;h\u00f4tel \u00e0 11h50 pour un d\u00e9part \u00e0 12h00. Retour \u00e0 Delta entre 16h00 et 17h00.<\/strong><\/span><\/p><p>Comme nous le savons tous, le temps \u00e0 Terre-Neuve peut \u00eatre impr\u00e9visible (il a neig\u00e9 sur le rocher aujourd&rsquo;hui). Il est conseill\u00e9 de s&rsquo;habiller en plusieurs couches pour tout ce que l&rsquo;on fait \u00e0 Terre-Neuve &#8211; le temps peut changer rapidement ! Pour l&rsquo;excursion en bateau en particulier, il est conseill\u00e9 de pr\u00e9voir une couche suppl\u00e9mentaire, car il fait toujours plus froid sur l&rsquo;eau.<\/p><p><a href=\"https:\/\/www.mccarthysparty.com\/\">Visitez <i data-olk-copy-source=\"MailCompose\">le site web de l&rsquo;organisateur des excursions ici (en anglais seulement)<\/i><\/a><\/p><h2><strong>MARDI (D\u00e9but : hall d&rsquo;entr\u00e9e 10:50)<\/strong><\/h2><p><strong>Visite des Saveurs de St. John&rsquo;s<\/strong><\/p><p>Visite des saveurs de St. John&rsquo;s &#8211; mardi 3 juin. <span style=\"text-decoration: underline; color: #ff0000;\"><strong>Rendez-vous dans le hall du Delta \u00e0 10h50 pour un d\u00e9part \u00e0 11h. Le retour est pr\u00e9vu entre 16h et 17h.<\/strong><\/span><\/p><p>John&rsquo;s et ses environs, y compris le cap Spear, le point le plus \u00e0 l&rsquo;est de l&rsquo;Am\u00e9rique du Nord. Il s&rsquo;agit de la plus ancienne r\u00e9gion colonis\u00e9e du nouveau monde et votre guide local vous r\u00e9galera de son histoire, de ses l\u00e9gendes et de son folklore, le tout agr\u00e9ment\u00e9 d&rsquo;anecdotes personnelles et de la bonne humeur qui fait la r\u00e9putation des Terre-Neuviens. Admirez les vues brillantes de la Cabot Tower et de Signal Hill, l&rsquo;une des lignes d&rsquo;horizon les plus reconnaissables du Canada. Promenez-vous dans une batterie de canons \u00e0 flanc de falaise datant de la Seconde Guerre mondiale, observez les baleines et les oiseaux de mer et visitez le plus vieux phare encore debout en Am\u00e9rique du Nord.<\/p><p>Le d\u00e9jeuner sera un Fish and Chips dans un restaurant embl\u00e9matique de Terre-Neuve !<\/p><p>Esp\u00e9rons que le brouillard se dissipera, que la bi\u00e8re sera fra\u00eeche et que les baleines se donneront en spectacle !<\/p><p>Apr\u00e8s le d\u00e9jeuner, nous retournerons en ville pour visiter Newman&rsquo;s Wine Vault, o\u00f9 nous d\u00e9gusterons leur c\u00e9l\u00e8bre \u00ab Porto \u00bb, vieilli sur l&rsquo;\u00eele depuis 1679, lorsque des pirates ont poursuivi une cargaison \u00e0 travers l&rsquo;Atlantique pour qu&rsquo;elle passe l&rsquo;hiver \u00e0 Terre-Neuve. Le porto se marie \u00e0 merveille avec le chocolat, en particulier celui de la Newfoundland Chocolate Company, dont l&rsquo;amour et la passion sont \u00e0 l&rsquo;origine de chaque lot de gourmandises. Fabriqu\u00e9 \u00e0 partir d&rsquo;ingr\u00e9dients locaux, qu&rsquo;est-ce qu&rsquo;on ne peut pas aimer ? Enfin, nous terminerons notre visite \u00e0 Quidi Vidi, o\u00f9 nous nous rendrons dans une micro-brasserie locale pour go\u00fbter un assortiment de bi\u00e8res prim\u00e9es et \u00e9couter une interpr\u00e9tation des origines.<\/p>\t\t\t\t\t\t\t\t<\/div>\n\t\t\t\t<\/div>\n\t\t\t\t\t<\/div>\n\t\t\t\t<\/div>\n\t\t\t\t<\/div>\n\t\t","protected":false},"excerpt":{"rendered":"<p>LUNDI 2 juin (d\u00e9but : hall d&rsquo;entr\u00e9e 11h50) Excursion en bateau sur l&rsquo;\u00eele aux oiseaux de Bay Bull Pr\u00e9parez-vous \u00e0 d\u00e9couvrir les magnifiques paysages c\u00f4tiers et la faune aviaire de Terre-Neuve au cours de cette excursion m\u00e9morable ! Quelques pr\u00e9cisions concernant le programme d&rsquo;accompagnement Bird Island Boat Tour &#8211; lundi 2 juin 2025. Rendez-vous dans [&hellip;]<\/p>\n","protected":false},"author":1,"featured_media":21814,"parent":23009,"menu_order":0,"comment_status":"closed","ping_status":"closed","template":"","meta":{"_acf_changed":false,"footnotes":""},"folder":[],"class_list":["post-23022","page","type-page","status-publish","has-post-thumbnail","hentry"],"acf":[],"_links":{"self":[{"href":"https:\/\/catca.ca\/fr\/wp-json\/wp\/v2\/pages\/23022","targetHints":{"allow":["GET"]}}],"collection":[{"href":"https:\/\/catca.ca\/fr\/wp-json\/wp\/v2\/pages"}],"about":[{"href":"https:\/\/catca.ca\/fr\/wp-json\/wp\/v2\/types\/page"}],"author":[{"embeddable":true,"href":"https:\/\/catca.ca\/fr\/wp-json\/wp\/v2\/users\/1"}],"replies":[{"embeddable":true,"href":"https:\/\/catca.ca\/fr\/wp-json\/wp\/v2\/comments?post=23022"}],"version-history":[{"count":46,"href":"https:\/\/catca.ca\/fr\/wp-json\/wp\/v2\/pages\/23022\/revisions"}],"predecessor-version":[{"id":27779,"href":"https:\/\/catca.ca\/fr\/wp-json\/wp\/v2\/pages\/23022\/revisions\/27779"}],"up":[{"embeddable":true,"href":"https:\/\/catca.ca\/fr\/wp-json\/wp\/v2\/pages\/23009"}],"wp:featuredmedia":[{"embeddable":true,"href":"https:\/\/catca.ca\/fr\/wp-json\/wp\/v2\/media\/21814"}],"wp:attachment":[{"href":"https:\/\/catca.ca\/fr\/wp-json\/wp\/v2\/media?parent=23022"}],"wp:term":[{"taxonomy":"folder","embeddable":true,"href":"https:\/\/catca.ca\/fr\/wp-json\/wp\/v2\/folder?post=23022"}],"curies":[{"name":"wp","href":"https:\/\/api.w.org\/{rel}","templated":true}]}}