{"id":23009,"date":"2024-06-25T09:18:28","date_gmt":"2024-06-25T13:18:28","guid":{"rendered":"https:\/\/catca.ca\/le-congres-2025\/"},"modified":"2026-02-19T13:09:37","modified_gmt":"2026-02-19T18:09:37","slug":"le-congres-2025","status":"publish","type":"page","link":"https:\/\/catca.ca\/fr\/le-congres-2025\/","title":{"rendered":"Le congr\u00e8s 2025"},"content":{"rendered":"<p><a href=\"https:\/\/donate.hopeair.ca\/page\/171054\/donate\/1\"><br \/>\n\t\t\t\t\t\t\t<img fetchpriority=\"high\" decoding=\"async\" width=\"753\" height=\"256\" src=\"https:\/\/catca.ca\/wp-content\/uploads\/2025\/05\/thumbnail_Outlook-npdv1u3c.png\" alt=\"Hope Air Raffle\" srcset=\"https:\/\/catca.ca\/wp-content\/uploads\/2025\/05\/thumbnail_Outlook-npdv1u3c.png 753w, https:\/\/catca.ca\/wp-content\/uploads\/2025\/05\/thumbnail_Outlook-npdv1u3c-300x102.png 300w, https:\/\/catca.ca\/wp-content\/uploads\/2025\/05\/thumbnail_Outlook-npdv1u3c-24x8.png 24w, https:\/\/catca.ca\/wp-content\/uploads\/2025\/05\/thumbnail_Outlook-npdv1u3c-36x12.png 36w, https:\/\/catca.ca\/wp-content\/uploads\/2025\/05\/thumbnail_Outlook-npdv1u3c-48x16.png 48w\" sizes=\"(max-width: 753px) 100vw, 753px\" \/>\t\t\t\t\t\t\t\t<\/a><br \/>\n\t\t\t\t\t<a href=\"https:\/\/donate.hopeair.ca\/page\/171054\/donate\/1\"><br \/>\n\t\t\t\t\t\t\t\t\tCliquez ici pour participer au tirage au sort HOPE Air! En anglais seulement<br \/>\n\t\t\t\t\t<\/a><\/p>\n<h5 style=\"text-align: center;\">La vente aux ench\u00e8res de HOPE Air est maintenant en <a href=\"https:\/\/www.32auctions.com\/catcahopeair?r=1&amp;t=all\">ligne. Voici<\/a> le lien vers la vente aux ench\u00e8res virtuelle.<\/h5>\n<h3>Bienvenue au congr\u00e8s 2025 de l&rsquo;ACCTA!<\/h3>\n<p>Le congr\u00e8s 2025 sera organis\u00e9 par l\u2019ACC de Gander dans la ville historique de St Johns. Toutes les affaires du congr\u00e8s se d\u00e9rouleront \u00e0 l&rsquo;h\u00f4tel <a href=\"https:\/\/www.marriott.com\/en-us\/hotels\/yytds-delta-hotels-st-johns-conference-centre\/overview\/\">Delta Marriott, 120 New Gower Street, St. John&rsquo;s, TNL<\/a>.<\/p>\n<ul>\n<li>Tout ce que vous devez savoir sur le congr\u00e8s se trouve dans les options du menu de gauche, qui seront mises \u00e0 jour au fur et \u00e0 mesure que de nouvelles informations seront disponibles.<\/li>\n<li>L&rsquo;ouverture des inscriptions est termin\u00e9e.<\/li>\n<li>Formulaire de soumission des r\u00e9solutions des politiques et des amendements aux statuts syndicaux <em>(lien \u00e0 venir en janvier 2025)<\/em>\n<ul>\n<li>Note de r\u00e9f\u00e9rence : <a href=\"https:\/\/catca.ca\/wp-content\/uploads\/2024\/07\/PolicyBook-FR-July-2024.pdf\">Livre des politiques<\/a> et <a href=\"https:\/\/catca.ca\/wp-content\/uploads\/2024\/07\/220719_REV_FR_Union_Bylaws.pdf\">statuts syndicaux <\/a><\/li>\n<\/ul>\n<\/li>\n<li><a href=\"https:\/\/catca.ca\/wp-content\/uploads\/2024\/12\/220901_FR_Convention-2022_FINAL-DRAFT-Official.pdf\">Proc\u00e8s-verbal<\/a> du Congr\u00e8s pr\u00e9c\u00e9dent (2022)<\/li>\n<\/ul>\n<p>\u00a0<\/p>\n<h3>Vous restez un jour de plus ? Vous voulez voir des icebergs, des baleines et des macareux ?<\/h3>\n<p>Le comit\u00e9 organisateur a pr\u00e9vu une excursion en bateau avec Gatherall&rsquo;s le jeudi 5 juin.\u00a0\u00a0 Le bus partira du Delta \u00e0 15h30 pour un trajet de 25 minutes jusqu&rsquo;\u00e0 Bay Bulls, le bateau d&rsquo;excursion partant \u00e0 16h30.\u00a0 Un barbecue sur la plage suivra, en fonction de la m\u00e9t\u00e9o.\u00a0<\/p>\n<p>$125 (+ $18.75 HST = $143.75) par personne, les modalit\u00e9s de paiement seront communiqu\u00e9es apr\u00e8s la date limite d&rsquo;inscription.<\/p>\n<p><a href=\"https:\/\/www.gatheralls.com\/\">https:\/\/www.gatheralls.com<\/a> (En anglais seulement)<\/p>\n<p>\u00a0<\/p>\n<h4>****Pour s&rsquo;inscrire au Gatherall&rsquo;s Boat Tour, envoyez un courriel \u00e0 : <a href=\"mailto:conventionscreechin@gmail.com\">conventionscreechin@gmail.com<\/a>.****<\/h4>\n<h4>Comment devenir un Terre-Neuvien honoraire ? <a href=\"https:\/\/catca.ca\/fr\/le-congres-2025\/screech-in-le-congres-2025\/\">Rejoignez le Screech-in<\/a> lors de la r\u00e9ception de bienvenue \u00e0 21h30 le dimanche 1er juin 2025.<\/h4>\n<h5>Scannez le code QR pour visiter et suivre<a href=\"https:\/\/www.facebook.com\/profile.php?id=61573374761978\"> la page Facebook<\/a> du Comit\u00e9 d&rsquo;organisation.<\/h5>\n<p>\t\t\t\t\t\t\t\t\t\t\t\t\t\t\t\t<a href=\"https:\/\/catca.ca\/wp-content\/uploads\/2025\/03\/Facebook-QR-Code-150x150.jpg\"><br \/>\n\t\t\t\t\t\t\t<img decoding=\"async\" width=\"150\" height=\"150\" data-src=\"https:\/\/catca.ca\/wp-content\/uploads\/2025\/03\/Facebook-QR-Code-150x150.jpg\" alt=\"\" data-srcset=\"https:\/\/catca.ca\/wp-content\/uploads\/2025\/03\/Facebook-QR-Code-150x150.jpg 150w, https:\/\/catca.ca\/wp-content\/uploads\/2025\/03\/Facebook-QR-Code-300x300.jpg 300w, https:\/\/catca.ca\/wp-content\/uploads\/2025\/03\/Facebook-QR-Code-24x24.jpg 24w, https:\/\/catca.ca\/wp-content\/uploads\/2025\/03\/Facebook-QR-Code-36x36.jpg 36w, https:\/\/catca.ca\/wp-content\/uploads\/2025\/03\/Facebook-QR-Code-48x48.jpg 48w, https:\/\/catca.ca\/wp-content\/uploads\/2025\/03\/Facebook-QR-Code.jpg 512w\" data-sizes=\"(max-width: 150px) 100vw, 150px\" src=\"data:image\/svg+xml;base64,PHN2ZyB3aWR0aD0iMSIgaGVpZ2h0PSIxIiB4bWxucz0iaHR0cDovL3d3dy53My5vcmcvMjAwMC9zdmciPjwvc3ZnPg==\" class=\"lazyload\" style=\"--smush-placeholder-width: 150px; --smush-placeholder-aspect-ratio: 150\/150;\" \/>\t\t\t\t\t\t\t\t<\/a><br \/>\n\t\t\t\t\tCountdown Expired!<br \/>\n\t\t<iframe title=\"Destination St. John&#039;s: Where Do Worries Go?\" data-src=\"https:\/\/player.vimeo.com\/video\/609084425?dnt=1&amp;app_id=122963\" width=\"800\" height=\"450\" frameborder=\"0\" allow=\"autoplay; fullscreen; picture-in-picture; clipboard-write\" src=\"data:image\/svg+xml;base64,PHN2ZyB3aWR0aD0iMSIgaGVpZ2h0PSIxIiB4bWxucz0iaHR0cDovL3d3dy53My5vcmcvMjAwMC9zdmciPjwvc3ZnPg==\" class=\"lazyload\" data-load-mode=\"1\"><\/iframe><br \/>\n\t\t\t\t\t\t\t\t<a data-elementor-open-lightbox=\"yes\" data-elementor-lightbox-slideshow=\"b6d373b\" data-elementor-lightbox-title=\"Downtown St. John&#039;s\" data-e-action-hash=\"#elementor-action%3Aaction%3Dlightbox%26settings%3DeyJpZCI6MjMxNjEsInVybCI6Imh0dHBzOlwvXC9jYXRjYS5jYVwvd3AtY29udGVudFwvdXBsb2Fkc1wvMjAyNFwvMTJcL3RodW1ibmFpbF9Eb3dudG93bi0xLmpwZyIsInNsaWRlc2hvdyI6ImI2ZDM3M2IifQ%3D%3D\" href=\"https:\/\/catca.ca\/wp-content\/uploads\/2024\/12\/thumbnail_Downtown-1.jpg\"><\/p>\n<figure><img decoding=\"async\" data-src=\"https:\/\/catca.ca\/wp-content\/uploads\/2024\/12\/thumbnail_Downtown-1.jpg\" alt=\"Downtown St. John&#039;s\" src=\"data:image\/svg+xml;base64,PHN2ZyB3aWR0aD0iMSIgaGVpZ2h0PSIxIiB4bWxucz0iaHR0cDovL3d3dy53My5vcmcvMjAwMC9zdmciPjwvc3ZnPg==\" class=\"lazyload\" style=\"--smush-placeholder-width: 1920px; --smush-placeholder-aspect-ratio: 1920\/1280;\" \/><\/figure>\n<p><\/a><a data-elementor-open-lightbox=\"yes\" data-elementor-lightbox-slideshow=\"b6d373b\" data-elementor-lightbox-title=\"St. John&#039;s Bird Island\" data-e-action-hash=\"#elementor-action%3Aaction%3Dlightbox%26settings%3DeyJpZCI6MjMxNjMsInVybCI6Imh0dHBzOlwvXC9jYXRjYS5jYVwvd3AtY29udGVudFwvdXBsb2Fkc1wvMjAyNFwvMTJcL3RodW1ibmFpbF9CaXJkLUlzbGFuZC0xLTEuanBnIiwic2xpZGVzaG93IjoiYjZkMzczYiJ9\" href=\"https:\/\/catca.ca\/wp-content\/uploads\/2024\/12\/thumbnail_Bird-Island-1-1.jpg\"><\/p>\n<figure><img decoding=\"async\" data-src=\"https:\/\/catca.ca\/wp-content\/uploads\/2024\/12\/thumbnail_Bird-Island-1-1.jpg\" alt=\"St. John&#039;s Bird Island\" src=\"data:image\/svg+xml;base64,PHN2ZyB3aWR0aD0iMSIgaGVpZ2h0PSIxIiB4bWxucz0iaHR0cDovL3d3dy53My5vcmcvMjAwMC9zdmciPjwvc3ZnPg==\" class=\"lazyload\" style=\"--smush-placeholder-width: 1920px; --smush-placeholder-aspect-ratio: 1920\/1276;\" \/><\/figure>\n<p><\/a><a data-elementor-open-lightbox=\"yes\" data-elementor-lightbox-slideshow=\"b6d373b\" data-elementor-lightbox-title=\"St. John&#039;s Bird Island 2\" data-e-action-hash=\"#elementor-action%3Aaction%3Dlightbox%26settings%3DeyJpZCI6MjMxNjUsInVybCI6Imh0dHBzOlwvXC9jYXRjYS5jYVwvd3AtY29udGVudFwvdXBsb2Fkc1wvMjAyNFwvMTJcL3RodW1ibmFpbF9CaXJkLUlzbGFuZC0yLTEtMS5qcGciLCJzbGlkZXNob3ciOiJiNmQzNzNiIn0%3D\" href=\"https:\/\/catca.ca\/wp-content\/uploads\/2024\/12\/thumbnail_Bird-Island-2-1-1.jpg\"><\/p>\n<figure><img decoding=\"async\" data-src=\"https:\/\/catca.ca\/wp-content\/uploads\/2024\/12\/thumbnail_Bird-Island-2-1-1.jpg\" alt=\"St. John&#039;s Bird Island 2\" src=\"data:image\/svg+xml;base64,PHN2ZyB3aWR0aD0iMSIgaGVpZ2h0PSIxIiB4bWxucz0iaHR0cDovL3d3dy53My5vcmcvMjAwMC9zdmciPjwvc3ZnPg==\" class=\"lazyload\" style=\"--smush-placeholder-width: 1920px; --smush-placeholder-aspect-ratio: 1920\/1280;\" \/><\/figure>\n<p><\/a><br \/>\n\t\t\t\t\t\t<svg aria-hidden=\"true\" viewBox=\"0 0 1000 1000\" xmlns=\"http:\/\/www.w3.org\/2000\/svg\"><path d=\"M646 125C629 125 613 133 604 142L308 442C296 454 292 471 292 487 292 504 296 521 308 533L604 854C617 867 629 875 646 875 663 875 679 871 692 858 704 846 713 829 713 812 713 796 708 779 692 767L438 487 692 225C700 217 708 204 708 187 708 171 704 154 692 142 675 129 663 125 646 125Z\"><\/path><\/svg><br \/>\n\t\t\t\t\t\t<svg aria-hidden=\"true\" viewBox=\"0 0 1000 1000\" xmlns=\"http:\/\/www.w3.org\/2000\/svg\"><path d=\"M696 533C708 521 713 504 713 487 713 471 708 454 696 446L400 146C388 133 375 125 354 125 338 125 325 129 313 142 300 154 292 171 292 187 292 204 296 221 308 233L563 492 304 771C292 783 288 800 288 817 288 833 296 850 308 863 321 871 338 875 354 875 371 875 388 867 400 854L696 533Z\"><\/path><\/svg>\t\t\t\t\t<\/p>\n<h2>Merci \u00e0 nos partenaires!<\/h2>\n<figure><img decoding=\"async\" data-src=\"https:\/\/catca.ca\/wp-content\/uploads\/2025\/05\/QV_Logo_No_Background_green_1-1-150x150.png\" alt=\"QV_Logo_No_Background_green_1.png\" src=\"data:image\/svg+xml;base64,PHN2ZyB3aWR0aD0iMSIgaGVpZ2h0PSIxIiB4bWxucz0iaHR0cDovL3d3dy53My5vcmcvMjAwMC9zdmciPjwvc3ZnPg==\" class=\"lazyload\" style=\"--smush-placeholder-width: 150px; --smush-placeholder-aspect-ratio: 150\/150;\" \/><\/figure>\n<figure><img decoding=\"async\" data-src=\"https:\/\/catca.ca\/wp-content\/uploads\/2025\/05\/original_F01EB19A_71DE_45DD_903C_E4A49CE84357-1-150x150.png\" alt=\"original_F01EB19A_71DE_45DD_903C_E4A49CE84357.png\" src=\"data:image\/svg+xml;base64,PHN2ZyB3aWR0aD0iMSIgaGVpZ2h0PSIxIiB4bWxucz0iaHR0cDovL3d3dy53My5vcmcvMjAwMC9zdmciPjwvc3ZnPg==\" class=\"lazyload\" style=\"--smush-placeholder-width: 150px; --smush-placeholder-aspect-ratio: 150\/150;\" \/><\/figure>\n<figure><img decoding=\"async\" data-src=\"https:\/\/catca.ca\/wp-content\/uploads\/2025\/05\/NCBAA_Full_logo-1-150x150.png\" alt=\"NCBAA_Full_logo.png\" src=\"data:image\/svg+xml;base64,PHN2ZyB3aWR0aD0iMSIgaGVpZ2h0PSIxIiB4bWxucz0iaHR0cDovL3d3dy53My5vcmcvMjAwMC9zdmciPjwvc3ZnPg==\" class=\"lazyload\" style=\"--smush-placeholder-width: 150px; --smush-placeholder-aspect-ratio: 150\/150;\" \/><\/figure>\n<figure><img decoding=\"async\" data-src=\"https:\/\/catca.ca\/wp-content\/uploads\/2025\/05\/KONGSBERG_logo_horiz_CMYK-1-150x150.png\" alt=\"KONGSBERG_logo_horiz_CMYK.png\" src=\"data:image\/svg+xml;base64,PHN2ZyB3aWR0aD0iMSIgaGVpZ2h0PSIxIiB4bWxucz0iaHR0cDovL3d3dy53My5vcmcvMjAwMC9zdmciPjwvc3ZnPg==\" class=\"lazyload\" style=\"--smush-placeholder-width: 150px; --smush-placeholder-aspect-ratio: 150\/150;\" \/><\/figure>\n<figure><img decoding=\"async\" data-src=\"https:\/\/catca.ca\/wp-content\/uploads\/2025\/05\/IMG_6660-1-150x150.png\" alt=\"IMG_6660.png\" src=\"data:image\/svg+xml;base64,PHN2ZyB3aWR0aD0iMSIgaGVpZ2h0PSIxIiB4bWxucz0iaHR0cDovL3d3dy53My5vcmcvMjAwMC9zdmciPjwvc3ZnPg==\" class=\"lazyload\" style=\"--smush-placeholder-width: 150px; --smush-placeholder-aspect-ratio: 150\/150;\" \/><\/figure>\n<figure><img decoding=\"async\" data-src=\"https:\/\/catca.ca\/wp-content\/uploads\/2025\/05\/HopeAir_Logo_Horizontal_NoTag_Eng_png_3_-1-150x150.png\" alt=\"HopeAir_Logo_Horizontal_NoTag_Eng_png_3_.png\" src=\"data:image\/svg+xml;base64,PHN2ZyB3aWR0aD0iMSIgaGVpZ2h0PSIxIiB4bWxucz0iaHR0cDovL3d3dy53My5vcmcvMjAwMC9zdmciPjwvc3ZnPg==\" class=\"lazyload\" style=\"--smush-placeholder-width: 150px; --smush-placeholder-aspect-ratio: 150\/150;\" \/><\/figure>\n<figure><img decoding=\"async\" data-src=\"https:\/\/catca.ca\/wp-content\/uploads\/2025\/05\/High_Res_PNG_AWC_Horizontal_Logo_Colour-1-150x150.png\" alt=\"High_Res_PNG_AWC_Horizontal_Logo_Colour.png\" src=\"data:image\/svg+xml;base64,PHN2ZyB3aWR0aD0iMSIgaGVpZ2h0PSIxIiB4bWxucz0iaHR0cDovL3d3dy53My5vcmcvMjAwMC9zdmciPjwvc3ZnPg==\" class=\"lazyload\" style=\"--smush-placeholder-width: 150px; --smush-placeholder-aspect-ratio: 150\/150;\" \/><\/figure>\n<figure><img decoding=\"async\" data-src=\"https:\/\/catca.ca\/wp-content\/uploads\/2025\/05\/Fog_Logo_w_text_on_white_background-1-150x150.png\" alt=\"Fog_Logo_w_text_on_white_background.png\" src=\"data:image\/svg+xml;base64,PHN2ZyB3aWR0aD0iMSIgaGVpZ2h0PSIxIiB4bWxucz0iaHR0cDovL3d3dy53My5vcmcvMjAwMC9zdmciPjwvc3ZnPg==\" class=\"lazyload\" style=\"--smush-placeholder-width: 150px; --smush-placeholder-aspect-ratio: 150\/150;\" \/><\/figure>\n<figure><img decoding=\"async\" data-src=\"https:\/\/catca.ca\/wp-content\/uploads\/2025\/05\/Coughlin_Insurance_2-1-150x150.png\" alt=\"Coughlin_Insurance_2.png\" src=\"data:image\/svg+xml;base64,PHN2ZyB3aWR0aD0iMSIgaGVpZ2h0PSIxIiB4bWxucz0iaHR0cDovL3d3dy53My5vcmcvMjAwMC9zdmciPjwvc3ZnPg==\" class=\"lazyload\" style=\"--smush-placeholder-width: 150px; --smush-placeholder-aspect-ratio: 150\/150;\" \/><\/figure>\n<figure><img decoding=\"async\" data-src=\"https:\/\/catca.ca\/wp-content\/uploads\/2025\/05\/CLR_standard_C1-1-150x150.png\" alt=\"CLR_standard_C1.png\" src=\"data:image\/svg+xml;base64,PHN2ZyB3aWR0aD0iMSIgaGVpZ2h0PSIxIiB4bWxucz0iaHR0cDovL3d3dy53My5vcmcvMjAwMC9zdmciPjwvc3ZnPg==\" class=\"lazyload\" style=\"--smush-placeholder-width: 150px; --smush-placeholder-aspect-ratio: 150\/150;\" \/><\/figure>\n<figure><img decoding=\"async\" data-src=\"https:\/\/catca.ca\/wp-content\/uploads\/2025\/05\/AF_INDRA_LOG_POS-1-150x150.png\" alt=\"AF_INDRA_LOG_POS.png\" src=\"data:image\/svg+xml;base64,PHN2ZyB3aWR0aD0iMSIgaGVpZ2h0PSIxIiB4bWxucz0iaHR0cDovL3d3dy53My5vcmcvMjAwMC9zdmciPjwvc3ZnPg==\" class=\"lazyload\" style=\"--smush-placeholder-width: 150px; --smush-placeholder-aspect-ratio: 150\/150;\" \/><\/figure>\n<figure><img decoding=\"async\" data-src=\"https:\/\/catca.ca\/wp-content\/uploads\/2025\/05\/2019CATCA_ACCTA_Sidestack-1-150x150.png\" alt=\"2019CATCA_ACCTA_Sidestack.png\" src=\"data:image\/svg+xml;base64,PHN2ZyB3aWR0aD0iMSIgaGVpZ2h0PSIxIiB4bWxucz0iaHR0cDovL3d3dy53My5vcmcvMjAwMC9zdmciPjwvc3ZnPg==\" class=\"lazyload\" style=\"--smush-placeholder-width: 150px; --smush-placeholder-aspect-ratio: 150\/150;\" \/><\/figure>\n<figure><img decoding=\"async\" data-src=\"https:\/\/catca.ca\/wp-content\/uploads\/2025\/05\/09b40a90c6d2d5eed8766e7b18161fb0-1-150x150.png\" alt=\"09b40a90c6d2d5eed8766e7b18161fb0.png\" src=\"data:image\/svg+xml;base64,PHN2ZyB3aWR0aD0iMSIgaGVpZ2h0PSIxIiB4bWxucz0iaHR0cDovL3d3dy53My5vcmcvMjAwMC9zdmciPjwvc3ZnPg==\" class=\"lazyload\" style=\"--smush-placeholder-width: 150px; --smush-placeholder-aspect-ratio: 150\/150;\" \/><\/figure>\n<p>\t\t\t\t\t\t<svg aria-hidden=\"true\" viewBox=\"0 0 1000 1000\" xmlns=\"http:\/\/www.w3.org\/2000\/svg\"><path d=\"M646 125C629 125 613 133 604 142L308 442C296 454 292 471 292 487 292 504 296 521 308 533L604 854C617 867 629 875 646 875 663 875 679 871 692 858 704 846 713 829 713 812 713 796 708 779 692 767L438 487 692 225C700 217 708 204 708 187 708 171 704 154 692 142 675 129 663 125 646 125Z\"><\/path><\/svg><br \/>\n\t\t\t\t\t\t<svg aria-hidden=\"true\" viewBox=\"0 0 1000 1000\" xmlns=\"http:\/\/www.w3.org\/2000\/svg\"><path d=\"M696 533C708 521 713 504 713 487 713 471 708 454 696 446L400 146C388 133 375 125 354 125 338 125 325 129 313 142 300 154 292 171 292 187 292 204 296 221 308 233L563 492 304 771C292 783 288 800 288 817 288 833 296 850 308 863 321 871 338 875 354 875 371 875 388 867 400 854L696 533Z\"><\/path><\/svg><\/p>\n","protected":false},"excerpt":{"rendered":"<p>Cliquez ici pour participer au tirage au sort HOPE Air! En anglais seulement La vente aux ench\u00e8res de HOPE Air est maintenant en ligne. Voici le lien vers la vente aux ench\u00e8res virtuelle. Bienvenue au congr\u00e8s 2025 de l&rsquo;ACCTA! Le congr\u00e8s 2025 sera organis\u00e9 par l\u2019ACC de Gander dans la ville historique de St Johns. [&hellip;]<\/p>\n","protected":false},"author":1,"featured_media":21814,"parent":0,"menu_order":0,"comment_status":"closed","ping_status":"closed","template":"","meta":{"_acf_changed":false,"footnotes":""},"folder":[],"class_list":["post-23009","page","type-page","status-publish","has-post-thumbnail","hentry"],"acf":[],"_links":{"self":[{"href":"https:\/\/catca.ca\/fr\/wp-json\/wp\/v2\/pages\/23009","targetHints":{"allow":["GET"]}}],"collection":[{"href":"https:\/\/catca.ca\/fr\/wp-json\/wp\/v2\/pages"}],"about":[{"href":"https:\/\/catca.ca\/fr\/wp-json\/wp\/v2\/types\/page"}],"author":[{"embeddable":true,"href":"https:\/\/catca.ca\/fr\/wp-json\/wp\/v2\/users\/1"}],"replies":[{"embeddable":true,"href":"https:\/\/catca.ca\/fr\/wp-json\/wp\/v2\/comments?post=23009"}],"version-history":[{"count":86,"href":"https:\/\/catca.ca\/fr\/wp-json\/wp\/v2\/pages\/23009\/revisions"}],"predecessor-version":[{"id":30030,"href":"https:\/\/catca.ca\/fr\/wp-json\/wp\/v2\/pages\/23009\/revisions\/30030"}],"wp:featuredmedia":[{"embeddable":true,"href":"https:\/\/catca.ca\/fr\/wp-json\/wp\/v2\/media\/21814"}],"wp:attachment":[{"href":"https:\/\/catca.ca\/fr\/wp-json\/wp\/v2\/media?parent=23009"}],"wp:term":[{"taxonomy":"folder","embeddable":true,"href":"https:\/\/catca.ca\/fr\/wp-json\/wp\/v2\/folder?post=23009"}],"curies":[{"name":"wp","href":"https:\/\/api.w.org\/{rel}","templated":true}]}}