{"id":21166,"date":"2024-07-16T13:26:55","date_gmt":"2024-07-16T17:26:55","guid":{"rendered":"https:\/\/catca.ca\/comites\/comite-consultatif-technique\/"},"modified":"2025-11-27T15:24:27","modified_gmt":"2025-11-27T20:24:27","slug":"comite-consultatif-technique","status":"publish","type":"page","link":"https:\/\/catca.ca\/fr\/comites\/comite-consultatif-technique\/","title":{"rendered":"COMIT\u00c9 DE TECHNOLOGIE DE l\u2019ACCTA"},"content":{"rendered":"\t\t<div data-elementor-type=\"wp-page\" data-elementor-id=\"21166\" class=\"elementor elementor-21166 elementor-21155\" data-elementor-post-type=\"page\">\n\t\t\t\t<div class=\"elementor-element elementor-element-c91f2c8 e-flex e-con-boxed e-con e-parent\" data-id=\"c91f2c8\" data-element_type=\"container\" data-e-type=\"container\" data-settings=\"{&quot;background_background&quot;:&quot;classic&quot;}\">\n\t\t\t\t\t<div class=\"e-con-inner\">\n\t\t<div class=\"elementor-element elementor-element-6711c95 e-con-full e-flex e-con e-child\" data-id=\"6711c95\" data-element_type=\"container\" data-e-type=\"container\">\n\t\t\t\t<div class=\"elementor-element elementor-element-495a33e elementor-widget elementor-widget-text-editor\" data-id=\"495a33e\" data-element_type=\"widget\" data-e-type=\"widget\" data-widget_type=\"text-editor.default\">\n\t\t\t\t<div class=\"elementor-widget-container\">\n\t\t\t\t\t\t\t\t\t<p>Le comit\u00e9 technique de l&rsquo;ACCTA est un comit\u00e9 sp\u00e9cial sanctionn\u00e9 par le conseil ex\u00e9cutif, qui sert \u00e0 la demande du conseil ex\u00e9cutif, et est compos\u00e9 de diff\u00e9rents membres de l&rsquo;ACCTA qui sont s\u00e9lectionn\u00e9s de temps en temps.\u00a0 Ce comit\u00e9 sp\u00e9cial tiendra le conseil ex\u00e9cutif au courant des d\u00e9veloppements technologiques pour les projets actuels et futurs.\u00a0 Les informations obtenues par ce groupe aideront \u00e0 d\u00e9velopper l&rsquo;approche de l&rsquo;ACCTA face aux changements technologiques avant leur mise en \u0153uvre en ce qui concerne les effets sur les membres de l&rsquo;ACCTA.<\/p>\t\t\t\t\t\t\t\t<\/div>\n\t\t\t\t<\/div>\n\t\t\t\t<div class=\"elementor-element elementor-element-8f9cb58 elementor-widget elementor-widget-heading\" data-id=\"8f9cb58\" data-element_type=\"widget\" data-e-type=\"widget\" data-widget_type=\"heading.default\">\n\t\t\t\t<div class=\"elementor-widget-container\">\n\t\t\t\t\t<h4 class=\"elementor-heading-title elementor-size-default\">Membres<\/h4>\t\t\t\t<\/div>\n\t\t\t\t<\/div>\n\t\t\t\t<div class=\"elementor-element elementor-element-62706eb elementor-widget elementor-widget-text-editor\" data-id=\"62706eb\" data-element_type=\"widget\" data-e-type=\"widget\" data-widget_type=\"text-editor.default\">\n\t\t\t\t<div class=\"elementor-widget-container\">\n\t\t\t\t\t\t\t\t\t<p><strong>Co-pr\u00e9sidents<\/strong><\/p><ul><li><strong>Jerry Brodt<\/strong>, Vice-pr\u00e9sident r\u00e9gional, Prairies<\/li><li><strong>Fred Cosgrove<\/strong>, Section Technologique<\/li><\/ul><p><strong>Atlantique\u00a0<\/strong><\/p><ul><li><strong>Serge Arsenault<\/strong>, ACC de Moncton<\/li><li><strong>Dwayne Puddister<\/strong>, ACC de Gander<\/li><\/ul><p><strong>St-Laurent\u00a0<\/strong><\/p><ul><li><strong>Eric Vezina<\/strong>, ACC de Montr\u00e9al<\/li><\/ul><p><strong>Centre\u00a0<\/strong><\/p><ul><li><strong>Carrie Amell<\/strong>, Section Technologique<\/li><li><strong>Simon Lefebvre<\/strong>, Section Technologique<\/li><li><strong>Peter Pastras<\/strong>, ACC de Toronto<\/li><li><strong>Catherine Thebeau<\/strong>, Section Technologique<\/li><\/ul><p><strong>Prairies\u00a0<\/strong><\/p><ul><li><strong>Chad Baker<\/strong>, ACC de Edmonton<\/li><li><strong>Pat McCallum<\/strong>, ACC de Winnipeg<\/li><\/ul><p><strong>Pacifique\u00a0<\/strong><\/p><ul><li><strong>Brent Salter<\/strong>, ACC de Vancouver<\/li><\/ul><h5><a href=\"https:\/\/catca.ca\/wp-content\/uploads\/2025\/10\/Tech-Committee-ToR_FRE.pdf\">Le comit\u00e9 technique de l&rsquo;ACCTA Mandat<\/a><\/h5>\t\t\t\t\t\t\t\t<\/div>\n\t\t\t\t<\/div>\n\t\t\t\t<\/div>\n\t\t\t\t\t<\/div>\n\t\t\t\t<\/div>\n\t\t\t\t<\/div>\n\t\t","protected":false},"excerpt":{"rendered":"<p>Le comit\u00e9 technique de l&rsquo;ACCTA est un comit\u00e9 sp\u00e9cial sanctionn\u00e9 par le conseil ex\u00e9cutif, qui sert \u00e0 la demande du conseil ex\u00e9cutif, et est compos\u00e9 de diff\u00e9rents membres de l&rsquo;ACCTA qui sont s\u00e9lectionn\u00e9s de temps en temps.\u00a0 Ce comit\u00e9 sp\u00e9cial tiendra le conseil ex\u00e9cutif au courant des d\u00e9veloppements technologiques pour les projets actuels et futurs.\u00a0 [&hellip;]<\/p>\n","protected":false},"author":2,"featured_media":0,"parent":20112,"menu_order":0,"comment_status":"closed","ping_status":"closed","template":"elementor_header_footer","meta":{"_acf_changed":false,"footnotes":""},"folder":[],"class_list":["post-21166","page","type-page","status-publish","hentry"],"acf":[],"_links":{"self":[{"href":"https:\/\/catca.ca\/fr\/wp-json\/wp\/v2\/pages\/21166","targetHints":{"allow":["GET"]}}],"collection":[{"href":"https:\/\/catca.ca\/fr\/wp-json\/wp\/v2\/pages"}],"about":[{"href":"https:\/\/catca.ca\/fr\/wp-json\/wp\/v2\/types\/page"}],"author":[{"embeddable":true,"href":"https:\/\/catca.ca\/fr\/wp-json\/wp\/v2\/users\/2"}],"replies":[{"embeddable":true,"href":"https:\/\/catca.ca\/fr\/wp-json\/wp\/v2\/comments?post=21166"}],"version-history":[{"count":17,"href":"https:\/\/catca.ca\/fr\/wp-json\/wp\/v2\/pages\/21166\/revisions"}],"predecessor-version":[{"id":29632,"href":"https:\/\/catca.ca\/fr\/wp-json\/wp\/v2\/pages\/21166\/revisions\/29632"}],"up":[{"embeddable":true,"href":"https:\/\/catca.ca\/fr\/wp-json\/wp\/v2\/pages\/20112"}],"wp:attachment":[{"href":"https:\/\/catca.ca\/fr\/wp-json\/wp\/v2\/media?parent=21166"}],"wp:term":[{"taxonomy":"folder","embeddable":true,"href":"https:\/\/catca.ca\/fr\/wp-json\/wp\/v2\/folder?post=21166"}],"curies":[{"name":"wp","href":"https:\/\/api.w.org\/{rel}","templated":true}]}}