{"id":20353,"date":"2024-03-12T12:52:47","date_gmt":"2024-03-12T16:52:47","guid":{"rendered":"http:\/\/catca.ca\/bourses-detudes-et-prix\/bourses-detudes\/"},"modified":"2025-11-20T14:47:36","modified_gmt":"2025-11-20T19:47:36","slug":"bourses-detudes","status":"publish","type":"page","link":"https:\/\/catca.ca\/fr\/bourses-detudes-et-prix\/bourses-detudes\/","title":{"rendered":"Bourse d&rsquo;\u00e9tudes"},"content":{"rendered":"\t\t<div data-elementor-type=\"wp-page\" data-elementor-id=\"20353\" class=\"elementor elementor-20353 elementor-605\" data-elementor-post-type=\"page\">\n\t\t\t\t<div class=\"elementor-element elementor-element-7d6cbb9 e-flex e-con-boxed e-con e-parent\" data-id=\"7d6cbb9\" data-element_type=\"container\" data-e-type=\"container\" data-settings=\"{&quot;background_background&quot;:&quot;classic&quot;}\">\n\t\t\t\t\t<div class=\"e-con-inner\">\n\t\t<div class=\"elementor-element elementor-element-a7d553d e-con-full e-flex e-con e-child\" data-id=\"a7d553d\" data-element_type=\"container\" data-e-type=\"container\">\n\t\t\t\t<div class=\"elementor-element elementor-element-46a8df8 elementor-widget elementor-widget-text-editor\" data-id=\"46a8df8\" data-element_type=\"widget\" data-e-type=\"widget\" data-widget_type=\"text-editor.default\">\n\t\t\t\t<div class=\"elementor-widget-container\">\n\t\t\t\t\t\t\t\t\t<p>En raison de la cessation par NAV Canada de tous les frais de scolarit\u00e9 li\u00e9s \u00e0 la formation, CATCA n\u2019offre plus la bourse ATC. <strong>\u00c0 la<\/strong>\u00a0<strong>place, l\u2019ACCTA offre maintenant deux (2) bourses d\u2019\u00e9tudes<\/strong>.<\/p>\n<p>Les deux bourses seront renouvelables annuellement pour un maximum de quatre (4) ans sur preuve d\u2019inscription \u00e0 des \u00e9tudes postsecondaires \u00e0 temps plein.<\/p>\n<p>Le programme est ouvert aux enfants \u00e0 charge des membres actifs et retrait\u00e9s qui sont en r\u00e8gle. Les \u00e9tudiants admissibles doivent \u00eatre inscrits \u00e0 un programme d\u2019enseignement postsecondaire \u00e0 temps plein. Les candidats devront soumettre un curriculum vitae personnel, ainsi que deux courts essais.<\/p>\n\t\t\t\t\t\t\t\t<\/div>\n\t\t\t\t<\/div>\n\t\t\t\t<div class=\"elementor-element elementor-element-6cca0a4 elementor-widget elementor-widget-heading\" data-id=\"6cca0a4\" data-element_type=\"widget\" data-e-type=\"widget\" data-widget_type=\"heading.default\">\n\t\t\t\t<div class=\"elementor-widget-container\">\n\t\t\t\t\t<h3 class=\"elementor-heading-title elementor-size-default\">Le programme de bourses d'\u00e9tudes comm\u00e9moratives W. Christopher Lilwall et Eric Paraskevopoulos parrain\u00e9 par l'ACCTA offre une aide financi\u00e8re aux enfants \u00e0 charge des membres actifs et retrait\u00e9s de l'Association qui poursuivent des \u00e9tudes postsecondaires \u00e0 temps plein.<\/h3>\t\t\t\t<\/div>\n\t\t\t\t<\/div>\n\t\t\t\t<div class=\"elementor-element elementor-element-7cdc1b0 elementor-widget elementor-widget-spacer\" data-id=\"7cdc1b0\" data-element_type=\"widget\" data-e-type=\"widget\" data-widget_type=\"spacer.default\">\n\t\t\t\t<div class=\"elementor-widget-container\">\n\t\t\t\t\t\t\t<div class=\"elementor-spacer\">\n\t\t\t<div class=\"elementor-spacer-inner\"><\/div>\n\t\t<\/div>\n\t\t\t\t\t\t<\/div>\n\t\t\t\t<\/div>\n\t\t\t\t<div class=\"elementor-element elementor-element-4377dba elementor-widget elementor-widget-heading\" data-id=\"4377dba\" data-element_type=\"widget\" data-e-type=\"widget\" data-widget_type=\"heading.default\">\n\t\t\t\t<div class=\"elementor-widget-container\">\n\t\t\t\t\t<h5 class=\"elementor-heading-title elementor-size-default\">LAUR\u00c9ATS DES PRIX<\/h5>\t\t\t\t<\/div>\n\t\t\t\t<\/div>\n\t\t\t\t<div class=\"elementor-element elementor-element-67c5758 pa-display-conditions-yes elementor-widget elementor-widget-global elementor-global-637 elementor-widget-text-editor\" data-id=\"67c5758\" data-element_type=\"widget\" data-e-type=\"widget\" data-settings=\"{&quot;pa_display_conditions_switcher&quot;:&quot;yes&quot;}\" data-widget_type=\"text-editor.default\">\n\t\t\t\t<div class=\"elementor-widget-container\">\n\t\t\t\t\t\t\t\t\t<p>To view the list of award recipients, please <a href=\"http:\/\/catca.ca\/member-login\/\">log in<\/a>.<\/p>\t\t\t\t\t\t\t\t<\/div>\n\t\t\t\t<\/div>\n\t\t\t\t<\/div>\n\t\t\t\t\t<\/div>\n\t\t\t\t<\/div>\n\t\t\t\t<\/div>\n\t\t","protected":false},"excerpt":{"rendered":"<p>En raison de la cessation par NAV Canada de tous les frais de scolarit\u00e9 li\u00e9s \u00e0 la formation, CATCA n\u2019offre plus la bourse ATC. \u00c0 la\u00a0place, l\u2019ACCTA offre maintenant deux (2) bourses d\u2019\u00e9tudes. Les deux bourses seront renouvelables annuellement pour un maximum de quatre (4) ans sur preuve d\u2019inscription \u00e0 des \u00e9tudes postsecondaires \u00e0 temps [&hellip;]<\/p>\n","protected":false},"author":1,"featured_media":0,"parent":20110,"menu_order":0,"comment_status":"closed","ping_status":"closed","template":"elementor_header_footer","meta":{"_acf_changed":false,"footnotes":""},"folder":[],"class_list":["post-20353","page","type-page","status-publish","hentry"],"acf":[],"_links":{"self":[{"href":"https:\/\/catca.ca\/fr\/wp-json\/wp\/v2\/pages\/20353","targetHints":{"allow":["GET"]}}],"collection":[{"href":"https:\/\/catca.ca\/fr\/wp-json\/wp\/v2\/pages"}],"about":[{"href":"https:\/\/catca.ca\/fr\/wp-json\/wp\/v2\/types\/page"}],"author":[{"embeddable":true,"href":"https:\/\/catca.ca\/fr\/wp-json\/wp\/v2\/users\/1"}],"replies":[{"embeddable":true,"href":"https:\/\/catca.ca\/fr\/wp-json\/wp\/v2\/comments?post=20353"}],"version-history":[{"count":7,"href":"https:\/\/catca.ca\/fr\/wp-json\/wp\/v2\/pages\/20353\/revisions"}],"predecessor-version":[{"id":29153,"href":"https:\/\/catca.ca\/fr\/wp-json\/wp\/v2\/pages\/20353\/revisions\/29153"}],"up":[{"embeddable":true,"href":"https:\/\/catca.ca\/fr\/wp-json\/wp\/v2\/pages\/20110"}],"wp:attachment":[{"href":"https:\/\/catca.ca\/fr\/wp-json\/wp\/v2\/media?parent=20353"}],"wp:term":[{"taxonomy":"folder","embeddable":true,"href":"https:\/\/catca.ca\/fr\/wp-json\/wp\/v2\/folder?post=20353"}],"curies":[{"name":"wp","href":"https:\/\/api.w.org\/{rel}","templated":true}]}}