{"id":20217,"date":"2024-03-12T15:23:15","date_gmt":"2024-03-12T19:23:15","guid":{"rendered":"http:\/\/catca.ca\/comites\/comite-dorientation-sur-la-sante-et-la-securite-au-travail\/"},"modified":"2025-11-27T15:22:53","modified_gmt":"2025-11-27T20:22:53","slug":"comite-dorientation-sur-la-sante-et-la-securite-au-travail","status":"publish","type":"page","link":"https:\/\/catca.ca\/fr\/comites\/comite-dorientation-sur-la-sante-et-la-securite-au-travail\/","title":{"rendered":"Comit\u00e9 d\u2019orientation sur la sant\u00e9 et la s\u00e9curit\u00e9 au travail"},"content":{"rendered":"\t\t<div data-elementor-type=\"wp-page\" data-elementor-id=\"20217\" class=\"elementor elementor-20217 elementor-724\" data-elementor-post-type=\"page\">\n\t\t\t\t<div class=\"elementor-element elementor-element-c91f2c8 e-flex e-con-boxed e-con e-parent\" data-id=\"c91f2c8\" data-element_type=\"container\" data-e-type=\"container\" data-settings=\"{&quot;background_background&quot;:&quot;classic&quot;}\">\n\t\t\t\t\t<div class=\"e-con-inner\">\n\t\t<div class=\"elementor-element elementor-element-6711c95 e-con-full e-flex e-con e-child\" data-id=\"6711c95\" data-element_type=\"container\" data-e-type=\"container\">\n\t\t\t\t<div class=\"elementor-element elementor-element-495a33e elementor-widget elementor-widget-text-editor\" data-id=\"495a33e\" data-element_type=\"widget\" data-e-type=\"widget\" data-widget_type=\"text-editor.default\">\n\t\t\t\t<div class=\"elementor-widget-container\">\n\t\t\t\t\t\t\t\t\t<p>L\u2019ACCTA a un membre nomm\u00e9 au sein de ce comit\u00e9 de NAV Canada. Le mandat principal du NCOSHPC est d\u2019identifier et de faire des recommandations \u00e0 la haute direction ainsi que de participer \u00e0 l\u2019\u00e9laboration de politiques relatives \u00e0 la s\u00e9curit\u00e9 et \u00e0 la sant\u00e9 au travail.<\/p>\t\t\t\t\t\t\t\t<\/div>\n\t\t\t\t<\/div>\n\t\t\t\t<div class=\"elementor-element elementor-element-b1d5e3e elementor-widget elementor-widget-text-editor\" data-id=\"b1d5e3e\" data-element_type=\"widget\" data-e-type=\"widget\" data-widget_type=\"text-editor.default\">\n\t\t\t\t<div class=\"elementor-widget-container\">\n\t\t\t\t\t\t\t\t\t<h1>Membre<\/h1><ul><li><strong>John Tomkinson,<\/strong> Comit\u00e9 de technologie de l&rsquo;ACCTA (copr\u00e9sidente)<\/li><\/ul>\t\t\t\t\t\t\t\t<\/div>\n\t\t\t\t<\/div>\n\t\t\t\t<div class=\"elementor-element elementor-element-5b78706 elementor-widget elementor-widget-text-editor\" data-id=\"5b78706\" data-element_type=\"widget\" data-e-type=\"widget\" data-widget_type=\"text-editor.default\">\n\t\t\t\t<div class=\"elementor-widget-container\">\n\t\t\t\t\t\t\t\t\t<h5>Pour toute question relative \u00e0 la politique en mati\u00e8re de s\u00e9curit\u00e9 et de sant\u00e9 au travail, veuillez contacter <a href=\"mailto:oshcommittee@catca.ca\">oshcommittee@catca.ca<\/a>.<\/h5>\t\t\t\t\t\t\t\t<\/div>\n\t\t\t\t<\/div>\n\t\t\t\t<\/div>\n\t\t\t\t\t<\/div>\n\t\t\t\t<\/div>\n\t\t<div class=\"elementor-element elementor-element-7e63e60 e-flex e-con-boxed e-con e-parent\" data-id=\"7e63e60\" data-element_type=\"container\" data-e-type=\"container\">\n\t\t\t\t\t<div class=\"e-con-inner\">\n\t\t\t\t\t<\/div>\n\t\t\t\t<\/div>\n\t\t\t\t<\/div>\n\t\t","protected":false},"excerpt":{"rendered":"<p>L\u2019ACCTA a un membre nomm\u00e9 au sein de ce comit\u00e9 de NAV Canada. Le mandat principal du NCOSHPC est d\u2019identifier et de faire des recommandations \u00e0 la haute direction ainsi que de participer \u00e0 l\u2019\u00e9laboration de politiques relatives \u00e0 la s\u00e9curit\u00e9 et \u00e0 la sant\u00e9 au travail. Membre John Tomkinson, Comit\u00e9 de technologie de l&rsquo;ACCTA [&hellip;]<\/p>\n","protected":false},"author":1,"featured_media":0,"parent":20112,"menu_order":0,"comment_status":"closed","ping_status":"closed","template":"elementor_header_footer","meta":{"_acf_changed":false,"footnotes":""},"folder":[],"class_list":["post-20217","page","type-page","status-publish","hentry"],"acf":[],"_links":{"self":[{"href":"https:\/\/catca.ca\/fr\/wp-json\/wp\/v2\/pages\/20217","targetHints":{"allow":["GET"]}}],"collection":[{"href":"https:\/\/catca.ca\/fr\/wp-json\/wp\/v2\/pages"}],"about":[{"href":"https:\/\/catca.ca\/fr\/wp-json\/wp\/v2\/types\/page"}],"author":[{"embeddable":true,"href":"https:\/\/catca.ca\/fr\/wp-json\/wp\/v2\/users\/1"}],"replies":[{"embeddable":true,"href":"https:\/\/catca.ca\/fr\/wp-json\/wp\/v2\/comments?post=20217"}],"version-history":[{"count":19,"href":"https:\/\/catca.ca\/fr\/wp-json\/wp\/v2\/pages\/20217\/revisions"}],"predecessor-version":[{"id":29629,"href":"https:\/\/catca.ca\/fr\/wp-json\/wp\/v2\/pages\/20217\/revisions\/29629"}],"up":[{"embeddable":true,"href":"https:\/\/catca.ca\/fr\/wp-json\/wp\/v2\/pages\/20112"}],"wp:attachment":[{"href":"https:\/\/catca.ca\/fr\/wp-json\/wp\/v2\/media?parent=20217"}],"wp:term":[{"taxonomy":"folder","embeddable":true,"href":"https:\/\/catca.ca\/fr\/wp-json\/wp\/v2\/folder?post=20217"}],"curies":[{"name":"wp","href":"https:\/\/api.w.org\/{rel}","templated":true}]}}