{"id":20205,"date":"2024-03-12T15:23:21","date_gmt":"2024-03-12T19:23:21","guid":{"rendered":"http:\/\/catca.ca\/comites\/comite-des-femmes\/"},"modified":"2025-11-27T15:20:44","modified_gmt":"2025-11-27T20:20:44","slug":"comite-des-femmes","status":"publish","type":"page","link":"https:\/\/catca.ca\/fr\/comites\/comite-des-femmes\/","title":{"rendered":"Comit\u00e9 des femmes"},"content":{"rendered":"\t\t<div data-elementor-type=\"wp-page\" data-elementor-id=\"20205\" class=\"elementor elementor-20205 elementor-725\" data-elementor-post-type=\"page\">\n\t\t\t\t<div class=\"elementor-element elementor-element-c91f2c8 e-flex e-con-boxed e-con e-parent\" data-id=\"c91f2c8\" data-element_type=\"container\" data-e-type=\"container\" data-settings=\"{&quot;background_background&quot;:&quot;classic&quot;}\">\n\t\t\t\t\t<div class=\"e-con-inner\">\n\t\t<div class=\"elementor-element elementor-element-6711c95 e-con-full e-flex e-con e-child\" data-id=\"6711c95\" data-element_type=\"container\" data-e-type=\"container\">\n\t\t\t\t<div class=\"elementor-element elementor-element-495a33e elementor-widget elementor-widget-text-editor\" data-id=\"495a33e\" data-element_type=\"widget\" data-e-type=\"widget\" data-widget_type=\"text-editor.default\">\n\t\t\t\t<div class=\"elementor-widget-container\">\n\t\t\t\t\t\t\t\t\t<p>La CATCA a cr\u00e9\u00e9 un comit\u00e9 des femmes lors du congr\u00e8s de 2019 afin de donner aux femmes membres de la CATCA l&rsquo;occasion et le lieu n\u00e9cessaires pour se conseiller, se soutenir et s&rsquo;inspirer mutuellement. Le comit\u00e9 encourage les femmes \u00e0 participer aux activit\u00e9s syndicales et soutient des changements mesurables, durables et positifs dans le statut des femmes au sein de la CATCA et de NAV Canada.<\/p>\t\t\t\t\t\t\t\t<\/div>\n\t\t\t\t<\/div>\n\t\t\t\t<div class=\"elementor-element elementor-element-48269b9 elementor-widget elementor-widget-text-editor\" data-id=\"48269b9\" data-element_type=\"widget\" data-e-type=\"widget\" data-widget_type=\"text-editor.default\">\n\t\t\t\t<div class=\"elementor-widget-container\">\n\t\t\t\t\t\t\t\t\t<h1>Members<\/h1><ul><li><strong>Ashley Mungar<\/strong>, Tour d&rsquo;Hamilton &#8211; Pr\u00e9sidente du comit\u00e9<\/li><li><strong>Tatiana Young<\/strong>, Tour de Springbank<\/li><li><strong>Celeste Milburn<\/strong>, ACC de Winnipeg<\/li><li><strong>Stephanie Michaud<\/strong>, Section Bytown<\/li><li><strong>Sophie Robert<\/strong>, Tour de St Hubert<\/li><li><strong>Sylvie Lemay<\/strong>, ACC de Montr\u00e9al<\/li><\/ul><p>Benoit Vachon, RVP St. Laurent, assurera la liaison avec le coneil ex\u00e9cutif.<\/p><h5><a href=\"https:\/\/catca.ca\/wp-content\/uploads\/2025\/10\/WomensCommittee-ToR_FRE.pdf\">Comit\u00e9 des femmes Mandat<\/a><\/h5>\t\t\t\t\t\t\t\t<\/div>\n\t\t\t\t<\/div>\n\t\t\t\t<div class=\"elementor-element elementor-element-57d22ee elementor-widget elementor-widget-text-editor\" data-id=\"57d22ee\" data-element_type=\"widget\" data-e-type=\"widget\" data-widget_type=\"text-editor.default\">\n\t\t\t\t<div class=\"elementor-widget-container\">\n\t\t\t\t\t\t\t\t\t<h6>Vous pouvez communiquer avec le comit\u00e9 des femmes par courriel \u00e0: <a href=\"mailto:womenscommittee@catca.ca\"><strong>womenscommittee@catca.ca<\/strong><\/a><\/h6>\t\t\t\t\t\t\t\t<\/div>\n\t\t\t\t<\/div>\n\t\t\t\t<\/div>\n\t\t\t\t\t<\/div>\n\t\t\t\t<\/div>\n\t\t<div class=\"elementor-element elementor-element-90ba551 e-flex e-con-boxed e-con e-parent\" data-id=\"90ba551\" data-element_type=\"container\" data-e-type=\"container\">\n\t\t\t\t\t<div class=\"e-con-inner\">\n\t\t\t\t\t<\/div>\n\t\t\t\t<\/div>\n\t\t\t\t<\/div>\n\t\t","protected":false},"excerpt":{"rendered":"<p>La CATCA a cr\u00e9\u00e9 un comit\u00e9 des femmes lors du congr\u00e8s de 2019 afin de donner aux femmes membres de la CATCA l&rsquo;occasion et le lieu n\u00e9cessaires pour se conseiller, se soutenir et s&rsquo;inspirer mutuellement. Le comit\u00e9 encourage les femmes \u00e0 participer aux activit\u00e9s syndicales et soutient des changements mesurables, durables et positifs dans le [&hellip;]<\/p>\n","protected":false},"author":1,"featured_media":0,"parent":20112,"menu_order":0,"comment_status":"closed","ping_status":"closed","template":"elementor_header_footer","meta":{"_acf_changed":false,"footnotes":""},"folder":[],"class_list":["post-20205","page","type-page","status-publish","hentry"],"acf":[],"_links":{"self":[{"href":"https:\/\/catca.ca\/fr\/wp-json\/wp\/v2\/pages\/20205","targetHints":{"allow":["GET"]}}],"collection":[{"href":"https:\/\/catca.ca\/fr\/wp-json\/wp\/v2\/pages"}],"about":[{"href":"https:\/\/catca.ca\/fr\/wp-json\/wp\/v2\/types\/page"}],"author":[{"embeddable":true,"href":"https:\/\/catca.ca\/fr\/wp-json\/wp\/v2\/users\/1"}],"replies":[{"embeddable":true,"href":"https:\/\/catca.ca\/fr\/wp-json\/wp\/v2\/comments?post=20205"}],"version-history":[{"count":33,"href":"https:\/\/catca.ca\/fr\/wp-json\/wp\/v2\/pages\/20205\/revisions"}],"predecessor-version":[{"id":29626,"href":"https:\/\/catca.ca\/fr\/wp-json\/wp\/v2\/pages\/20205\/revisions\/29626"}],"up":[{"embeddable":true,"href":"https:\/\/catca.ca\/fr\/wp-json\/wp\/v2\/pages\/20112"}],"wp:attachment":[{"href":"https:\/\/catca.ca\/fr\/wp-json\/wp\/v2\/media?parent=20205"}],"wp:term":[{"taxonomy":"folder","embeddable":true,"href":"https:\/\/catca.ca\/fr\/wp-json\/wp\/v2\/folder?post=20205"}],"curies":[{"name":"wp","href":"https:\/\/api.w.org\/{rel}","templated":true}]}}