{"id":20203,"date":"2024-03-12T15:23:10","date_gmt":"2024-03-12T19:23:10","guid":{"rendered":"http:\/\/catca.ca\/comites\/fiduciaires-du-fonds-dassurance\/"},"modified":"2025-11-27T15:19:23","modified_gmt":"2025-11-27T20:19:23","slug":"fiduciaires-du-fonds-dassurance","status":"publish","type":"page","link":"https:\/\/catca.ca\/fr\/comites\/fiduciaires-du-fonds-dassurance\/","title":{"rendered":"Fiduciaires du fonds d\u2019assurance"},"content":{"rendered":"\t\t<div data-elementor-type=\"wp-page\" data-elementor-id=\"20203\" class=\"elementor elementor-20203 elementor-723\" data-elementor-post-type=\"page\">\n\t\t\t\t<div class=\"elementor-element elementor-element-c91f2c8 e-flex e-con-boxed e-con e-parent\" data-id=\"c91f2c8\" data-element_type=\"container\" data-e-type=\"container\" data-settings=\"{&quot;background_background&quot;:&quot;classic&quot;}\">\n\t\t\t\t\t<div class=\"e-con-inner\">\n\t\t<div class=\"elementor-element elementor-element-6711c95 e-con-full e-flex e-con e-child\" data-id=\"6711c95\" data-element_type=\"container\" data-e-type=\"container\">\n\t\t\t\t<div class=\"elementor-element elementor-element-495a33e elementor-widget elementor-widget-text-editor\" data-id=\"495a33e\" data-element_type=\"widget\" data-e-type=\"widget\" data-widget_type=\"text-editor.default\">\n\t\t\t\t<div class=\"elementor-widget-container\">\n\t\t\t\t\t\t\t\t\t<p>Les nominations des administrateurs sont effectu\u00e9es par le Conseil d\u2019administration du Fonds et doivent inclure un membre du Comit\u00e9 ex\u00e9cutif national actuel de l\u2019ACCTA. Tous les administrateurs doivent avoir une exp\u00e9rience au niveau de l\u2019ex\u00e9cutif national du syndicat.<\/p>\n\t\t\t\t\t\t\t\t<\/div>\n\t\t\t\t<\/div>\n\t\t\t\t<div class=\"elementor-element elementor-element-213d853 elementor-widget elementor-widget-text-editor\" data-id=\"213d853\" data-element_type=\"widget\" data-e-type=\"widget\" data-widget_type=\"text-editor.default\">\n\t\t\t\t<div class=\"elementor-widget-container\">\n\t\t\t\t\t\t\t\t\t<h1>Membres<\/h1><p><strong>Scott Loder<\/strong>, Vice-pr\u00e9sident ex\u00e9cutif et directeur financier<\/p><p><strong>Jerry Brodt<\/strong>, Vice-pr\u00e9sident r\u00e9gional, Prairies<\/p><p><strong>Ian Thomson<\/strong>, Vice-pr\u00e9sident r\u00e9gional, Atlantique<\/p><p><strong>Scott Shields<\/strong><\/p>\t\t\t\t\t\t\t\t<\/div>\n\t\t\t\t<\/div>\n\t\t\t\t<\/div>\n\t\t\t\t\t<\/div>\n\t\t\t\t<\/div>\n\t\t\t\t<\/div>\n\t\t","protected":false},"excerpt":{"rendered":"<p>Les nominations des administrateurs sont effectu\u00e9es par le Conseil d\u2019administration du Fonds et doivent inclure un membre du Comit\u00e9 ex\u00e9cutif national actuel de l\u2019ACCTA. Tous les administrateurs doivent avoir une exp\u00e9rience au niveau de l\u2019ex\u00e9cutif national du syndicat. Membres Scott Loder, Vice-pr\u00e9sident ex\u00e9cutif et directeur financier Jerry Brodt, Vice-pr\u00e9sident r\u00e9gional, Prairies Ian Thomson, Vice-pr\u00e9sident r\u00e9gional, [&hellip;]<\/p>\n","protected":false},"author":1,"featured_media":0,"parent":20112,"menu_order":0,"comment_status":"closed","ping_status":"closed","template":"elementor_header_footer","meta":{"_acf_changed":false,"footnotes":""},"folder":[],"class_list":["post-20203","page","type-page","status-publish","hentry"],"acf":[],"_links":{"self":[{"href":"https:\/\/catca.ca\/fr\/wp-json\/wp\/v2\/pages\/20203","targetHints":{"allow":["GET"]}}],"collection":[{"href":"https:\/\/catca.ca\/fr\/wp-json\/wp\/v2\/pages"}],"about":[{"href":"https:\/\/catca.ca\/fr\/wp-json\/wp\/v2\/types\/page"}],"author":[{"embeddable":true,"href":"https:\/\/catca.ca\/fr\/wp-json\/wp\/v2\/users\/1"}],"replies":[{"embeddable":true,"href":"https:\/\/catca.ca\/fr\/wp-json\/wp\/v2\/comments?post=20203"}],"version-history":[{"count":7,"href":"https:\/\/catca.ca\/fr\/wp-json\/wp\/v2\/pages\/20203\/revisions"}],"predecessor-version":[{"id":29623,"href":"https:\/\/catca.ca\/fr\/wp-json\/wp\/v2\/pages\/20203\/revisions\/29623"}],"up":[{"embeddable":true,"href":"https:\/\/catca.ca\/fr\/wp-json\/wp\/v2\/pages\/20112"}],"wp:attachment":[{"href":"https:\/\/catca.ca\/fr\/wp-json\/wp\/v2\/media?parent=20203"}],"wp:term":[{"taxonomy":"folder","embeddable":true,"href":"https:\/\/catca.ca\/fr\/wp-json\/wp\/v2\/folder?post=20203"}],"curies":[{"name":"wp","href":"https:\/\/api.w.org\/{rel}","templated":true}]}}