{"id":20201,"date":"2024-03-12T15:23:06","date_gmt":"2024-03-12T19:23:06","guid":{"rendered":"http:\/\/catca.ca\/comites\/comite-des-elections\/"},"modified":"2025-11-27T15:18:41","modified_gmt":"2025-11-27T20:18:41","slug":"comite-des-elections","status":"publish","type":"page","link":"https:\/\/catca.ca\/fr\/comites\/comite-des-elections\/","title":{"rendered":"Comit\u00e9 des \u00e9lections"},"content":{"rendered":"\t\t<div data-elementor-type=\"wp-page\" data-elementor-id=\"20201\" class=\"elementor elementor-20201 elementor-722\" data-elementor-post-type=\"page\">\n\t\t\t\t<div class=\"elementor-element elementor-element-c91f2c8 e-flex e-con-boxed e-con e-parent\" data-id=\"c91f2c8\" data-element_type=\"container\" data-e-type=\"container\" data-settings=\"{&quot;background_background&quot;:&quot;classic&quot;}\">\n\t\t\t\t\t<div class=\"e-con-inner\">\n\t\t<div class=\"elementor-element elementor-element-6711c95 e-con-full e-flex e-con e-child\" data-id=\"6711c95\" data-element_type=\"container\" data-e-type=\"container\">\n\t\t\t\t<div class=\"elementor-element elementor-element-495a33e elementor-widget elementor-widget-text-editor\" data-id=\"495a33e\" data-element_type=\"widget\" data-e-type=\"widget\" data-widget_type=\"text-editor.default\">\n\t\t\t\t<div class=\"elementor-widget-container\">\n\t\t\t\t\t\t\t\t\t<p>Le comit\u00e9 des \u00e9lections est charg\u00e9 de superviser toutes les \u00e9lections et de veiller \u00e0 ce que tous les aspects de l\u2019\u00e9lection respectent les normes \u00e9tablies par le syndicat dans ses statuts. Ce comit\u00e9 s\u2019occupera \u00e9galement de tout litige ou plainte d\u00e9coulant des proc\u00e9dures \u00e9lectorales. Le comit\u00e9 est charg\u00e9 de faire des recommandations au Conseil ex\u00e9cutif de l\u2019ACCTA sur tout changement de proc\u00e9dure qui pourrait \u00eatre n\u00e9cessaire.<\/p>\n\t\t\t\t\t\t\t\t<\/div>\n\t\t\t\t<\/div>\n\t\t\t\t<div class=\"elementor-element elementor-element-866122b elementor-widget elementor-widget-text-editor\" data-id=\"866122b\" data-element_type=\"widget\" data-e-type=\"widget\" data-widget_type=\"text-editor.default\">\n\t\t\t\t<div class=\"elementor-widget-container\">\n\t\t\t\t\t\t\t\t\t<h1>Membres<\/h1><ul><li>Peter Bryant, ACC de Moncton<\/li><li>Chad Watt, Tour d&rsquo;Hamilton<\/li><li>Chris Robichaud, ACC de Moncton<\/li><\/ul>\t\t\t\t\t\t\t\t<\/div>\n\t\t\t\t<\/div>\n\t\t\t\t<\/div>\n\t\t\t\t\t<\/div>\n\t\t\t\t<\/div>\n\t\t<div class=\"elementor-element elementor-element-9f56062 e-flex e-con-boxed e-con e-parent\" data-id=\"9f56062\" data-element_type=\"container\" data-e-type=\"container\">\n\t\t\t\t\t<div class=\"e-con-inner\">\n\t\t\t\t\t<\/div>\n\t\t\t\t<\/div>\n\t\t\t\t<\/div>\n\t\t","protected":false},"excerpt":{"rendered":"<p>Le comit\u00e9 des \u00e9lections est charg\u00e9 de superviser toutes les \u00e9lections et de veiller \u00e0 ce que tous les aspects de l\u2019\u00e9lection respectent les normes \u00e9tablies par le syndicat dans ses statuts. Ce comit\u00e9 s\u2019occupera \u00e9galement de tout litige ou plainte d\u00e9coulant des proc\u00e9dures \u00e9lectorales. Le comit\u00e9 est charg\u00e9 de faire des recommandations au Conseil [&hellip;]<\/p>\n","protected":false},"author":1,"featured_media":0,"parent":20112,"menu_order":0,"comment_status":"closed","ping_status":"closed","template":"elementor_header_footer","meta":{"_acf_changed":false,"footnotes":""},"folder":[],"class_list":["post-20201","page","type-page","status-publish","hentry"],"acf":[],"_links":{"self":[{"href":"https:\/\/catca.ca\/fr\/wp-json\/wp\/v2\/pages\/20201","targetHints":{"allow":["GET"]}}],"collection":[{"href":"https:\/\/catca.ca\/fr\/wp-json\/wp\/v2\/pages"}],"about":[{"href":"https:\/\/catca.ca\/fr\/wp-json\/wp\/v2\/types\/page"}],"author":[{"embeddable":true,"href":"https:\/\/catca.ca\/fr\/wp-json\/wp\/v2\/users\/1"}],"replies":[{"embeddable":true,"href":"https:\/\/catca.ca\/fr\/wp-json\/wp\/v2\/comments?post=20201"}],"version-history":[{"count":7,"href":"https:\/\/catca.ca\/fr\/wp-json\/wp\/v2\/pages\/20201\/revisions"}],"predecessor-version":[{"id":29620,"href":"https:\/\/catca.ca\/fr\/wp-json\/wp\/v2\/pages\/20201\/revisions\/29620"}],"up":[{"embeddable":true,"href":"https:\/\/catca.ca\/fr\/wp-json\/wp\/v2\/pages\/20112"}],"wp:attachment":[{"href":"https:\/\/catca.ca\/fr\/wp-json\/wp\/v2\/media?parent=20201"}],"wp:term":[{"taxonomy":"folder","embeddable":true,"href":"https:\/\/catca.ca\/fr\/wp-json\/wp\/v2\/folder?post=20201"}],"curies":[{"name":"wp","href":"https:\/\/api.w.org\/{rel}","templated":true}]}}