{"id":20123,"date":"2024-03-08T00:39:46","date_gmt":"2024-03-08T05:39:46","guid":{"rendered":"http:\/\/catca.ca\/nous-contacter\/"},"modified":"2026-03-24T15:19:05","modified_gmt":"2026-03-24T19:19:05","slug":"nous-contacter","status":"publish","type":"page","link":"https:\/\/catca.ca\/fr\/nous-contacter\/","title":{"rendered":"Nous Contacter"},"content":{"rendered":"\t\t<div data-elementor-type=\"wp-page\" data-elementor-id=\"20123\" class=\"elementor elementor-20123 elementor-282\" data-elementor-post-type=\"page\">\n\t\t\t\t<div class=\"elementor-element elementor-element-ebc8fb2 e-flex e-con-boxed e-con e-parent\" data-id=\"ebc8fb2\" data-element_type=\"container\" data-e-type=\"container\" data-settings=\"{&quot;background_background&quot;:&quot;classic&quot;}\">\n\t\t\t\t\t<div class=\"e-con-inner\">\n\t\t<div class=\"elementor-element elementor-element-15e2577 e-con-full e-flex e-con e-child\" data-id=\"15e2577\" data-element_type=\"container\" data-e-type=\"container\">\n\t\t\t\t<div class=\"elementor-element elementor-element-2f67db7 elementor-widget elementor-widget-heading\" data-id=\"2f67db7\" data-element_type=\"widget\" data-e-type=\"widget\" data-widget_type=\"heading.default\">\n\t\t\t\t<div class=\"elementor-widget-container\">\n\t\t\t\t\t<h2 class=\"elementor-heading-title elementor-size-default\">Avez-vous besoin de plus d'informations? Ou vous avez une question?<\/h2>\t\t\t\t<\/div>\n\t\t\t\t<\/div>\n\t\t\t\t<div class=\"elementor-element elementor-element-e414fe9 elementor-widget elementor-widget-text-editor\" data-id=\"e414fe9\" data-element_type=\"widget\" data-e-type=\"widget\" data-widget_type=\"text-editor.default\">\n\t\t\t\t<div class=\"elementor-widget-container\">\n\t\t\t\t\t\t\t\t\t<p>Contactez-nous \u00e0 tout moment. Nous serions ravis de vous aider.<\/p>\t\t\t\t\t\t\t\t<\/div>\n\t\t\t\t<\/div>\n\t\t\t\t<div class=\"elementor-element elementor-element-1df4ae1 elementor-widget elementor-widget-heading\" data-id=\"1df4ae1\" data-element_type=\"widget\" data-e-type=\"widget\" data-widget_type=\"heading.default\">\n\t\t\t\t<div class=\"elementor-widget-container\">\n\t\t\t\t\t<h6 class=\"elementor-heading-title elementor-size-default\">Bureau national de l\u2019ACCTA<br>1573, avenue Laperri\u00e8re<br>Ottawa Canada K1Z 7T3<br>613.225.3553<br>catca@catca.ca<\/h6>\t\t\t\t<\/div>\n\t\t\t\t<\/div>\n\t\t\t\t<div class=\"elementor-element elementor-element-beb5b68 elementor-widget elementor-widget-spacer\" data-id=\"beb5b68\" data-element_type=\"widget\" data-e-type=\"widget\" data-widget_type=\"spacer.default\">\n\t\t\t\t<div class=\"elementor-widget-container\">\n\t\t\t\t\t\t\t<div class=\"elementor-spacer\">\n\t\t\t<div class=\"elementor-spacer-inner\"><\/div>\n\t\t<\/div>\n\t\t\t\t\t\t<\/div>\n\t\t\t\t<\/div>\n\t\t\t\t<div class=\"elementor-element elementor-element-86654ef elementor-widget elementor-widget-heading\" data-id=\"86654ef\" data-element_type=\"widget\" data-e-type=\"widget\" data-widget_type=\"heading.default\">\n\t\t\t\t<div class=\"elementor-widget-container\">\n\t\t\t\t\t<h5 class=\"elementor-heading-title elementor-size-default\">DEMANDES DE RENSEIGNEMENTS DES M\u00c9DIAS<\/h5>\t\t\t\t<\/div>\n\t\t\t\t<\/div>\n\t\t\t\t<div class=\"elementor-element elementor-element-70f4c93 elementor-widget elementor-widget-text-editor\" data-id=\"70f4c93\" data-element_type=\"widget\" data-e-type=\"widget\" data-widget_type=\"text-editor.default\">\n\t\t\t\t<div class=\"elementor-widget-container\">\n\t\t\t\t\t\t\t\t\t<p>Pour toutes les demandes des m\u00e9dias, veuillez contacter notre \u00e9quipe de presse \u00e0 l\u2019adresse <a href=\"mailto:media@catca.ca\">media@catca.ca<\/a>, et nous serons ravis de vous aider \u00e0 obtenir des informations ou des interviews.<\/p>\n\t\t\t\t\t\t\t\t<\/div>\n\t\t\t\t<\/div>\n\t\t\t\t<div class=\"elementor-element elementor-element-b026046 elementor-widget elementor-widget-heading\" data-id=\"b026046\" data-element_type=\"widget\" data-e-type=\"widget\" data-widget_type=\"heading.default\">\n\t\t\t\t<div class=\"elementor-widget-container\">\n\t\t\t\t\t<h3 class=\"elementor-heading-title elementor-size-default\">\u00c9quipe de direction<\/h3>\t\t\t\t<\/div>\n\t\t\t\t<\/div>\n\t\t<div class=\"elementor-element elementor-element-5737ef9 e-grid e-con-full e-con e-child\" data-id=\"5737ef9\" data-element_type=\"container\" data-e-type=\"container\">\n\t\t\t\t<div class=\"elementor-element elementor-element-8c1fdb9 elementor-widget elementor-widget-image\" data-id=\"8c1fdb9\" data-element_type=\"widget\" data-e-type=\"widget\" data-widget_type=\"image.default\">\n\t\t\t\t<div class=\"elementor-widget-container\">\n\t\t\t\t\t\t\t\t\t\t\t\t\t\t\t<img fetchpriority=\"high\" decoding=\"async\" width=\"300\" height=\"300\" src=\"https:\/\/catca.ca\/wp-content\/uploads\/2024\/03\/Nick-1-300x300.jpg\" class=\"attachment-medium size-medium wp-image-25529\" alt=\"\" srcset=\"https:\/\/catca.ca\/wp-content\/uploads\/2024\/03\/Nick-1-300x300.jpg 300w, https:\/\/catca.ca\/wp-content\/uploads\/2024\/03\/Nick-1-150x150.jpg 150w, https:\/\/catca.ca\/wp-content\/uploads\/2024\/03\/Nick-1-768x768.jpg 768w, https:\/\/catca.ca\/wp-content\/uploads\/2024\/03\/Nick-1-24x24.jpg 24w, https:\/\/catca.ca\/wp-content\/uploads\/2024\/03\/Nick-1-36x36.jpg 36w, https:\/\/catca.ca\/wp-content\/uploads\/2024\/03\/Nick-1-48x48.jpg 48w, https:\/\/catca.ca\/wp-content\/uploads\/2024\/03\/Nick-1.jpg 800w\" sizes=\"(max-width: 300px) 100vw, 300px\" \/>\t\t\t\t\t\t\t\t\t\t\t\t\t\t\t<\/div>\n\t\t\t\t<\/div>\n\t\t\t\t<div class=\"elementor-element elementor-element-850a992 elementor-widget elementor-widget-text-editor\" data-id=\"850a992\" data-element_type=\"widget\" data-e-type=\"widget\" data-widget_type=\"text-editor.default\">\n\t\t\t\t<div class=\"elementor-widget-container\">\n\t\t\t\t\t\t\t\t\t<h2>Pr\u00e9sident-directeur g\u00e9n\u00e9ral<\/h2>\n<h2>Nick von Schoenberg<\/h2>\nCellulaire: 778-840-1163\n\nCourriel: <a class=\"email-rev\" href=\"mailto:president@catca.ca\"> ac.actac@tnediserp\n<\/a>\t\t\t\t\t\t\t\t<\/div>\n\t\t\t\t<\/div>\n\t\t\t\t<div class=\"elementor-element elementor-element-283f408 elementor-widget elementor-widget-image\" data-id=\"283f408\" data-element_type=\"widget\" data-e-type=\"widget\" data-widget_type=\"image.default\">\n\t\t\t\t<div class=\"elementor-widget-container\">\n\t\t\t\t\t\t\t\t\t\t\t\t\t\t\t<img decoding=\"async\" width=\"300\" height=\"300\" data-src=\"https:\/\/catca.ca\/wp-content\/uploads\/2024\/03\/Scott-1-300x300.jpg\" class=\"attachment-medium size-medium wp-image-25531 lazyload\" alt=\"\" data-srcset=\"https:\/\/catca.ca\/wp-content\/uploads\/2024\/03\/Scott-1-300x300.jpg 300w, https:\/\/catca.ca\/wp-content\/uploads\/2024\/03\/Scott-1-150x150.jpg 150w, https:\/\/catca.ca\/wp-content\/uploads\/2024\/03\/Scott-1-768x768.jpg 768w, https:\/\/catca.ca\/wp-content\/uploads\/2024\/03\/Scott-1-24x24.jpg 24w, https:\/\/catca.ca\/wp-content\/uploads\/2024\/03\/Scott-1-36x36.jpg 36w, https:\/\/catca.ca\/wp-content\/uploads\/2024\/03\/Scott-1-48x48.jpg 48w, https:\/\/catca.ca\/wp-content\/uploads\/2024\/03\/Scott-1.jpg 800w\" data-sizes=\"(max-width: 300px) 100vw, 300px\" src=\"data:image\/svg+xml;base64,PHN2ZyB3aWR0aD0iMSIgaGVpZ2h0PSIxIiB4bWxucz0iaHR0cDovL3d3dy53My5vcmcvMjAwMC9zdmciPjwvc3ZnPg==\" style=\"--smush-placeholder-width: 300px; --smush-placeholder-aspect-ratio: 300\/300;\" \/>\t\t\t\t\t\t\t\t\t\t\t\t\t\t\t<\/div>\n\t\t\t\t<\/div>\n\t\t\t\t<div class=\"elementor-element elementor-element-3fb0b52 elementor-widget elementor-widget-text-editor\" data-id=\"3fb0b52\" data-element_type=\"widget\" data-e-type=\"widget\" data-widget_type=\"text-editor.default\">\n\t\t\t\t<div class=\"elementor-widget-container\">\n\t\t\t\t\t\t\t\t\t<h2>Vice-pr\u00e9sident r\u00e9gional &amp; directeur financier<\/h2><h3>Scott Loder<\/h3><p>Cellulaire: 613-225-1908<br \/><br \/>Courriel: <a class=\"email-rev\" href=\"mailto:sloder@catca.ca\"> ac.actac@redols<br \/><\/a><\/p>\t\t\t\t\t\t\t\t<\/div>\n\t\t\t\t<\/div>\n\t\t\t\t<div class=\"elementor-element elementor-element-4da12bc elementor-widget elementor-widget-image\" data-id=\"4da12bc\" data-element_type=\"widget\" data-e-type=\"widget\" data-widget_type=\"image.default\">\n\t\t\t\t<div class=\"elementor-widget-container\">\n\t\t\t\t\t\t\t\t\t\t\t\t\t\t\t<img decoding=\"async\" width=\"300\" height=\"300\" data-src=\"https:\/\/catca.ca\/wp-content\/uploads\/2024\/03\/Ben-1-300x300.jpg\" class=\"attachment-medium size-medium wp-image-25533 lazyload\" alt=\"\" data-srcset=\"https:\/\/catca.ca\/wp-content\/uploads\/2024\/03\/Ben-1-300x300.jpg 300w, https:\/\/catca.ca\/wp-content\/uploads\/2024\/03\/Ben-1-150x150.jpg 150w, https:\/\/catca.ca\/wp-content\/uploads\/2024\/03\/Ben-1-768x768.jpg 768w, https:\/\/catca.ca\/wp-content\/uploads\/2024\/03\/Ben-1-24x24.jpg 24w, https:\/\/catca.ca\/wp-content\/uploads\/2024\/03\/Ben-1-36x36.jpg 36w, https:\/\/catca.ca\/wp-content\/uploads\/2024\/03\/Ben-1-48x48.jpg 48w, https:\/\/catca.ca\/wp-content\/uploads\/2024\/03\/Ben-1.jpg 800w\" data-sizes=\"(max-width: 300px) 100vw, 300px\" src=\"data:image\/svg+xml;base64,PHN2ZyB3aWR0aD0iMSIgaGVpZ2h0PSIxIiB4bWxucz0iaHR0cDovL3d3dy53My5vcmcvMjAwMC9zdmciPjwvc3ZnPg==\" style=\"--smush-placeholder-width: 300px; --smush-placeholder-aspect-ratio: 300\/300;\" \/>\t\t\t\t\t\t\t\t\t\t\t\t\t\t\t<\/div>\n\t\t\t\t<\/div>\n\t\t\t\t<div class=\"elementor-element elementor-element-5d3c2c3 elementor-widget elementor-widget-text-editor\" data-id=\"5d3c2c3\" data-element_type=\"widget\" data-e-type=\"widget\" data-widget_type=\"text-editor.default\">\n\t\t\t\t<div class=\"elementor-widget-container\">\n\t\t\t\t\t\t\t\t\t<h2>Vice-pr\u00e9sident r\u00e9gional, St. Laurent<\/h2>\n<h2>Benoit Vachon<\/h2>\nCellulaire: 514-715-0145\n\nCourriel: <a class=\"email-rev\" href=\"mailto:bvachon@catca.ca\"> ac.actac@nohcavb\n<\/a>\t\t\t\t\t\t\t\t<\/div>\n\t\t\t\t<\/div>\n\t\t\t\t<div class=\"elementor-element elementor-element-69a1f90 elementor-widget elementor-widget-image\" data-id=\"69a1f90\" data-element_type=\"widget\" data-e-type=\"widget\" data-widget_type=\"image.default\">\n\t\t\t\t<div class=\"elementor-widget-container\">\n\t\t\t\t\t\t\t\t\t\t\t\t\t\t\t<img decoding=\"async\" width=\"300\" height=\"300\" data-src=\"https:\/\/catca.ca\/wp-content\/uploads\/2024\/03\/Chris-1-300x300.jpg\" class=\"attachment-medium size-medium wp-image-25535 lazyload\" alt=\"\" data-srcset=\"https:\/\/catca.ca\/wp-content\/uploads\/2024\/03\/Chris-1-300x300.jpg 300w, https:\/\/catca.ca\/wp-content\/uploads\/2024\/03\/Chris-1-150x150.jpg 150w, https:\/\/catca.ca\/wp-content\/uploads\/2024\/03\/Chris-1-768x768.jpg 768w, https:\/\/catca.ca\/wp-content\/uploads\/2024\/03\/Chris-1-24x24.jpg 24w, https:\/\/catca.ca\/wp-content\/uploads\/2024\/03\/Chris-1-36x36.jpg 36w, https:\/\/catca.ca\/wp-content\/uploads\/2024\/03\/Chris-1-48x48.jpg 48w, https:\/\/catca.ca\/wp-content\/uploads\/2024\/03\/Chris-1.jpg 800w\" data-sizes=\"(max-width: 300px) 100vw, 300px\" src=\"data:image\/svg+xml;base64,PHN2ZyB3aWR0aD0iMSIgaGVpZ2h0PSIxIiB4bWxucz0iaHR0cDovL3d3dy53My5vcmcvMjAwMC9zdmciPjwvc3ZnPg==\" style=\"--smush-placeholder-width: 300px; --smush-placeholder-aspect-ratio: 300\/300;\" \/>\t\t\t\t\t\t\t\t\t\t\t\t\t\t\t<\/div>\n\t\t\t\t<\/div>\n\t\t\t\t<div class=\"elementor-element elementor-element-209b072 elementor-widget elementor-widget-text-editor\" data-id=\"209b072\" data-element_type=\"widget\" data-e-type=\"widget\" data-widget_type=\"text-editor.default\">\n\t\t\t\t<div class=\"elementor-widget-container\">\n\t\t\t\t\t\t\t\t\t<h2>Vice-pr\u00e9sident r\u00e9gional, Central<\/h2>\n<h2>Chris Kenny<\/h2>\nCellulaire: 905-536-2211\n\nCourriel: <a class=\"email-rev\" href=\"mailto:ckenny@catca.ca\"> ac.actac@ynnekc\n<\/a>\t\t\t\t\t\t\t\t<\/div>\n\t\t\t\t<\/div>\n\t\t\t\t<div class=\"elementor-element elementor-element-3a33015 elementor-widget elementor-widget-image\" data-id=\"3a33015\" data-element_type=\"widget\" data-e-type=\"widget\" data-widget_type=\"image.default\">\n\t\t\t\t<div class=\"elementor-widget-container\">\n\t\t\t\t\t\t\t\t\t\t\t\t\t\t\t<img decoding=\"async\" width=\"300\" height=\"300\" data-src=\"https:\/\/catca.ca\/wp-content\/uploads\/2024\/03\/Ian-1-300x300.jpg\" class=\"attachment-medium size-medium wp-image-25537 lazyload\" alt=\"\" data-srcset=\"https:\/\/catca.ca\/wp-content\/uploads\/2024\/03\/Ian-1-300x300.jpg 300w, https:\/\/catca.ca\/wp-content\/uploads\/2024\/03\/Ian-1-150x150.jpg 150w, https:\/\/catca.ca\/wp-content\/uploads\/2024\/03\/Ian-1-768x768.jpg 768w, https:\/\/catca.ca\/wp-content\/uploads\/2024\/03\/Ian-1-24x24.jpg 24w, https:\/\/catca.ca\/wp-content\/uploads\/2024\/03\/Ian-1-36x36.jpg 36w, https:\/\/catca.ca\/wp-content\/uploads\/2024\/03\/Ian-1-48x48.jpg 48w, https:\/\/catca.ca\/wp-content\/uploads\/2024\/03\/Ian-1.jpg 800w\" data-sizes=\"(max-width: 300px) 100vw, 300px\" src=\"data:image\/svg+xml;base64,PHN2ZyB3aWR0aD0iMSIgaGVpZ2h0PSIxIiB4bWxucz0iaHR0cDovL3d3dy53My5vcmcvMjAwMC9zdmciPjwvc3ZnPg==\" style=\"--smush-placeholder-width: 300px; --smush-placeholder-aspect-ratio: 300\/300;\" \/>\t\t\t\t\t\t\t\t\t\t\t\t\t\t\t<\/div>\n\t\t\t\t<\/div>\n\t\t\t\t<div class=\"elementor-element elementor-element-abd8ed8 elementor-widget elementor-widget-text-editor\" data-id=\"abd8ed8\" data-element_type=\"widget\" data-e-type=\"widget\" data-widget_type=\"text-editor.default\">\n\t\t\t\t<div class=\"elementor-widget-container\">\n\t\t\t\t\t\t\t\t\t<h2>Vice-pr\u00e9sident r\u00e9gional, Atlantic<\/h2>\n<h2>Ian Thomson<\/h2>\nCellulaire: 506-229-6648\n\nCourriel: <a class=\"email-rev\" href=\"mailto:ithomson@catca.ca\"> ac.actac@nosmohti\n<\/a>\t\t\t\t\t\t\t\t<\/div>\n\t\t\t\t<\/div>\n\t\t\t\t<div class=\"elementor-element elementor-element-1ad24ad elementor-widget elementor-widget-image\" data-id=\"1ad24ad\" data-element_type=\"widget\" data-e-type=\"widget\" data-widget_type=\"image.default\">\n\t\t\t\t<div class=\"elementor-widget-container\">\n\t\t\t\t\t\t\t\t\t\t\t\t\t\t\t<img decoding=\"async\" width=\"300\" height=\"300\" data-src=\"https:\/\/catca.ca\/wp-content\/uploads\/2024\/03\/Jerry-1-300x300.jpg\" class=\"attachment-medium size-medium wp-image-25541 lazyload\" alt=\"\" data-srcset=\"https:\/\/catca.ca\/wp-content\/uploads\/2024\/03\/Jerry-1-300x300.jpg 300w, https:\/\/catca.ca\/wp-content\/uploads\/2024\/03\/Jerry-1-150x150.jpg 150w, https:\/\/catca.ca\/wp-content\/uploads\/2024\/03\/Jerry-1-768x768.jpg 768w, https:\/\/catca.ca\/wp-content\/uploads\/2024\/03\/Jerry-1-24x24.jpg 24w, https:\/\/catca.ca\/wp-content\/uploads\/2024\/03\/Jerry-1-36x36.jpg 36w, https:\/\/catca.ca\/wp-content\/uploads\/2024\/03\/Jerry-1-48x48.jpg 48w, https:\/\/catca.ca\/wp-content\/uploads\/2024\/03\/Jerry-1.jpg 800w\" data-sizes=\"(max-width: 300px) 100vw, 300px\" src=\"data:image\/svg+xml;base64,PHN2ZyB3aWR0aD0iMSIgaGVpZ2h0PSIxIiB4bWxucz0iaHR0cDovL3d3dy53My5vcmcvMjAwMC9zdmciPjwvc3ZnPg==\" style=\"--smush-placeholder-width: 300px; --smush-placeholder-aspect-ratio: 300\/300;\" \/>\t\t\t\t\t\t\t\t\t\t\t\t\t\t\t<\/div>\n\t\t\t\t<\/div>\n\t\t\t\t<div class=\"elementor-element elementor-element-b6904b3 elementor-widget elementor-widget-text-editor\" data-id=\"b6904b3\" data-element_type=\"widget\" data-e-type=\"widget\" data-widget_type=\"text-editor.default\">\n\t\t\t\t<div class=\"elementor-widget-container\">\n\t\t\t\t\t\t\t\t\t<h2>Vice-pr\u00e9sident r\u00e9gional, Prairies<\/h2><h2>Jerry Brodt<\/h2><p>Cellulaire:\u00a0780-504-2297<\/p><p>Courriel: <a class=\"email-rev\" href=\"mailto:jbrodt@catca.ca\"> ac.actac@tdorbj<br \/><\/a><\/p>\t\t\t\t\t\t\t\t<\/div>\n\t\t\t\t<\/div>\n\t\t\t\t<div class=\"elementor-element elementor-element-0b834bf elementor-widget elementor-widget-image\" data-id=\"0b834bf\" data-element_type=\"widget\" data-e-type=\"widget\" data-widget_type=\"image.default\">\n\t\t\t\t<div class=\"elementor-widget-container\">\n\t\t\t\t\t\t\t\t\t\t\t\t\t\t\t<img decoding=\"async\" width=\"300\" height=\"300\" data-src=\"https:\/\/catca.ca\/wp-content\/uploads\/2024\/03\/Andrew-1-300x300.jpg\" class=\"attachment-medium size-medium wp-image-25539 lazyload\" alt=\"\" data-srcset=\"https:\/\/catca.ca\/wp-content\/uploads\/2024\/03\/Andrew-1-300x300.jpg 300w, https:\/\/catca.ca\/wp-content\/uploads\/2024\/03\/Andrew-1-150x150.jpg 150w, https:\/\/catca.ca\/wp-content\/uploads\/2024\/03\/Andrew-1-768x768.jpg 768w, https:\/\/catca.ca\/wp-content\/uploads\/2024\/03\/Andrew-1-24x24.jpg 24w, https:\/\/catca.ca\/wp-content\/uploads\/2024\/03\/Andrew-1-36x36.jpg 36w, https:\/\/catca.ca\/wp-content\/uploads\/2024\/03\/Andrew-1-48x48.jpg 48w, https:\/\/catca.ca\/wp-content\/uploads\/2024\/03\/Andrew-1.jpg 800w\" data-sizes=\"(max-width: 300px) 100vw, 300px\" src=\"data:image\/svg+xml;base64,PHN2ZyB3aWR0aD0iMSIgaGVpZ2h0PSIxIiB4bWxucz0iaHR0cDovL3d3dy53My5vcmcvMjAwMC9zdmciPjwvc3ZnPg==\" style=\"--smush-placeholder-width: 300px; --smush-placeholder-aspect-ratio: 300\/300;\" \/>\t\t\t\t\t\t\t\t\t\t\t\t\t\t\t<\/div>\n\t\t\t\t<\/div>\n\t\t\t\t<div class=\"elementor-element elementor-element-00de59e elementor-widget elementor-widget-text-editor\" data-id=\"00de59e\" data-element_type=\"widget\" data-e-type=\"widget\" data-widget_type=\"text-editor.default\">\n\t\t\t\t<div class=\"elementor-widget-container\">\n\t\t\t\t\t\t\t\t\t<h2>Vice-pr\u00e9sident r\u00e9gional, Pacific<\/h2><h2>Andrew Worthington<\/h2><p>Cellulaire:\u00a0604-762-8562<br \/><br \/>Courriel: <a class=\"email-rev\" href=\"mailto:aworthington@catca.ca\"> ac.actac@notgnihtrowa<br \/><\/a><\/p>\t\t\t\t\t\t\t\t<\/div>\n\t\t\t\t<\/div>\n\t\t\t\t<\/div>\n\t\t\t\t<div class=\"elementor-element elementor-element-33a5d29 elementor-widget elementor-widget-heading\" data-id=\"33a5d29\" data-element_type=\"widget\" data-e-type=\"widget\" data-widget_type=\"heading.default\">\n\t\t\t\t<div class=\"elementor-widget-container\">\n\t\t\t\t\t<h3 class=\"elementor-heading-title elementor-size-default\">Bureau national<\/h3>\t\t\t\t<\/div>\n\t\t\t\t<\/div>\n\t\t<div class=\"elementor-element elementor-element-9e3c6b7 e-con-full e-flex e-con e-child\" data-id=\"9e3c6b7\" data-element_type=\"container\" data-e-type=\"container\">\n\t\t<div class=\"elementor-element elementor-element-8dad1dd e-grid e-con-full e-con e-child\" data-id=\"8dad1dd\" data-element_type=\"container\" data-e-type=\"container\">\n\t\t\t\t<div class=\"elementor-element elementor-element-cddcfad elementor-widget elementor-widget-image\" data-id=\"cddcfad\" data-element_type=\"widget\" data-e-type=\"widget\" data-widget_type=\"image.default\">\n\t\t\t\t<div class=\"elementor-widget-container\">\n\t\t\t\t\t\t\t\t\t\t\t\t\t\t\t<img decoding=\"async\" width=\"300\" height=\"287\" data-src=\"https:\/\/catca.ca\/wp-content\/uploads\/2024\/03\/2024-02-08-brandy-Copy-1-300x287.jpg\" class=\"attachment-medium size-medium wp-image-25549 lazyload\" alt=\"\" data-srcset=\"https:\/\/catca.ca\/wp-content\/uploads\/2024\/03\/2024-02-08-brandy-Copy-1-300x287.jpg 300w, https:\/\/catca.ca\/wp-content\/uploads\/2024\/03\/2024-02-08-brandy-Copy-1-1024x978.jpg 1024w, https:\/\/catca.ca\/wp-content\/uploads\/2024\/03\/2024-02-08-brandy-Copy-1-768x734.jpg 768w, https:\/\/catca.ca\/wp-content\/uploads\/2024\/03\/2024-02-08-brandy-Copy-1-1536x1467.jpg 1536w, https:\/\/catca.ca\/wp-content\/uploads\/2024\/03\/2024-02-08-brandy-Copy-1-2048x1956.jpg 2048w, https:\/\/catca.ca\/wp-content\/uploads\/2024\/03\/2024-02-08-brandy-Copy-1-24x24.jpg 24w, https:\/\/catca.ca\/wp-content\/uploads\/2024\/03\/2024-02-08-brandy-Copy-1-36x34.jpg 36w, https:\/\/catca.ca\/wp-content\/uploads\/2024\/03\/2024-02-08-brandy-Copy-1-48x46.jpg 48w\" data-sizes=\"(max-width: 300px) 100vw, 300px\" src=\"data:image\/svg+xml;base64,PHN2ZyB3aWR0aD0iMSIgaGVpZ2h0PSIxIiB4bWxucz0iaHR0cDovL3d3dy53My5vcmcvMjAwMC9zdmciPjwvc3ZnPg==\" style=\"--smush-placeholder-width: 300px; --smush-placeholder-aspect-ratio: 300\/287;\" \/>\t\t\t\t\t\t\t\t\t\t\t\t\t\t\t<\/div>\n\t\t\t\t<\/div>\n\t\t\t\t<div class=\"elementor-element elementor-element-36a567d elementor-widget elementor-widget-text-editor\" data-id=\"36a567d\" data-element_type=\"widget\" data-e-type=\"widget\" data-widget_type=\"text-editor.default\">\n\t\t\t\t<div class=\"elementor-widget-container\">\n\t\t\t\t\t\t\t\t\t<h2>Assistant financier et comptable<\/h2><h2>Brandy Chadala<\/h2><p>Courriel: <a class=\"email-rev\" href=\"mailto:finance@catca.ca\"> ac.actac@<\/a><a class=\"email-rev\" href=\"mailto:finance@catca.ca\">ecnanif<\/a><a class=\"email-rev\" href=\"mailto:finance@catca.ca\"><br \/><\/a><\/p>\t\t\t\t\t\t\t\t<\/div>\n\t\t\t\t<\/div>\n\t\t\t\t<div class=\"elementor-element elementor-element-d9c4abc elementor-widget elementor-widget-image\" data-id=\"d9c4abc\" data-element_type=\"widget\" data-e-type=\"widget\" data-widget_type=\"image.default\">\n\t\t\t\t<div class=\"elementor-widget-container\">\n\t\t\t\t\t\t\t\t\t\t\t\t\t\t\t<img decoding=\"async\" width=\"300\" height=\"300\" data-src=\"https:\/\/catca.ca\/wp-content\/uploads\/2025\/09\/istockphoto-2212478701-612x612-1-300x300.jpg\" class=\"attachment-medium size-medium wp-image-28412 lazyload\" alt=\"\" data-srcset=\"https:\/\/catca.ca\/wp-content\/uploads\/2025\/09\/istockphoto-2212478701-612x612-1-300x300.jpg 300w, https:\/\/catca.ca\/wp-content\/uploads\/2025\/09\/istockphoto-2212478701-612x612-1-150x150.jpg 150w, https:\/\/catca.ca\/wp-content\/uploads\/2025\/09\/istockphoto-2212478701-612x612-1-24x24.jpg 24w, https:\/\/catca.ca\/wp-content\/uploads\/2025\/09\/istockphoto-2212478701-612x612-1-36x36.jpg 36w, https:\/\/catca.ca\/wp-content\/uploads\/2025\/09\/istockphoto-2212478701-612x612-1-48x48.jpg 48w, https:\/\/catca.ca\/wp-content\/uploads\/2025\/09\/istockphoto-2212478701-612x612-1.jpg 611w\" data-sizes=\"(max-width: 300px) 100vw, 300px\" src=\"data:image\/svg+xml;base64,PHN2ZyB3aWR0aD0iMSIgaGVpZ2h0PSIxIiB4bWxucz0iaHR0cDovL3d3dy53My5vcmcvMjAwMC9zdmciPjwvc3ZnPg==\" style=\"--smush-placeholder-width: 300px; --smush-placeholder-aspect-ratio: 300\/300;\" \/>\t\t\t\t\t\t\t\t\t\t\t\t\t\t\t<\/div>\n\t\t\t\t<\/div>\n\t\t\t\t<div class=\"elementor-element elementor-element-941a1df elementor-widget elementor-widget-text-editor\" data-id=\"941a1df\" data-element_type=\"widget\" data-e-type=\"widget\" data-widget_type=\"text-editor.default\">\n\t\t\t\t<div class=\"elementor-widget-container\">\n\t\t\t\t\t\t\t\t\t<h2>Responsable de la communication<\/h2>\n<h3>Stacey Palangio<\/h3>\nCourriel: <a class=\"email-rev\" href=\"mailto:communications@catca.ca\"> ac.actac@snoitacinummoc\n<\/a>\t\t\t\t\t\t\t\t<\/div>\n\t\t\t\t<\/div>\n\t\t\t\t<div class=\"elementor-element elementor-element-b29f333 elementor-widget elementor-widget-image\" data-id=\"b29f333\" data-element_type=\"widget\" data-e-type=\"widget\" data-widget_type=\"image.default\">\n\t\t\t\t<div class=\"elementor-widget-container\">\n\t\t\t\t\t\t\t\t\t\t\t\t\t\t\t<img decoding=\"async\" width=\"300\" height=\"300\" data-src=\"https:\/\/catca.ca\/wp-content\/uploads\/2025\/09\/default-avatar-photo-placeholder-icon-grey-vector-38519922-e1699300466746-300x300.jpg\" class=\"attachment-medium size-medium wp-image-28414 lazyload\" alt=\"\" data-srcset=\"https:\/\/catca.ca\/wp-content\/uploads\/2025\/09\/default-avatar-photo-placeholder-icon-grey-vector-38519922-e1699300466746-300x300.jpg 300w, https:\/\/catca.ca\/wp-content\/uploads\/2025\/09\/default-avatar-photo-placeholder-icon-grey-vector-38519922-e1699300466746-150x150.jpg 150w, https:\/\/catca.ca\/wp-content\/uploads\/2025\/09\/default-avatar-photo-placeholder-icon-grey-vector-38519922-e1699300466746-768x768.jpg 768w, https:\/\/catca.ca\/wp-content\/uploads\/2025\/09\/default-avatar-photo-placeholder-icon-grey-vector-38519922-e1699300466746-24x24.jpg 24w, https:\/\/catca.ca\/wp-content\/uploads\/2025\/09\/default-avatar-photo-placeholder-icon-grey-vector-38519922-e1699300466746-36x36.jpg 36w, https:\/\/catca.ca\/wp-content\/uploads\/2025\/09\/default-avatar-photo-placeholder-icon-grey-vector-38519922-e1699300466746-48x48.jpg 48w, https:\/\/catca.ca\/wp-content\/uploads\/2025\/09\/default-avatar-photo-placeholder-icon-grey-vector-38519922-e1699300466746.jpg 849w\" data-sizes=\"(max-width: 300px) 100vw, 300px\" src=\"data:image\/svg+xml;base64,PHN2ZyB3aWR0aD0iMSIgaGVpZ2h0PSIxIiB4bWxucz0iaHR0cDovL3d3dy53My5vcmcvMjAwMC9zdmciPjwvc3ZnPg==\" style=\"--smush-placeholder-width: 300px; --smush-placeholder-aspect-ratio: 300\/300;\" \/>\t\t\t\t\t\t\t\t\t\t\t\t\t\t\t<\/div>\n\t\t\t\t<\/div>\n\t\t\t\t<div class=\"elementor-element elementor-element-2decac7 elementor-widget elementor-widget-text-editor\" data-id=\"2decac7\" data-element_type=\"widget\" data-e-type=\"widget\" data-widget_type=\"text-editor.default\">\n\t\t\t\t<div class=\"elementor-widget-container\">\n\t\t\t\t\t\t\t\t\t<h2>Assistant administratif<\/h2>\n<h3>Kristen Murphy<\/h3>\nCourriel: <a class=\"email-rev\" href=\"mailto:adminassistant@catca.ca\"> ac.actac@tnatsissanimda\n<\/a>\t\t\t\t\t\t\t\t<\/div>\n\t\t\t\t<\/div>\n\t\t\t\t<\/div>\n\t\t\t\t<\/div>\n\t\t\t\t<\/div>\n\t\t\t\t\t<\/div>\n\t\t\t\t<\/div>\n\t\t\t\t<\/div>\n\t\t","protected":false},"excerpt":{"rendered":"<p>Avez-vous besoin de plus d&rsquo;informations? Ou vous avez une question? Contactez-nous \u00e0 tout moment. Nous serions ravis de vous aider. Bureau national de l\u2019ACCTA1573, avenue Laperri\u00e8reOttawa Canada K1Z 7T3613.225.3553catca@catca.ca DEMANDES DE RENSEIGNEMENTS DES M\u00c9DIAS Pour toutes les demandes des m\u00e9dias, veuillez contacter notre \u00e9quipe de presse \u00e0 l\u2019adresse media@catca.ca, et nous serons ravis de vous [&hellip;]<\/p>\n","protected":false},"author":1,"featured_media":0,"parent":0,"menu_order":0,"comment_status":"closed","ping_status":"closed","template":"elementor_header_footer","meta":{"_acf_changed":false,"footnotes":""},"folder":[101],"class_list":["post-20123","page","type-page","status-publish","hentry"],"acf":[],"_links":{"self":[{"href":"https:\/\/catca.ca\/fr\/wp-json\/wp\/v2\/pages\/20123","targetHints":{"allow":["GET"]}}],"collection":[{"href":"https:\/\/catca.ca\/fr\/wp-json\/wp\/v2\/pages"}],"about":[{"href":"https:\/\/catca.ca\/fr\/wp-json\/wp\/v2\/types\/page"}],"author":[{"embeddable":true,"href":"https:\/\/catca.ca\/fr\/wp-json\/wp\/v2\/users\/1"}],"replies":[{"embeddable":true,"href":"https:\/\/catca.ca\/fr\/wp-json\/wp\/v2\/comments?post=20123"}],"version-history":[{"count":38,"href":"https:\/\/catca.ca\/fr\/wp-json\/wp\/v2\/pages\/20123\/revisions"}],"predecessor-version":[{"id":30115,"href":"https:\/\/catca.ca\/fr\/wp-json\/wp\/v2\/pages\/20123\/revisions\/30115"}],"wp:attachment":[{"href":"https:\/\/catca.ca\/fr\/wp-json\/wp\/v2\/media?parent=20123"}],"wp:term":[{"taxonomy":"folder","embeddable":true,"href":"https:\/\/catca.ca\/fr\/wp-json\/wp\/v2\/folder?post=20123"}],"curies":[{"name":"wp","href":"https:\/\/api.w.org\/{rel}","templated":true}]}}