{"id":20116,"date":"2024-03-12T18:06:50","date_gmt":"2024-03-12T22:06:50","guid":{"rendered":"http:\/\/catca.ca\/carte-de-membre\/"},"modified":"2024-05-03T11:38:05","modified_gmt":"2024-05-03T15:38:05","slug":"carte-de-membre","status":"publish","type":"page","link":"https:\/\/catca.ca\/fr\/carte-de-membre\/","title":{"rendered":"Carte de membre"},"content":{"rendered":"\t\t<div data-elementor-type=\"wp-page\" data-elementor-id=\"20116\" class=\"elementor elementor-20116 elementor-824\" data-elementor-post-type=\"page\">\n\t\t\t\t<div class=\"elementor-element elementor-element-c91f2c8 e-flex e-con-boxed e-con e-parent\" data-id=\"c91f2c8\" data-element_type=\"container\" data-e-type=\"container\" data-settings=\"{&quot;background_background&quot;:&quot;classic&quot;}\">\n\t\t\t\t\t<div class=\"e-con-inner\">\n\t\t<div class=\"elementor-element elementor-element-6711c95 e-con-full e-flex e-con e-child\" data-id=\"6711c95\" data-element_type=\"container\" data-e-type=\"container\">\n\t\t\t\t<div class=\"elementor-element elementor-element-64635e6 elementor-widget elementor-widget-heading\" data-id=\"64635e6\" data-element_type=\"widget\" data-e-type=\"widget\" data-widget_type=\"heading.default\">\n\t\t\t\t<div class=\"elementor-widget-container\">\n\t\t\t\t\t<h2 class=\"elementor-heading-title elementor-size-default\">Formulaire d'adh\u00e9sion \u00e0 l'ACCTA<\/h2>\t\t\t\t<\/div>\n\t\t\t\t<\/div>\n\t\t\t\t<div class=\"elementor-element elementor-element-495a33e elementor-widget elementor-widget-text-editor\" data-id=\"495a33e\" data-element_type=\"widget\" data-e-type=\"widget\" data-widget_type=\"text-editor.default\">\n\t\t\t\t<div class=\"elementor-widget-container\">\n\t\t\t\t\t\t\t\t\tNote aux nouveaux membres : Conform\u00e9ment \u00e0 l\u2019article 32.24 de la convention collective, un stagiaire ab-initio devient un employ\u00e9 de l\u2019unit\u00e9 de n\u00e9gociation de l\u2019ACCTA seulement lorsqu\u2019il re\u00e7oit un certificat attestant qu\u2019il a termin\u00e9 avec succ\u00e8s un cours sur le contr\u00f4le de la circulation a\u00e9rienne donn\u00e9 par NAV CANADA.\r\n\r\nVeuillez remplir ce formulaire d\u2019adh\u00e9sion UNIQUEMENT apr\u00e8s avoir termin\u00e9 avec succ\u00e8s votre cours et avoir commenc\u00e9 \u00e0 payer les cotisations.\t\t\t\t\t\t\t\t<\/div>\n\t\t\t\t<\/div>\n\t\t\t\t<div class=\"elementor-element elementor-element-258d133 elementor-button-align-stretch elementor-widget elementor-widget-form\" data-id=\"258d133\" data-element_type=\"widget\" data-e-type=\"widget\" data-settings=\"{&quot;step_next_label&quot;:&quot;Suivant&quot;,&quot;step_previous_label&quot;:&quot;Pr\\u00e9c\\u00e9dent&quot;,&quot;button_width&quot;:&quot;20&quot;,&quot;step_type&quot;:&quot;number_text&quot;,&quot;step_icon_shape&quot;:&quot;circle&quot;}\" data-widget_type=\"form.default\">\n\t\t\t\t<div class=\"elementor-widget-container\">\n\t\t\t\t\t\t\t<form class=\"elementor-form\" method=\"post\" name=\"FORMULAIRE D&#039;ADH\u00c9SION \u00c0 L&#039;ACCTA\" aria-label=\"FORMULAIRE D&#039;ADH\u00c9SION \u00c0 L&#039;ACCTA\">\n\t\t\t<input type=\"hidden\" name=\"post_id\" value=\"20116\"\/>\n\t\t\t<input type=\"hidden\" name=\"form_id\" value=\"258d133\"\/>\n\t\t\t<input type=\"hidden\" name=\"referer_title\" value=\"Carte de membre\" \/>\n\n\t\t\t\t\t\t\t<input type=\"hidden\" name=\"queried_id\" value=\"20116\"\/>\n\t\t\t\n\t\t\t<div class=\"elementor-form-fields-wrapper elementor-labels-above\">\n\t\t\t\t\t\t\t\t<div class=\"elementor-field-type-text elementor-field-group elementor-column elementor-field-group-name elementor-col-50 elementor-field-required elementor-mark-required\">\n\t\t\t\t\t\t\t\t\t\t\t\t<label for=\"form-field-name\" class=\"elementor-field-label\">\n\t\t\t\t\t\t\t\tPr\u00e9nom\t\t\t\t\t\t\t<\/label>\n\t\t\t\t\t\t\t\t\t\t\t\t\t\t<input size=\"1\" type=\"text\" name=\"form_fields[name]\" id=\"form-field-name\" class=\"elementor-field elementor-size-md  elementor-field-textual\" required=\"required\">\n\t\t\t\t\t\t\t\t\t\t\t<\/div>\n\t\t\t\t\t\t\t\t<div class=\"elementor-field-type-text elementor-field-group elementor-column elementor-field-group-last_name elementor-col-50 elementor-field-required elementor-mark-required\">\n\t\t\t\t\t\t\t\t\t\t\t\t<label for=\"form-field-last_name\" class=\"elementor-field-label\">\n\t\t\t\t\t\t\t\tNom de famille\t\t\t\t\t\t\t<\/label>\n\t\t\t\t\t\t\t\t\t\t\t\t\t\t<input size=\"1\" type=\"text\" name=\"form_fields[last_name]\" id=\"form-field-last_name\" class=\"elementor-field elementor-size-md  elementor-field-textual\" required=\"required\">\n\t\t\t\t\t\t\t\t\t\t\t<\/div>\n\t\t\t\t\t\t\t\t<div class=\"elementor-field-type-text elementor-field-group elementor-column elementor-field-group-field_36c7939 elementor-col-100 elementor-field-required elementor-mark-required\">\n\t\t\t\t\t\t\t\t\t\t\t\t<label for=\"form-field-field_36c7939\" class=\"elementor-field-label\">\n\t\t\t\t\t\t\t\tAdresse\t\t\t\t\t\t\t<\/label>\n\t\t\t\t\t\t\t\t\t\t\t\t\t\t<input size=\"1\" type=\"text\" name=\"form_fields[field_36c7939]\" id=\"form-field-field_36c7939\" class=\"elementor-field elementor-size-md  elementor-field-textual\" required=\"required\">\n\t\t\t\t\t\t\t\t\t\t\t<\/div>\n\t\t\t\t\t\t\t\t<div class=\"elementor-field-type-text elementor-field-group elementor-column elementor-field-group-field_28526a1 elementor-col-50\">\n\t\t\t\t\t\t\t\t\t\t\t\t<label for=\"form-field-field_28526a1\" class=\"elementor-field-label\">\n\t\t\t\t\t\t\t\tLigne d'adresse 2\t\t\t\t\t\t\t<\/label>\n\t\t\t\t\t\t\t\t\t\t\t\t\t\t<input size=\"1\" type=\"text\" name=\"form_fields[field_28526a1]\" id=\"form-field-field_28526a1\" class=\"elementor-field elementor-size-md  elementor-field-textual\">\n\t\t\t\t\t\t\t\t\t\t\t<\/div>\n\t\t\t\t\t\t\t\t<div class=\"elementor-field-type-text elementor-field-group elementor-column elementor-field-group-field_5e1e1c8 elementor-col-50 elementor-field-required elementor-mark-required\">\n\t\t\t\t\t\t\t\t\t\t\t\t<label for=\"form-field-field_5e1e1c8\" class=\"elementor-field-label\">\n\t\t\t\t\t\t\t\tVille\t\t\t\t\t\t\t<\/label>\n\t\t\t\t\t\t\t\t\t\t\t\t\t\t<input size=\"1\" type=\"text\" name=\"form_fields[field_5e1e1c8]\" id=\"form-field-field_5e1e1c8\" class=\"elementor-field elementor-size-md  elementor-field-textual\" required=\"required\">\n\t\t\t\t\t\t\t\t\t\t\t<\/div>\n\t\t\t\t\t\t\t\t<div class=\"elementor-field-type-select elementor-field-group elementor-column elementor-field-group-field_fea40d2 elementor-col-50 elementor-field-required elementor-mark-required\">\n\t\t\t\t\t\t\t\t\t\t\t\t<label for=\"form-field-field_fea40d2\" class=\"elementor-field-label\">\n\t\t\t\t\t\t\t\tProvince\t\t\t\t\t\t\t<\/label>\n\t\t\t\t\t\t\t\t<div class=\"elementor-field elementor-select-wrapper remove-before \">\n\t\t\t<div class=\"select-caret-down-wrapper\">\n\t\t\t\t<svg aria-hidden=\"true\" class=\"e-font-icon-svg e-eicon-caret-down\" viewBox=\"0 0 571.4 571.4\" xmlns=\"http:\/\/www.w3.org\/2000\/svg\"><path d=\"M571 393Q571 407 561 418L311 668Q300 679 286 679T261 668L11 418Q0 407 0 393T11 368 36 357H536Q550 357 561 368T571 393Z\"><\/path><\/svg>\t\t\t<\/div>\n\t\t\t<select name=\"form_fields[field_fea40d2]\" id=\"form-field-field_fea40d2\" class=\"elementor-field-textual elementor-size-md\" required=\"required\">\n\t\t\t\t\t\t\t\t\t<option value=\"L&#039;Alberta\">L&#039;Alberta<\/option>\n\t\t\t\t\t\t\t\t\t<option value=\"La Colombie-Britannique\">La Colombie-Britannique<\/option>\n\t\t\t\t\t\t\t\t\t<option value=\"Le Manitoba\">Le Manitoba<\/option>\n\t\t\t\t\t\t\t\t\t<option value=\"Le Nouveau-Brunswick\">Le Nouveau-Brunswick<\/option>\n\t\t\t\t\t\t\t\t\t<option value=\"La Nouvelle-\u00c9cosse\">La Nouvelle-\u00c9cosse<\/option>\n\t\t\t\t\t\t\t\t\t<option value=\"L&#039;Ontario\">L&#039;Ontario<\/option>\n\t\t\t\t\t\t\t\t\t<option value=\"Le Qu\u00e9bec\">Le Qu\u00e9bec<\/option>\n\t\t\t\t\t\t\t\t\t<option value=\"La Saskatchewan\">La Saskatchewan<\/option>\n\t\t\t\t\t\t\t\t\t<option value=\"La Terre-Neuve-et-Labrador\">La Terre-Neuve-et-Labrador<\/option>\n\t\t\t\t\t\t\t\t\t<option value=\"\u00cele-du-Prince-\u00c9douard\">\u00cele-du-Prince-\u00c9douard<\/option>\n\t\t\t\t\t\t\t<\/select>\n\t\t<\/div>\n\t\t\t\t\t\t<\/div>\n\t\t\t\t\t\t\t\t<div class=\"elementor-field-type-text elementor-field-group elementor-column elementor-field-group-field_0499022 elementor-col-50 elementor-field-required elementor-mark-required\">\n\t\t\t\t\t\t\t\t\t\t\t\t<label for=\"form-field-field_0499022\" class=\"elementor-field-label\">\n\t\t\t\t\t\t\t\tCode postal\t\t\t\t\t\t\t<\/label>\n\t\t\t\t\t\t\t\t\t\t\t\t\t\t<input size=\"1\" type=\"text\" name=\"form_fields[field_0499022]\" id=\"form-field-field_0499022\" class=\"elementor-field elementor-size-md  elementor-field-textual\" required=\"required\">\n\t\t\t\t\t\t\t\t\t\t\t<\/div>\n\t\t\t\t\t\t\t\t<div class=\"elementor-field-type-email elementor-field-group elementor-column elementor-field-group-email elementor-col-50 elementor-field-required elementor-mark-required\">\n\t\t\t\t\t\t\t\t\t\t\t\t<label for=\"form-field-email\" class=\"elementor-field-label\">\n\t\t\t\t\t\t\t\tCourriel personnel\t\t\t\t\t\t\t<\/label>\n\t\t\t\t\t\t\t\t\t\t\t\t\t\t<input size=\"1\" type=\"email\" name=\"form_fields[email]\" id=\"form-field-email\" class=\"elementor-field elementor-size-md  elementor-field-textual\" required=\"required\">\n\t\t\t\t\t\t\t\t\t\t\t<\/div>\n\t\t\t\t\t\t\t\t<div class=\"elementor-field-type-tel elementor-field-group elementor-column elementor-field-group-field_2157014 elementor-col-50 elementor-field-required elementor-mark-required\">\n\t\t\t\t\t\t\t\t\t\t\t\t<label for=\"form-field-field_2157014\" class=\"elementor-field-label\">\n\t\t\t\t\t\t\t\tNum\u00e9ro de t\u00e9l\u00e9phone\t\t\t\t\t\t\t<\/label>\n\t\t\t\t\t\t\t\t<input size=\"1\" type=\"tel\" name=\"form_fields[field_2157014]\" id=\"form-field-field_2157014\" class=\"elementor-field elementor-size-md  elementor-field-textual\" required=\"required\" pattern=\"[0-9()#&amp;+*-=.]+\" title=\"Seuls les caract\u00e8res de num\u00e9ros de t\u00e9l\u00e9phone (#, -, *, etc.) sont accept\u00e9s.\">\n\n\t\t\t\t\t\t<\/div>\n\t\t\t\t\t\t\t\t<div class=\"elementor-field-type-date elementor-field-group elementor-column elementor-field-group-field_8019a7d elementor-col-100 elementor-field-required elementor-mark-required\">\n\t\t\t\t\t\t\t\t\t\t\t\t<label for=\"form-field-field_8019a7d\" class=\"elementor-field-label\">\n\t\t\t\t\t\t\t\tDate de naissance\t\t\t\t\t\t\t<\/label>\n\t\t\t\t\t\t\n\t\t<input type=\"date\" name=\"form_fields[field_8019a7d]\" id=\"form-field-field_8019a7d\" class=\"elementor-field elementor-size-md  elementor-field-textual elementor-date-field elementor-use-native\" required=\"required\" pattern=\"[0-9]{4}-[0-9]{2}-[0-9]{2}\">\n\t\t\t\t\t\t<\/div>\n\t\t\t\t\t\t\t\t<div class=\"elementor-field-type-date elementor-field-group elementor-column elementor-field-group-field_46781fc elementor-col-100\">\n\t\t\t\t\t\t\t\t\t\t\t\t<label for=\"form-field-field_46781fc\" class=\"elementor-field-label\">\n\t\t\t\t\t\t\t\tNouveaux membres : Date de fin du cours de formation de base\t\t\t\t\t\t\t<\/label>\n\t\t\t\t\t\t\n\t\t<input type=\"date\" name=\"form_fields[field_46781fc]\" id=\"form-field-field_46781fc\" class=\"elementor-field elementor-size-md  elementor-field-textual elementor-date-field elementor-use-native\" pattern=\"[0-9]{4}-[0-9]{2}-[0-9]{2}\">\n\t\t\t\t\t\t<\/div>\n\t\t\t\t\t\t\t\t<div class=\"elementor-field-type-radio elementor-field-group elementor-column elementor-field-group-field_f0f0e12 elementor-col-100 elementor-field-required elementor-mark-required\">\n\t\t\t\t\t\t\t\t\t\t\t\t<label for=\"form-field-field_f0f0e12\" class=\"elementor-field-label\">\n\t\t\t\t\t\t\t\t\u00cates-vous un membre de l'ACCTA de retour ou de r\u00e9embauche ?\t\t\t\t\t\t\t<\/label>\n\t\t\t\t\t\t<div class=\"elementor-field-subgroup  \"><span class=\"elementor-field-option\"><input type=\"radio\" value=\"Non\" id=\"form-field-field_f0f0e12-0\" name=\"form_fields[field_f0f0e12]\" required=\"required\"> <label for=\"form-field-field_f0f0e12-0\">Non<\/label><\/span><span class=\"elementor-field-option\"><input type=\"radio\" value=\"Oui\" id=\"form-field-field_f0f0e12-1\" name=\"form_fields[field_f0f0e12]\" required=\"required\"> <label for=\"form-field-field_f0f0e12-1\">Oui<\/label><\/span><\/div>\t\t\t\t<\/div>\n\t\t\t\t\t\t\t\t<div class=\"elementor-field-type-radio elementor-field-group elementor-column elementor-field-group-field_b7a6ba0 elementor-col-100 elementor-field-required elementor-mark-required\">\n\t\t\t\t\t\t\t\t\t\t\t\t<label for=\"form-field-field_b7a6ba0\" class=\"elementor-field-label\">\n\t\t\t\t\t\t\t\t\u00cates-vous un membre existant fournissant des informations de contact mises \u00e0 jour ?\t\t\t\t\t\t\t<\/label>\n\t\t\t\t\t\t<div class=\"elementor-field-subgroup  \"><span class=\"elementor-field-option\"><input type=\"radio\" value=\"Non\" id=\"form-field-field_b7a6ba0-0\" name=\"form_fields[field_b7a6ba0]\" required=\"required\"> <label for=\"form-field-field_b7a6ba0-0\">Non<\/label><\/span><span class=\"elementor-field-option\"><input type=\"radio\" value=\"Oui\" id=\"form-field-field_b7a6ba0-1\" name=\"form_fields[field_b7a6ba0]\" required=\"required\"> <label for=\"form-field-field_b7a6ba0-1\">Oui<\/label><\/span><\/div>\t\t\t\t<\/div>\n\t\t\t\t\t\t\t\t<div class=\"elementor-field-type-select elementor-field-group elementor-column elementor-field-group-field_fa8a40b elementor-col-50 elementor-field-required elementor-mark-required\">\n\t\t\t\t\t\t\t\t\t\t\t\t<label for=\"form-field-field_fa8a40b\" class=\"elementor-field-label\">\n\t\t\t\t\t\t\t\tLangue de correspondance pr\u00e9f\u00e9r\u00e9e\t\t\t\t\t\t\t<\/label>\n\t\t\t\t\t\t\t\t<div class=\"elementor-field elementor-select-wrapper remove-before \">\n\t\t\t<div class=\"select-caret-down-wrapper\">\n\t\t\t\t<svg aria-hidden=\"true\" class=\"e-font-icon-svg e-eicon-caret-down\" viewBox=\"0 0 571.4 571.4\" xmlns=\"http:\/\/www.w3.org\/2000\/svg\"><path d=\"M571 393Q571 407 561 418L311 668Q300 679 286 679T261 668L11 418Q0 407 0 393T11 368 36 357H536Q550 357 561 368T571 393Z\"><\/path><\/svg>\t\t\t<\/div>\n\t\t\t<select name=\"form_fields[field_fa8a40b]\" id=\"form-field-field_fa8a40b\" class=\"elementor-field-textual elementor-size-md\" required=\"required\">\n\t\t\t\t\t\t\t\t\t<option value=\"Anglais\">Anglais<\/option>\n\t\t\t\t\t\t\t\t\t<option value=\"Fran\u00e7ais\">Fran\u00e7ais<\/option>\n\t\t\t\t\t\t\t<\/select>\n\t\t<\/div>\n\t\t\t\t\t\t<\/div>\n\t\t\t\t\t\t\t\t<div class=\"elementor-field-type-text elementor-field-group elementor-column elementor-field-group-field_2229d9e elementor-col-50\">\n\t\t\t\t\t\t\t\t\t\t\t\t<label for=\"form-field-field_2229d9e\" class=\"elementor-field-label\">\n\t\t\t\t\t\t\t\tPRI\t\t\t\t\t\t\t<\/label>\n\t\t\t\t\t\t\t\t\t\t\t\t\t\t<input size=\"1\" type=\"text\" name=\"form_fields[field_2229d9e]\" id=\"form-field-field_2229d9e\" class=\"elementor-field elementor-size-md  elementor-field-textual\">\n\t\t\t\t\t\t\t\t\t\t\t<\/div>\n\t\t\t\t\t\t\t\t<div class=\"elementor-field-type-select elementor-field-group elementor-column elementor-field-group-field_2e4acd0 elementor-col-50 elementor-field-required elementor-mark-required\">\n\t\t\t\t\t\t\t\t\t\t\t\t<label for=\"form-field-field_2e4acd0\" class=\"elementor-field-label\">\n\t\t\t\t\t\t\t\tR\u00e9gion\t\t\t\t\t\t\t<\/label>\n\t\t\t\t\t\t\t\t<div class=\"elementor-field elementor-select-wrapper remove-before \">\n\t\t\t<div class=\"select-caret-down-wrapper\">\n\t\t\t\t<svg aria-hidden=\"true\" class=\"e-font-icon-svg e-eicon-caret-down\" viewBox=\"0 0 571.4 571.4\" xmlns=\"http:\/\/www.w3.org\/2000\/svg\"><path d=\"M571 393Q571 407 561 418L311 668Q300 679 286 679T261 668L11 418Q0 407 0 393T11 368 36 357H536Q550 357 561 368T571 393Z\"><\/path><\/svg>\t\t\t<\/div>\n\t\t\t<select name=\"form_fields[field_2e4acd0]\" id=\"form-field-field_2e4acd0\" class=\"elementor-field-textual elementor-size-md\" required=\"required\">\n\t\t\t\t\t\t\t\t\t<option value=\"R\u00e9gion Pacifique\">R\u00e9gion Pacifique<\/option>\n\t\t\t\t\t\t\t\t\t<option value=\"R\u00e9gion des Prairies\">R\u00e9gion des Prairies<\/option>\n\t\t\t\t\t\t\t\t\t<option value=\"R\u00e9gion centrale\">R\u00e9gion centrale<\/option>\n\t\t\t\t\t\t\t\t\t<option value=\"R\u00e9gion de St. Laurent\">R\u00e9gion de St. Laurent<\/option>\n\t\t\t\t\t\t\t\t\t<option value=\"R\u00e9gion Atlantique\">R\u00e9gion Atlantique<\/option>\n\t\t\t\t\t\t\t<\/select>\n\t\t<\/div>\n\t\t\t\t\t\t<\/div>\n\t\t\t\t\t\t\t\t<div class=\"elementor-field-type-select elementor-field-group elementor-column elementor-field-group-field_ed2393c elementor-col-50 elementor-field-required elementor-mark-required\">\n\t\t\t\t\t\t\t\t\t\t\t\t<label for=\"form-field-field_ed2393c\" class=\"elementor-field-label\">\n\t\t\t\t\t\t\t\tBranche\t\t\t\t\t\t\t<\/label>\n\t\t\t\t\t\t\t\t<div class=\"elementor-field elementor-select-wrapper remove-before \">\n\t\t\t<div class=\"select-caret-down-wrapper\">\n\t\t\t\t<svg aria-hidden=\"true\" class=\"e-font-icon-svg e-eicon-caret-down\" viewBox=\"0 0 571.4 571.4\" xmlns=\"http:\/\/www.w3.org\/2000\/svg\"><path d=\"M571 393Q571 407 561 418L311 668Q300 679 286 679T261 668L11 418Q0 407 0 393T11 368 36 357H536Q550 357 561 368T571 393Z\"><\/path><\/svg>\t\t\t<\/div>\n\t\t\t<select name=\"form_fields[field_ed2393c]\" id=\"form-field-field_ed2393c\" class=\"elementor-field-textual elementor-size-md\" required=\"required\">\n\t\t\t\t\t\t\t\t\t<option value=\"Tour d&#039;Abbotsford\">Tour d&#039;Abbotsford<\/option>\n\t\t\t\t\t\t\t\t\t<option value=\"Tour Boundary Bay\">Tour Boundary Bay<\/option>\n\t\t\t\t\t\t\t\t\t<option value=\"Bytown\">Bytown<\/option>\n\t\t\t\t\t\t\t\t\t<option value=\"Tour de Calgary\">Tour de Calgary<\/option>\n\t\t\t\t\t\t\t\t\t<option value=\"ACC d&#039;Edmonton\">ACC d&#039;Edmonton<\/option>\n\t\t\t\t\t\t\t\t\t<option value=\"Tour d&#039;Edmonton (succursale Gateway)\">Tour d&#039;Edmonton (succursale Gateway)<\/option>\n\t\t\t\t\t\t\t\t\t<option value=\"Tour de Fort McMurray\">Tour de Fort McMurray<\/option>\n\t\t\t\t\t\t\t\t\t<option value=\"Tour de Fredericton\">Tour de Fredericton<\/option>\n\t\t\t\t\t\t\t\t\t<option value=\"ACC de Gander\">ACC de Gander<\/option>\n\t\t\t\t\t\t\t\t\t<option value=\"Tour de Gander\">Tour de Gander<\/option>\n\t\t\t\t\t\t\t\t\t<option value=\"Tour d&#039;Halifax\">Tour d&#039;Halifax<\/option>\n\t\t\t\t\t\t\t\t\t<option value=\"Tour Hamilton\">Tour Hamilton<\/option>\n\t\t\t\t\t\t\t\t\t<option value=\"Happy Valley. - Goose Bay (Serco)\">Happy Valley. - Goose Bay (Serco)<\/option>\n\t\t\t\t\t\t\t\t\t<option value=\"Tour de Kelowna\">Tour de Kelowna<\/option>\n\t\t\t\t\t\t\t\t\t<option value=\"Tour Langley\">Tour Langley<\/option>\n\t\t\t\t\t\t\t\t\t<option value=\"Tour de Londres\">Tour de Londres<\/option>\n\t\t\t\t\t\t\t\t\t<option value=\"Tour Mirabel\">Tour Mirabel<\/option>\n\t\t\t\t\t\t\t\t\t<option value=\"ACC de Moncton\">ACC de Moncton<\/option>\n\t\t\t\t\t\t\t\t\t<option value=\"Tour de Moncton\">Tour de Moncton<\/option>\n\t\t\t\t\t\t\t\t\t<option value=\"ACC de Montr\u00e9al\">ACC de Montr\u00e9al<\/option>\n\t\t\t\t\t\t\t\t\t<option value=\"Tour Dorval de Montr\u00e9al\">Tour Dorval de Montr\u00e9al<\/option>\n\t\t\t\t\t\t\t\t\t<option value=\"Tour d&#039;Oshawa\">Tour d&#039;Oshawa<\/option>\n\t\t\t\t\t\t\t\t\t<option value=\"Tour d&#039;Ottawa\">Tour d&#039;Ottawa<\/option>\n\t\t\t\t\t\t\t\t\t<option value=\"Tour de Pitt Meadows\">Tour de Pitt Meadows<\/option>\n\t\t\t\t\t\t\t\t\t<option value=\"Tour de Prince George (branche Cariboo)\">Tour de Prince George (branche Cariboo)<\/option>\n\t\t\t\t\t\t\t\t\t<option value=\"Tour de Qu\u00e9bec\">Tour de Qu\u00e9bec<\/option>\n\t\t\t\t\t\t\t\t\t<option value=\"Tour de Red Deer\">Tour de Red Deer<\/option>\n\t\t\t\t\t\t\t\t\t<option value=\"Tour de Regina\">Tour de Regina<\/option>\n\t\t\t\t\t\t\t\t\t<option value=\"Tour de Saskatoon\">Tour de Saskatoon<\/option>\n\t\t\t\t\t\t\t\t\t<option value=\"Sault Ste. Marie Tower\">Sault Ste. Marie Tower<\/option>\n\t\t\t\t\t\t\t\t\t<option value=\"Tour Springbank (branche Foothills)\">Tour Springbank (branche Foothills)<\/option>\n\t\t\t\t\t\t\t\t\t<option value=\"Tour St-Honor\u00e9\">Tour St-Honor\u00e9<\/option>\n\t\t\t\t\t\t\t\t\t<option value=\"Tour St. Andrews\">Tour St. Andrews<\/option>\n\t\t\t\t\t\t\t\t\t<option value=\"Tour St. Hubert\">Tour St. Hubert<\/option>\n\t\t\t\t\t\t\t\t\t<option value=\"Tour St. Jean\">Tour St. Jean<\/option>\n\t\t\t\t\t\t\t\t\t<option value=\"Tour de St. John&#039;s\">Tour de St. John&#039;s<\/option>\n\t\t\t\t\t\t\t\t\t<option value=\"Technologie\">Technologie<\/option>\n\t\t\t\t\t\t\t\t\t<option value=\"Tour de Thunder Bay\">Tour de Thunder Bay<\/option>\n\t\t\t\t\t\t\t\t\t<option value=\"ACC de Toronto\">ACC de Toronto<\/option>\n\t\t\t\t\t\t\t\t\t<option value=\"Tour du centre-ville de Toronto\">Tour du centre-ville de Toronto<\/option>\n\t\t\t\t\t\t\t\t\t<option value=\"Tour de Toronto\">Tour de Toronto<\/option>\n\t\t\t\t\t\t\t\t\t<option value=\"Direction g\u00e9n\u00e9rale de Transports Canada\">Direction g\u00e9n\u00e9rale de Transports Canada<\/option>\n\t\t\t\t\t\t\t\t\t<option value=\"ACC de Vancouver\">ACC de Vancouver<\/option>\n\t\t\t\t\t\t\t\t\t<option value=\"Tour du port de Vancouver\">Tour du port de Vancouver<\/option>\n\t\t\t\t\t\t\t\t\t<option value=\"Tour de Vancouver\">Tour de Vancouver<\/option>\n\t\t\t\t\t\t\t\t\t<option value=\"Tour Victoria\">Tour Victoria<\/option>\n\t\t\t\t\t\t\t\t\t<option value=\"Tour de Villeneuve\">Tour de Villeneuve<\/option>\n\t\t\t\t\t\t\t\t\t<option value=\"Tour de Waterloo\">Tour de Waterloo<\/option>\n\t\t\t\t\t\t\t\t\t<option value=\"Tour de Whitehorse (branche Klondike)\">Tour de Whitehorse (branche Klondike)<\/option>\n\t\t\t\t\t\t\t\t\t<option value=\"Tour de Windsor\">Tour de Windsor<\/option>\n\t\t\t\t\t\t\t\t\t<option value=\"ACC de Winnipeg\">ACC de Winnipeg<\/option>\n\t\t\t\t\t\t\t\t\t<option value=\"Tour de Winnipeg\">Tour de Winnipeg<\/option>\n\t\t\t\t\t\t\t\t\t<option value=\"Tour de Yellowknife (branche Great Slave)\">Tour de Yellowknife (branche Great Slave)<\/option>\n\t\t\t\t\t\t\t<\/select>\n\t\t<\/div>\n\t\t\t\t\t\t<\/div>\n\t\t\t\t\t\t\t\t<div class=\"elementor-field-group elementor-column elementor-field-type-submit elementor-col-20 e-form__buttons\">\n\t\t\t\t\t<button class=\"elementor-button elementor-size-md\" type=\"submit\">\n\t\t\t\t\t\t<span class=\"elementor-button-content-wrapper\">\n\t\t\t\t\t\t\t\t\t\t\t\t\t\t\t\t\t\t\t\t\t\t<span class=\"elementor-button-text\">Soumettre<\/span>\n\t\t\t\t\t\t\t\t\t\t\t\t\t<\/span>\n\t\t\t\t\t<\/button>\n\t\t\t\t<\/div>\n\t\t\t<\/div>\n\t\t<\/form>\n\t\t\t\t\t\t<\/div>\n\t\t\t\t<\/div>\n\t\t\t\t<\/div>\n\t\t\t\t\t<\/div>\n\t\t\t\t<\/div>\n\t\t\t\t<\/div>\n\t\t","protected":false},"excerpt":{"rendered":"<p>Formulaire d&rsquo;adh\u00e9sion \u00e0 l&rsquo;ACCTA Note aux nouveaux membres : Conform\u00e9ment \u00e0 l\u2019article 32.24 de la convention collective, un stagiaire ab-initio devient un employ\u00e9 de l\u2019unit\u00e9 de n\u00e9gociation de l\u2019ACCTA seulement lorsqu\u2019il re\u00e7oit un certificat attestant qu\u2019il a termin\u00e9 avec succ\u00e8s un cours sur le contr\u00f4le de la circulation a\u00e9rienne donn\u00e9 par NAV CANADA. Veuillez remplir [&hellip;]<\/p>\n","protected":false},"author":1,"featured_media":0,"parent":0,"menu_order":0,"comment_status":"closed","ping_status":"closed","template":"elementor_header_footer","meta":{"_acf_changed":false,"footnotes":""},"folder":[],"class_list":["post-20116","page","type-page","status-publish","hentry"],"acf":[],"_links":{"self":[{"href":"https:\/\/catca.ca\/fr\/wp-json\/wp\/v2\/pages\/20116","targetHints":{"allow":["GET"]}}],"collection":[{"href":"https:\/\/catca.ca\/fr\/wp-json\/wp\/v2\/pages"}],"about":[{"href":"https:\/\/catca.ca\/fr\/wp-json\/wp\/v2\/types\/page"}],"author":[{"embeddable":true,"href":"https:\/\/catca.ca\/fr\/wp-json\/wp\/v2\/users\/1"}],"replies":[{"embeddable":true,"href":"https:\/\/catca.ca\/fr\/wp-json\/wp\/v2\/comments?post=20116"}],"version-history":[{"count":4,"href":"https:\/\/catca.ca\/fr\/wp-json\/wp\/v2\/pages\/20116\/revisions"}],"predecessor-version":[{"id":20752,"href":"https:\/\/catca.ca\/fr\/wp-json\/wp\/v2\/pages\/20116\/revisions\/20752"}],"wp:attachment":[{"href":"https:\/\/catca.ca\/fr\/wp-json\/wp\/v2\/media?parent=20116"}],"wp:term":[{"taxonomy":"folder","embeddable":true,"href":"https:\/\/catca.ca\/fr\/wp-json\/wp\/v2\/folder?post=20116"}],"curies":[{"name":"wp","href":"https:\/\/api.w.org\/{rel}","templated":true}]}}