{"id":20114,"date":"2024-03-12T17:54:21","date_gmt":"2024-03-12T21:54:21","guid":{"rendered":"http:\/\/catca.ca\/avantages-et-plans\/"},"modified":"2026-02-19T13:13:04","modified_gmt":"2026-02-19T18:13:04","slug":"avantages-et-plans","status":"publish","type":"page","link":"https:\/\/catca.ca\/fr\/avantages-et-plans\/","title":{"rendered":"Avantages et plans"},"content":{"rendered":"\t\t<div data-elementor-type=\"wp-page\" data-elementor-id=\"20114\" class=\"elementor elementor-20114 elementor-796\" data-elementor-post-type=\"page\">\n\t\t\t\t<div class=\"elementor-element elementor-element-c91f2c8 e-flex e-con-boxed e-con e-parent\" data-id=\"c91f2c8\" data-element_type=\"container\" data-e-type=\"container\" data-settings=\"{&quot;background_background&quot;:&quot;classic&quot;}\">\n\t\t\t\t\t<div class=\"e-con-inner\">\n\t\t<div class=\"elementor-element elementor-element-6711c95 e-con-full e-flex e-con e-child\" data-id=\"6711c95\" data-element_type=\"container\" data-e-type=\"container\">\n\t\t\t\t<div class=\"elementor-element elementor-element-64635e6 elementor-widget elementor-widget-heading\" data-id=\"64635e6\" data-element_type=\"widget\" data-e-type=\"widget\" data-widget_type=\"heading.default\">\n\t\t\t\t<div class=\"elementor-widget-container\">\n\t\t\t\t\t<h2 class=\"elementor-heading-title elementor-size-default\">L'ACCTA offre une gamme compl\u00e8te d'avantages sociaux aux employ\u00e9s nouveaux, existants et retrait\u00e9s.<\/h2>\t\t\t\t<\/div>\n\t\t\t\t<\/div>\n\t\t\t\t<div class=\"elementor-element elementor-element-3484875 elementor-widget elementor-widget-spacer\" data-id=\"3484875\" data-element_type=\"widget\" data-e-type=\"widget\" data-widget_type=\"spacer.default\">\n\t\t\t\t<div class=\"elementor-widget-container\">\n\t\t\t\t\t\t\t<div class=\"elementor-spacer\">\n\t\t\t<div class=\"elementor-spacer-inner\"><\/div>\n\t\t<\/div>\n\t\t\t\t\t\t<\/div>\n\t\t\t\t<\/div>\n\t\t\t\t<div class=\"elementor-element elementor-element-b3a1ac4 elementor-widget elementor-widget-heading\" data-id=\"b3a1ac4\" data-element_type=\"widget\" data-e-type=\"widget\" data-widget_type=\"heading.default\">\n\t\t\t\t<div class=\"elementor-widget-container\">\n\t\t\t\t\t<h4 class=\"elementor-heading-title elementor-size-default\">NOUVEAUX MEMBRES<\/h4>\t\t\t\t<\/div>\n\t\t\t\t<\/div>\n\t\t\t\t<div class=\"elementor-element elementor-element-495a33e elementor-widget elementor-widget-text-editor\" data-id=\"495a33e\" data-element_type=\"widget\" data-e-type=\"widget\" data-widget_type=\"text-editor.default\">\n\t\t\t\t<div class=\"elementor-widget-container\">\n\t\t\t\t\t\t\t\t\t<p>Bienvenue! Veuillez t\u00e9l\u00e9charger et examiner le kit de bienvenue <a href=\"https:\/\/catca.ca\/wp-content\/uploads\/2024\/03\/WelcomeKit_All_Eng_Online_rev1.pdf\">pour les nouveaux membres<\/a>.<\/p>\n\t\t\t\t\t\t\t\t<\/div>\n\t\t\t\t<\/div>\n\t\t\t\t<div class=\"elementor-element elementor-element-063674c elementor-widget elementor-widget-heading\" data-id=\"063674c\" data-element_type=\"widget\" data-e-type=\"widget\" data-widget_type=\"heading.default\">\n\t\t\t\t<div class=\"elementor-widget-container\">\n\t\t\t\t\t<h4 class=\"elementor-heading-title elementor-size-default\">R\u00c9GIMES DE RETRAITE ET D'AVANTAGES SOCIAUX<\/h4>\t\t\t\t<\/div>\n\t\t\t\t<\/div>\n\t\t\t\t<div class=\"elementor-element elementor-element-24288d9 elementor-widget elementor-widget-text-editor\" data-id=\"24288d9\" data-element_type=\"widget\" data-e-type=\"widget\" data-widget_type=\"text-editor.default\">\n\t\t\t\t<div class=\"elementor-widget-container\">\n\t\t\t\t\t\t\t\t\tLes vice-pr\u00e9sidents r\u00e9gionaux sont disponibles pour fournir des informations et des s\u00e9minaires concernant les r\u00e9gimes de retraite et d\u2019avantages sociaux. Ces programmes font partie des conventions collectives et, \u00e0 ce titre, sont soumis \u00e0 des proc\u00e9dures de grief par le biais du d\u00e9partement du travail de l\u2019ACCTA nationale.\t\t\t\t\t\t\t\t<\/div>\n\t\t\t\t<\/div>\n\t\t\t\t<div class=\"elementor-element elementor-element-5102a11 elementor-widget elementor-widget-heading\" data-id=\"5102a11\" data-element_type=\"widget\" data-e-type=\"widget\" data-widget_type=\"heading.default\">\n\t\t\t\t<div class=\"elementor-widget-container\">\n\t\t\t\t\t<h4 class=\"elementor-heading-title elementor-size-default\">R\u00e9gime d\u2019assurance-vie de l\u2019ACCTA<\/h4>\t\t\t\t<\/div>\n\t\t\t\t<\/div>\n\t\t\t\t<div class=\"elementor-element elementor-element-ff81cca elementor-widget elementor-widget-text-editor\" data-id=\"ff81cca\" data-element_type=\"widget\" data-e-type=\"widget\" data-widget_type=\"text-editor.default\">\n\t\t\t\t<div class=\"elementor-widget-container\">\n\t\t\t\t\t\t\t\t\t<p>Ellement administre maintenant l\u2019assurance-vie de l\u2019ACCTA. Toutes les informations peuvent \u00eatre trouv\u00e9es <a href=\"https:\/\/coughlin.ca\/clients\/catca-accta\/index.html\">ici<\/a>.<\/p>\t\t\t\t\t\t\t\t<\/div>\n\t\t\t\t<\/div>\n\t\t\t\t<div class=\"elementor-element elementor-element-1ddb8a1 elementor-widget elementor-widget-heading\" data-id=\"1ddb8a1\" data-element_type=\"widget\" data-e-type=\"widget\" data-widget_type=\"heading.default\">\n\t\t\t\t<div class=\"elementor-widget-container\">\n\t\t\t\t\t<h4 class=\"elementor-heading-title elementor-size-default\">R\u00e9gime de soins de sant\u00e9 des retrait\u00e9s de la NCBAA<\/h4>\t\t\t\t<\/div>\n\t\t\t\t<\/div>\n\t\t\t\t<div class=\"elementor-element elementor-element-8e4ab4d elementor-widget elementor-widget-text-editor\" data-id=\"8e4ab4d\" data-element_type=\"widget\" data-e-type=\"widget\" data-widget_type=\"text-editor.default\">\n\t\t\t\t<div class=\"elementor-widget-container\">\n\t\t\t\t\t\t\t\t\t<p>Les informations peuvent \u00eatre trouv\u00e9es <a href=\"https:\/\/www.coughlin.ca\/clients\/ncbaa-aannc\/index.html#Fre\">ici<\/a>.<\/p>\n\t\t\t\t\t\t\t\t<\/div>\n\t\t\t\t<\/div>\n\t\t\t\t<div class=\"elementor-element elementor-element-522f5ea elementor-widget elementor-widget-heading\" data-id=\"522f5ea\" data-element_type=\"widget\" data-e-type=\"widget\" data-widget_type=\"heading.default\">\n\t\t\t\t<div class=\"elementor-widget-container\">\n\t\t\t\t\t<h4 class=\"elementor-heading-title elementor-size-default\">R\u00e9gimes d\u2019avantages sociaux de NAV CANADA pour les employ\u00e9s syndiqu\u00e9s<\/h4>\t\t\t\t<\/div>\n\t\t\t\t<\/div>\n\t\t\t\t<div class=\"elementor-element elementor-element-0465028 elementor-widget elementor-widget-text-editor\" data-id=\"0465028\" data-element_type=\"widget\" data-e-type=\"widget\" data-widget_type=\"text-editor.default\">\n\t\t\t\t<div class=\"elementor-widget-container\">\n\t\t\t\t\t\t\t\t\t<p>Les informations peuvent \u00eatre trouv\u00e9es <a href=\"http:\/\/www.ncjc.ca\/\">ici<\/a>.<\/p>\n\t\t\t\t\t\t\t\t<\/div>\n\t\t\t\t<\/div>\n\t\t\t\t<div class=\"elementor-element elementor-element-56b73da elementor-widget elementor-widget-heading\" data-id=\"56b73da\" data-element_type=\"widget\" data-e-type=\"widget\" data-widget_type=\"heading.default\">\n\t\t\t\t<div class=\"elementor-widget-container\">\n\t\t\t\t\t<h4 class=\"elementor-heading-title elementor-size-default\">R\u00e9gime de retraite de NAV CANADA<\/h4>\t\t\t\t<\/div>\n\t\t\t\t<\/div>\n\t\t\t\t<div class=\"elementor-element elementor-element-279d003 elementor-widget elementor-widget-text-editor\" data-id=\"279d003\" data-element_type=\"widget\" data-e-type=\"widget\" data-widget_type=\"text-editor.default\">\n\t\t\t\t<div class=\"elementor-widget-container\">\n\t\t\t\t\t\t\t\t\t<p>Cliquez sur <a href=\"https:\/\/catca.ca\/wp-content\/uploads\/2024\/03\/2019_NCPP-Amended-and-Restated.pdf\">ici<\/a> pour t\u00e9l\u00e9charger.<\/p>\n\t\t\t\t\t\t\t\t<\/div>\n\t\t\t\t<\/div>\n\t\t\t\t<div class=\"elementor-element elementor-element-6ef5bbf elementor-widget elementor-widget-heading\" data-id=\"6ef5bbf\" data-element_type=\"widget\" data-e-type=\"widget\" data-widget_type=\"heading.default\">\n\t\t\t\t<div class=\"elementor-widget-container\">\n\t\t\t\t\t<h4 class=\"elementor-heading-title elementor-size-default\">Les \u201cavantages\u201d de NAV Canada<\/h4>\t\t\t\t<\/div>\n\t\t\t\t<\/div>\n\t\t\t\t<div class=\"elementor-element elementor-element-cffce11 elementor-widget elementor-widget-text-editor\" data-id=\"cffce11\" data-element_type=\"widget\" data-e-type=\"widget\" data-widget_type=\"text-editor.default\">\n\t\t\t\t<div class=\"elementor-widget-container\">\n\t\t\t\t\t\t\t\t\t<p>Pour les employ\u00e9s <strong>actifs<\/strong>, veuillez consulter la section \u201cAvantages\u201d du Centre des employ\u00e9s sur Central.<\/p>\n<p>Pour les <strong>retrait\u00e9s<\/strong>, veuillez consulter le site \u201cConnexion\u201d de NAV Canada pour plus de d\u00e9tails sur les avantages qui vous sont offerts.<\/p>\n\t\t\t\t\t\t\t\t<\/div>\n\t\t\t\t<\/div>\n\t\t\t\t<div class=\"elementor-element elementor-element-85d062e elementor-widget elementor-widget-heading\" data-id=\"85d062e\" data-element_type=\"widget\" data-e-type=\"widget\" data-widget_type=\"heading.default\">\n\t\t\t\t<div class=\"elementor-widget-container\">\n\t\t\t\t\t<h4 class=\"elementor-heading-title elementor-size-default\">Assurance habitation et automobile d\u2019Unifor<\/h4>\t\t\t\t<\/div>\n\t\t\t\t<\/div>\n\t\t\t\t<div class=\"elementor-element elementor-element-908665f elementor-widget elementor-widget-text-editor\" data-id=\"908665f\" data-element_type=\"widget\" data-e-type=\"widget\" data-widget_type=\"text-editor.default\">\n\t\t\t\t<div class=\"elementor-widget-container\">\n\t\t\t\t\t\t\t\t\t<p>En tant que section locale d\u2019Unifor, les membres peuvent \u00e9conomiser de 10 \u00e0 15 % avec Breckles Insurance.<\/p>\n<p>Les informations peuvent \u00eatre trouv\u00e9es <a href=\"https:\/\/www.uniforinsurance.com\/\">ici<\/a>.<\/p>\n\t\t\t\t\t\t\t\t<\/div>\n\t\t\t\t<\/div>\n\t\t\t\t<\/div>\n\t\t\t\t\t<\/div>\n\t\t\t\t<\/div>\n\t\t\t\t<\/div>\n\t\t","protected":false},"excerpt":{"rendered":"<p>L&rsquo;ACCTA offre une gamme compl\u00e8te d&rsquo;avantages sociaux aux employ\u00e9s nouveaux, existants et retrait\u00e9s. NOUVEAUX MEMBRES Bienvenue! Veuillez t\u00e9l\u00e9charger et examiner le kit de bienvenue pour les nouveaux membres. R\u00c9GIMES DE RETRAITE ET D&rsquo;AVANTAGES SOCIAUX Les vice-pr\u00e9sidents r\u00e9gionaux sont disponibles pour fournir des informations et des s\u00e9minaires concernant les r\u00e9gimes de retraite et d\u2019avantages sociaux. Ces [&hellip;]<\/p>\n","protected":false},"author":1,"featured_media":0,"parent":0,"menu_order":0,"comment_status":"closed","ping_status":"closed","template":"elementor_header_footer","meta":{"_acf_changed":false,"footnotes":""},"folder":[],"class_list":["post-20114","page","type-page","status-publish","hentry"],"acf":[],"_links":{"self":[{"href":"https:\/\/catca.ca\/fr\/wp-json\/wp\/v2\/pages\/20114","targetHints":{"allow":["GET"]}}],"collection":[{"href":"https:\/\/catca.ca\/fr\/wp-json\/wp\/v2\/pages"}],"about":[{"href":"https:\/\/catca.ca\/fr\/wp-json\/wp\/v2\/types\/page"}],"author":[{"embeddable":true,"href":"https:\/\/catca.ca\/fr\/wp-json\/wp\/v2\/users\/1"}],"replies":[{"embeddable":true,"href":"https:\/\/catca.ca\/fr\/wp-json\/wp\/v2\/comments?post=20114"}],"version-history":[{"count":14,"href":"https:\/\/catca.ca\/fr\/wp-json\/wp\/v2\/pages\/20114\/revisions"}],"predecessor-version":[{"id":30042,"href":"https:\/\/catca.ca\/fr\/wp-json\/wp\/v2\/pages\/20114\/revisions\/30042"}],"wp:attachment":[{"href":"https:\/\/catca.ca\/fr\/wp-json\/wp\/v2\/media?parent=20114"}],"wp:term":[{"taxonomy":"folder","embeddable":true,"href":"https:\/\/catca.ca\/fr\/wp-json\/wp\/v2\/folder?post=20114"}],"curies":[{"name":"wp","href":"https:\/\/api.w.org\/{rel}","templated":true}]}}