{"id":20112,"date":"2024-03-12T14:38:56","date_gmt":"2024-03-12T18:38:56","guid":{"rendered":"http:\/\/catca.ca\/comites\/"},"modified":"2025-11-27T15:13:19","modified_gmt":"2025-11-27T20:13:19","slug":"comites","status":"publish","type":"page","link":"https:\/\/catca.ca\/fr\/comites\/","title":{"rendered":"Comit\u00e9s"},"content":{"rendered":"\t\t<div data-elementor-type=\"wp-page\" data-elementor-id=\"20112\" class=\"elementor elementor-20112 elementor-686\" data-elementor-post-type=\"page\">\n\t\t\t\t<div class=\"elementor-element elementor-element-c91f2c8 e-flex e-con-boxed e-con e-parent\" data-id=\"c91f2c8\" data-element_type=\"container\" data-e-type=\"container\" data-settings=\"{&quot;background_background&quot;:&quot;classic&quot;}\">\n\t\t\t\t\t<div class=\"e-con-inner\">\n\t\t<div class=\"elementor-element elementor-element-6711c95 e-con-full e-flex e-con e-child\" data-id=\"6711c95\" data-element_type=\"container\" data-e-type=\"container\">\n\t\t\t\t<div class=\"elementor-element elementor-element-64635e6 elementor-widget elementor-widget-heading\" data-id=\"64635e6\" data-element_type=\"widget\" data-e-type=\"widget\" data-widget_type=\"heading.default\">\n\t\t\t\t<div class=\"elementor-widget-container\">\n\t\t\t\t\t<h2 class=\"elementor-heading-title elementor-size-default\">Les comit\u00e9s de l'ACCTA sont compos\u00e9s de nombreux b\u00e9n\u00e9voles qui consacrent leur ressource la plus pr\u00e9cieuse - leur temps.<\/h2>\t\t\t\t<\/div>\n\t\t\t\t<\/div>\n\t\t\t\t<div class=\"elementor-element elementor-element-495a33e elementor-widget elementor-widget-text-editor\" data-id=\"495a33e\" data-element_type=\"widget\" data-e-type=\"widget\" data-widget_type=\"text-editor.default\">\n\t\t\t\t<div class=\"elementor-widget-container\">\n\t\t\t\t\t\t\t\t\t<p>Nous appr\u00e9cions nos b\u00e9n\u00e9voles et nous ne les remercierons jamais assez \u2013 lorsque vous les voyez dans votre unit\u00e9, prenez le temps de les remercier personnellement \u2013 nous n\u2019aurions pas autant de succ\u00e8s sans ces personnes.<\/p><p>Les comit\u00e9s de l\u2019ACCTA comprennent :<\/p><ul><li><a href=\"https:\/\/catca.ca\/fr\/comites\/conseil-dadministration\/\">Conseil d\u2019administration<\/a><\/li><li><a href=\"https:\/\/catca.ca\/fr\/comites\/comite-des-contrats\/\">Comit\u00e9 des contrats<\/a><\/li><li><a href=\"https:\/\/catca.ca\/fr\/comites\/comite-des-elections\/\">Comit\u00e9 des \u00e9lections<\/a><\/li><li><a href=\"https:\/\/catca.ca\/fr\/comites\/fiduciaires-du-fonds-dassurance\/\">Fiduciaire du fonds d\u2019assurance<\/a><\/li><li><a href=\"https:\/\/catca.ca\/fr\/comites\/comite-des-femmes\/\">Comit\u00e9 des femmes<\/a><\/li><li><a href=\"https:\/\/catca.ca\/fr\/comites\/comite-dorientation-sur-la-sante-et-la-securite-au-travail\/\">Comit\u00e9 d\u2019orientation sur la sant\u00e9 et la s\u00e9curit\u00e9 au travail de NAV Canada<\/a>\u00a0<\/li><li><a href=\"https:\/\/catca.ca\/fr\/comites\/comite-consultatif-technique\/\">Comit\u00e9 de technologie de l&rsquo;ACCTA<\/a><\/li><li><a href=\"https:\/\/catca.ca\/committees\/catca-osh-committee\/\">Comit\u00e9 OSH de l&rsquo;ACCTA<\/a><\/li><li><a href=\"https:\/\/catca.ca\/committees\/national-committee-for-disaster-preparedness-and-response\/\">Comit\u00e9 national de l&rsquo;ACCTA pour la pr\u00e9paration et la r\u00e9ponse aux catastrophes<\/a><\/li><li><a href=\"https:\/\/catca.ca\/committees\/catca-council\/\">l&rsquo;ACCTA Conseil<\/a><\/li><\/ul>\t\t\t\t\t\t\t\t<\/div>\n\t\t\t\t<\/div>\n\t\t\t\t<\/div>\n\t\t\t\t\t<\/div>\n\t\t\t\t<\/div>\n\t\t\t\t<\/div>\n\t\t","protected":false},"excerpt":{"rendered":"<p>Les comit\u00e9s de l&rsquo;ACCTA sont compos\u00e9s de nombreux b\u00e9n\u00e9voles qui consacrent leur ressource la plus pr\u00e9cieuse &#8211; leur temps. Nous appr\u00e9cions nos b\u00e9n\u00e9voles et nous ne les remercierons jamais assez \u2013 lorsque vous les voyez dans votre unit\u00e9, prenez le temps de les remercier personnellement \u2013 nous n\u2019aurions pas autant de succ\u00e8s sans ces personnes. [&hellip;]<\/p>\n","protected":false},"author":1,"featured_media":0,"parent":0,"menu_order":0,"comment_status":"closed","ping_status":"closed","template":"elementor_header_footer","meta":{"_acf_changed":false,"footnotes":""},"folder":[],"class_list":["post-20112","page","type-page","status-publish","hentry"],"acf":[],"_links":{"self":[{"href":"https:\/\/catca.ca\/fr\/wp-json\/wp\/v2\/pages\/20112","targetHints":{"allow":["GET"]}}],"collection":[{"href":"https:\/\/catca.ca\/fr\/wp-json\/wp\/v2\/pages"}],"about":[{"href":"https:\/\/catca.ca\/fr\/wp-json\/wp\/v2\/types\/page"}],"author":[{"embeddable":true,"href":"https:\/\/catca.ca\/fr\/wp-json\/wp\/v2\/users\/1"}],"replies":[{"embeddable":true,"href":"https:\/\/catca.ca\/fr\/wp-json\/wp\/v2\/comments?post=20112"}],"version-history":[{"count":22,"href":"https:\/\/catca.ca\/fr\/wp-json\/wp\/v2\/pages\/20112\/revisions"}],"predecessor-version":[{"id":29611,"href":"https:\/\/catca.ca\/fr\/wp-json\/wp\/v2\/pages\/20112\/revisions\/29611"}],"wp:attachment":[{"href":"https:\/\/catca.ca\/fr\/wp-json\/wp\/v2\/media?parent=20112"}],"wp:term":[{"taxonomy":"folder","embeddable":true,"href":"https:\/\/catca.ca\/fr\/wp-json\/wp\/v2\/folder?post=20112"}],"curies":[{"name":"wp","href":"https:\/\/api.w.org\/{rel}","templated":true}]}}