{"id":20110,"date":"2024-03-12T12:45:38","date_gmt":"2024-03-12T16:45:38","guid":{"rendered":"http:\/\/catca.ca\/bourses-detudes-et-prix\/"},"modified":"2025-11-27T15:12:34","modified_gmt":"2025-11-27T20:12:34","slug":"bourses-detudes-et-prix","status":"publish","type":"page","link":"https:\/\/catca.ca\/fr\/bourses-detudes-et-prix\/","title":{"rendered":"Bourses et prix"},"content":{"rendered":"\t\t<div data-elementor-type=\"wp-page\" data-elementor-id=\"20110\" class=\"elementor elementor-20110 elementor-599\" data-elementor-post-type=\"page\">\n\t\t\t\t<div class=\"elementor-element elementor-element-7d6cbb9 e-flex e-con-boxed e-con e-parent\" data-id=\"7d6cbb9\" data-element_type=\"container\" data-e-type=\"container\" data-settings=\"{&quot;background_background&quot;:&quot;classic&quot;}\">\n\t\t\t\t\t<div class=\"e-con-inner\">\n\t\t<div class=\"elementor-element elementor-element-a7d553d e-con-full e-flex e-con e-child\" data-id=\"a7d553d\" data-element_type=\"container\" data-e-type=\"container\">\n\t\t\t\t<div class=\"elementor-element elementor-element-6cca0a4 elementor-widget elementor-widget-heading\" data-id=\"6cca0a4\" data-element_type=\"widget\" data-e-type=\"widget\" data-widget_type=\"heading.default\">\n\t\t\t\t<div class=\"elementor-widget-container\">\n\t\t\t\t\t<h2 class=\"elementor-heading-title elementor-size-default\">L'ACCTA offre chaque ann\u00e9e deux bourses d'\u00e9tudes postsecondaires aux enfants \u00e0 charge des membres actifs et retrait\u00e9s.<\/h2>\t\t\t\t<\/div>\n\t\t\t\t<\/div>\n\t\t\t\t<div class=\"elementor-element elementor-element-3eef01d elementor-widget elementor-widget-spacer\" data-id=\"3eef01d\" data-element_type=\"widget\" data-e-type=\"widget\" data-widget_type=\"spacer.default\">\n\t\t\t\t<div class=\"elementor-widget-container\">\n\t\t\t\t\t\t\t<div class=\"elementor-spacer\">\n\t\t\t<div class=\"elementor-spacer-inner\"><\/div>\n\t\t<\/div>\n\t\t\t\t\t\t<\/div>\n\t\t\t\t<\/div>\n\t\t\t\t<div class=\"elementor-element elementor-element-d6d7fd5 elementor-widget elementor-widget-heading\" data-id=\"d6d7fd5\" data-element_type=\"widget\" data-e-type=\"widget\" data-widget_type=\"heading.default\">\n\t\t\t\t<div class=\"elementor-widget-container\">\n\t\t\t\t\t<h5 class=\"elementor-heading-title elementor-size-default\">BOURSES D'\u00c9TUDES<\/h5>\t\t\t\t<\/div>\n\t\t\t\t<\/div>\n\t\t\t\t<div class=\"elementor-element elementor-element-46a8df8 elementor-widget elementor-widget-text-editor\" data-id=\"46a8df8\" data-element_type=\"widget\" data-e-type=\"widget\" data-widget_type=\"text-editor.default\">\n\t\t\t\t<div class=\"elementor-widget-container\">\n\t\t\t\t\t\t\t\t\t<p>Pour en savoir plus sur notre programme de bourses, cliquez sur le bouton ci-dessous.<\/p>\t\t\t\t\t\t\t\t<\/div>\n\t\t\t\t<\/div>\n\t\t\t\t<div class=\"elementor-element elementor-element-0721243 elementor-widget elementor-widget-button\" data-id=\"0721243\" data-element_type=\"widget\" data-e-type=\"widget\" data-widget_type=\"button.default\">\n\t\t\t\t<div class=\"elementor-widget-container\">\n\t\t\t\t\t\t\t\t\t<div class=\"elementor-button-wrapper\">\n\t\t\t\t\t<a class=\"elementor-button elementor-button-link elementor-size-sm\" href=\"https:\/\/catca.ca\/fr\/bourses-detudes-et-prix\/bourses-detudes\/\">\n\t\t\t\t\t\t<span class=\"elementor-button-content-wrapper\">\n\t\t\t\t\t\t\t\t\t<span class=\"elementor-button-text\">En savoir plus<\/span>\n\t\t\t\t\t<\/span>\n\t\t\t\t\t<\/a>\n\t\t\t\t<\/div>\n\t\t\t\t\t\t\t\t<\/div>\n\t\t\t\t<\/div>\n\t\t\t\t<div class=\"elementor-element elementor-element-ff71517 elementor-widget elementor-widget-spacer\" data-id=\"ff71517\" data-element_type=\"widget\" data-e-type=\"widget\" data-widget_type=\"spacer.default\">\n\t\t\t\t<div class=\"elementor-widget-container\">\n\t\t\t\t\t\t\t<div class=\"elementor-spacer\">\n\t\t\t<div class=\"elementor-spacer-inner\"><\/div>\n\t\t<\/div>\n\t\t\t\t\t\t<\/div>\n\t\t\t\t<\/div>\n\t\t\t\t<div class=\"elementor-element elementor-element-f472790 elementor-widget elementor-widget-heading\" data-id=\"f472790\" data-element_type=\"widget\" data-e-type=\"widget\" data-widget_type=\"heading.default\">\n\t\t\t\t<div class=\"elementor-widget-container\">\n\t\t\t\t\t<h5 class=\"elementor-heading-title elementor-size-default\">PRIX<\/h5>\t\t\t\t<\/div>\n\t\t\t\t<\/div>\n\t\t\t\t<div class=\"elementor-element elementor-element-3ca8f4c elementor-widget elementor-widget-text-editor\" data-id=\"3ca8f4c\" data-element_type=\"widget\" data-e-type=\"widget\" data-widget_type=\"text-editor.default\">\n\t\t\t\t<div class=\"elementor-widget-container\">\n\t\t\t\t\t\t\t\t\t<p>Pour en savoir plus sur le Prix d\u2019honneur, qui r\u00e9compense les membres ayant fait preuve d\u2019un professionnalisme exemplaire en reconnaissance d\u2019une action m\u00e9ritoire men\u00e9e en p\u00e9riode de contrainte et ayant permis de pr\u00e9server la s\u00e9curit\u00e9 des passagers, des \u00e9quipages et des a\u00e9ronefs,<br \/><a href=\"http:\/\/catca.ca\/scholarships-awards\/award-of-honour\/\">cliquez ici<\/a>.\u00a0<\/p><p>\u00a0<\/p><p>Pour en savoir plus sur le Prix du m\u00e9rite, qui r\u00e9compense la contribution personnelle de personnes ayant fait preuve d\u2019un d\u00e9vouement d\u00e9sint\u00e9ress\u00e9 envers l\u2019Association,<br \/><a href=\"https:\/\/catca.ca\/scholarships-and-awards\/award-of-merit\/\">cliquez ici<\/a>.<\/p>\t\t\t\t\t\t\t\t<\/div>\n\t\t\t\t<\/div>\n\t\t\t\t<\/div>\n\t\t\t\t\t<\/div>\n\t\t\t\t<\/div>\n\t\t\t\t<\/div>\n\t\t","protected":false},"excerpt":{"rendered":"<p>L&rsquo;ACCTA offre chaque ann\u00e9e deux bourses d&rsquo;\u00e9tudes postsecondaires aux enfants \u00e0 charge des membres actifs et retrait\u00e9s. BOURSES D&rsquo;\u00c9TUDES Pour en savoir plus sur notre programme de bourses, cliquez sur le bouton ci-dessous. En savoir plus PRIX Pour en savoir plus sur le Prix d\u2019honneur, qui r\u00e9compense les membres ayant fait preuve d\u2019un professionnalisme exemplaire [&hellip;]<\/p>\n","protected":false},"author":1,"featured_media":0,"parent":0,"menu_order":0,"comment_status":"closed","ping_status":"closed","template":"elementor_header_footer","meta":{"_acf_changed":false,"footnotes":""},"folder":[],"class_list":["post-20110","page","type-page","status-publish","hentry"],"acf":[],"_links":{"self":[{"href":"https:\/\/catca.ca\/fr\/wp-json\/wp\/v2\/pages\/20110","targetHints":{"allow":["GET"]}}],"collection":[{"href":"https:\/\/catca.ca\/fr\/wp-json\/wp\/v2\/pages"}],"about":[{"href":"https:\/\/catca.ca\/fr\/wp-json\/wp\/v2\/types\/page"}],"author":[{"embeddable":true,"href":"https:\/\/catca.ca\/fr\/wp-json\/wp\/v2\/users\/1"}],"replies":[{"embeddable":true,"href":"https:\/\/catca.ca\/fr\/wp-json\/wp\/v2\/comments?post=20110"}],"version-history":[{"count":17,"href":"https:\/\/catca.ca\/fr\/wp-json\/wp\/v2\/pages\/20110\/revisions"}],"predecessor-version":[{"id":29608,"href":"https:\/\/catca.ca\/fr\/wp-json\/wp\/v2\/pages\/20110\/revisions\/29608"}],"wp:attachment":[{"href":"https:\/\/catca.ca\/fr\/wp-json\/wp\/v2\/media?parent=20110"}],"wp:term":[{"taxonomy":"folder","embeddable":true,"href":"https:\/\/catca.ca\/fr\/wp-json\/wp\/v2\/folder?post=20110"}],"curies":[{"name":"wp","href":"https:\/\/api.w.org\/{rel}","templated":true}]}}