{"id":20108,"date":"2024-03-12T12:32:50","date_gmt":"2024-03-12T16:32:50","guid":{"rendered":"http:\/\/catca.ca\/sentences-et-decisions-darbitrage\/"},"modified":"2025-11-27T15:11:44","modified_gmt":"2025-11-27T20:11:44","slug":"sentences-et-decisions-darbitrage","status":"publish","type":"page","link":"https:\/\/catca.ca\/fr\/sentences-et-decisions-darbitrage\/","title":{"rendered":"Sentences et decisions d&rsquo;arbitrage"},"content":{"rendered":"\t\t<div data-elementor-type=\"wp-page\" data-elementor-id=\"20108\" class=\"elementor elementor-20108 elementor-593\" data-elementor-post-type=\"page\">\n\t\t\t\t<div class=\"elementor-element elementor-element-7d6cbb9 e-flex e-con-boxed e-con e-parent\" data-id=\"7d6cbb9\" data-element_type=\"container\" data-e-type=\"container\" data-settings=\"{&quot;background_background&quot;:&quot;classic&quot;}\">\n\t\t\t\t\t<div class=\"e-con-inner\">\n\t\t<div class=\"elementor-element elementor-element-a7d553d e-con-full e-flex e-con e-child\" data-id=\"a7d553d\" data-element_type=\"container\" data-e-type=\"container\">\n\t\t\t\t<div class=\"elementor-element elementor-element-6cca0a4 elementor-widget elementor-widget-heading\" data-id=\"6cca0a4\" data-element_type=\"widget\" data-e-type=\"widget\" data-widget_type=\"heading.default\">\n\t\t\t\t<div class=\"elementor-widget-container\">\n\t\t\t\t\t<h2 class=\"elementor-heading-title elementor-size-default\">Lorsque les employeurs syndiqu\u00e9s et les syndicats ne parviennent pas \u00e0 r\u00e9soudre un d\u00e9bat sur le lieu de travail, il est possible de soumettre la question \u00e0 un arbitre ind\u00e9pendant ou \u00e0 un conseil d'arbitrage.<\/h2>\t\t\t\t<\/div>\n\t\t\t\t<\/div>\n\t\t\t\t<div class=\"elementor-element elementor-element-46a8df8 elementor-widget elementor-widget-text-editor\" data-id=\"46a8df8\" data-element_type=\"widget\" data-e-type=\"widget\" data-widget_type=\"text-editor.default\">\n\t\t\t\t<div class=\"elementor-widget-container\">\n\t\t\t\t\t\t\t\t\t<p>Une sentence arbitrage d\u00e9signe une d\u00e9cision prise par un tribunal arbitrage dans le cadre d\u2019une proc\u00e9dure d\u2019arbitrage. Une sentence arbitrage s\u2019apparente \u00e0 un jugement rendu par un tribunal.<\/p>\t\t\t\t\t\t\t\t<\/div>\n\t\t\t\t<\/div>\n\t\t\t\t<div class=\"elementor-element elementor-element-ab02561 elementor-widget elementor-widget-heading\" data-id=\"ab02561\" data-element_type=\"widget\" data-e-type=\"widget\" data-widget_type=\"heading.default\">\n\t\t\t\t<div class=\"elementor-widget-container\">\n\t\t\t\t\t<h5 class=\"elementor-heading-title elementor-size-default\">R\u00c9COMPENSES ET D\u00c9CISIONS<\/h5>\t\t\t\t<\/div>\n\t\t\t\t<\/div>\n\t\t\t\t<div class=\"elementor-element elementor-element-850d31e pa-display-conditions-yes elementor-widget elementor-widget-text-editor\" data-id=\"850d31e\" data-element_type=\"widget\" data-e-type=\"widget\" data-settings=\"{&quot;pa_display_conditions_switcher&quot;:&quot;yes&quot;}\" data-widget_type=\"text-editor.default\">\n\t\t\t\t<div class=\"elementor-widget-container\">\n\t\t\t\t\t\t\t\t\t<p>Pour consulter la liste des sentences arbitrales, <a href=\"http:\/\/catca.ca\/member-login\/\">veuillez vous connecter<\/a>.<\/p>\n\t\t\t\t\t\t\t\t<\/div>\n\t\t\t\t<\/div>\n\t\t\t\t<\/div>\n\t\t\t\t\t<\/div>\n\t\t\t\t<\/div>\n\t\t\t\t<\/div>\n\t\t","protected":false},"excerpt":{"rendered":"<p>Lorsque les employeurs syndiqu\u00e9s et les syndicats ne parviennent pas \u00e0 r\u00e9soudre un d\u00e9bat sur le lieu de travail, il est possible de soumettre la question \u00e0 un arbitre ind\u00e9pendant ou \u00e0 un conseil d&rsquo;arbitrage. Une sentence arbitrage d\u00e9signe une d\u00e9cision prise par un tribunal arbitrage dans le cadre d\u2019une proc\u00e9dure d\u2019arbitrage. Une sentence arbitrage [&hellip;]<\/p>\n","protected":false},"author":1,"featured_media":0,"parent":0,"menu_order":0,"comment_status":"closed","ping_status":"closed","template":"elementor_header_footer","meta":{"_acf_changed":false,"footnotes":""},"folder":[],"class_list":["post-20108","page","type-page","status-publish","hentry"],"acf":[],"_links":{"self":[{"href":"https:\/\/catca.ca\/fr\/wp-json\/wp\/v2\/pages\/20108","targetHints":{"allow":["GET"]}}],"collection":[{"href":"https:\/\/catca.ca\/fr\/wp-json\/wp\/v2\/pages"}],"about":[{"href":"https:\/\/catca.ca\/fr\/wp-json\/wp\/v2\/types\/page"}],"author":[{"embeddable":true,"href":"https:\/\/catca.ca\/fr\/wp-json\/wp\/v2\/users\/1"}],"replies":[{"embeddable":true,"href":"https:\/\/catca.ca\/fr\/wp-json\/wp\/v2\/comments?post=20108"}],"version-history":[{"count":12,"href":"https:\/\/catca.ca\/fr\/wp-json\/wp\/v2\/pages\/20108\/revisions"}],"predecessor-version":[{"id":29605,"href":"https:\/\/catca.ca\/fr\/wp-json\/wp\/v2\/pages\/20108\/revisions\/29605"}],"wp:attachment":[{"href":"https:\/\/catca.ca\/fr\/wp-json\/wp\/v2\/media?parent=20108"}],"wp:term":[{"taxonomy":"folder","embeddable":true,"href":"https:\/\/catca.ca\/fr\/wp-json\/wp\/v2\/folder?post=20108"}],"curies":[{"name":"wp","href":"https:\/\/api.w.org\/{rel}","templated":true}]}}