{"id":20097,"date":"2024-03-07T02:37:58","date_gmt":"2024-03-07T07:37:58","guid":{"rendered":"http:\/\/catca.ca\/a-propos-de\/notre-histoire\/"},"modified":"2025-01-23T15:20:02","modified_gmt":"2025-01-23T20:20:02","slug":"notre-histoire","status":"publish","type":"page","link":"https:\/\/catca.ca\/fr\/a-propos-de-nous\/notre-histoire\/","title":{"rendered":"Notre histoire"},"content":{"rendered":"\t\t<div data-elementor-type=\"wp-page\" data-elementor-id=\"20097\" class=\"elementor elementor-20097 elementor-160\" data-elementor-post-type=\"page\">\n\t\t\t\t<div class=\"elementor-element elementor-element-c91f2c8 e-flex e-con-boxed e-con e-parent\" data-id=\"c91f2c8\" data-element_type=\"container\" data-e-type=\"container\" data-settings=\"{&quot;background_background&quot;:&quot;classic&quot;}\">\n\t\t\t\t\t<div class=\"e-con-inner\">\n\t\t<div class=\"elementor-element elementor-element-6711c95 e-con-full e-flex e-con e-child\" data-id=\"6711c95\" data-element_type=\"container\" data-e-type=\"container\">\n\t\t\t\t<div class=\"elementor-element elementor-element-64635e6 elementor-widget elementor-widget-heading\" data-id=\"64635e6\" data-element_type=\"widget\" data-e-type=\"widget\" data-widget_type=\"heading.default\">\n\t\t\t\t<div class=\"elementor-widget-container\">\n\t\t\t\t\t<h2 class=\"elementor-heading-title elementor-size-default\">L'histoire du contr\u00f4le du trafic a\u00e9rien au Canada a commenc\u00e9 en 1936.<\/h2>\t\t\t\t<\/div>\n\t\t\t\t<\/div>\n\t\t\t\t<div class=\"elementor-element elementor-element-495a33e elementor-widget elementor-widget-text-editor\" data-id=\"495a33e\" data-element_type=\"widget\" data-e-type=\"widget\" data-widget_type=\"text-editor.default\">\n\t\t\t\t<div class=\"elementor-widget-container\">\n\t\t\t\t\t\t\t\t\t<p>L&rsquo;histoire du contr\u00f4le du trafic a\u00e9rien (ATC) au Canada commence avec la cr\u00e9ation du minist\u00e8re des Transports en vertu de la loi sur les transports de 1936.<\/p><p>Le syst\u00e8me a \u00e9t\u00e9 inaugur\u00e9 officiellement avec la mise en service de la tour de contr\u00f4le de Saint-Hubert, au Qu\u00e9bec, en 1939.<\/p><p>Les tours de Toronto, d\u2019Ottawa et de Vancouver ont \u00e9t\u00e9 ouvertes en 1940, suivies de celles d\u2019Edmonton et de Winnipeg en 1941, et de la tour de Dorval en 1942.<\/p><p>L\u2019ouverture de nombreuses nouvelles tours a conduit \u00e0 la cr\u00e9ation d\u2019une initiative nationale de formation. Le programme initial de formation des contr\u00f4leurs de la circulation a\u00e9rienne a produit ses premiers dipl\u00f4m\u00e9s en 1940.<\/p><p>Les contr\u00f4leurs se sont vite rendu compte que la croissance de l\u2019aviation d\u00e9passait continuellement le syst\u00e8me ATC. D\u00e9termin\u00e9s \u00e0 obtenir la reconnaissance de la responsabilit\u00e9 professionnelle individuelle au sein d\u2019une industrie progressiste, les contr\u00f4leurs a\u00e9riens se sont organis\u00e9s en une association au d\u00e9but de 1959.<\/p><p>L\u2019Association canadienne du contr\u00f4le du trafic a\u00e9rien (ACCTA) a \u00e9t\u00e9 officiellement constitu\u00e9e en organisme \u00e0 but non lucratif en 1962, dans le but de promouvoir la s\u00e9curit\u00e9 et l\u2019efficacit\u00e9 du syst\u00e8me et le bien-\u00eatre de ses membres.<\/p><p>Depuis 1962, nous nous effor\u00e7ons de cr\u00e9er le meilleur environnement de travail pour les contr\u00f4leurs a\u00e9riens. Nous avons \u00e9volu\u00e9 au fil des ans et nos membres ont \u00e9galement chang\u00e9. Nous repr\u00e9sentons maintenant environ 2 000 contr\u00f4leurs de la circulation a\u00e9rienne de trois employeurs canadiens.<\/p>\t\t\t\t\t\t\t\t<\/div>\n\t\t\t\t<\/div>\n\t\t\t\t<\/div>\n\t\t\t\t\t<\/div>\n\t\t\t\t<\/div>\n\t\t\t\t<\/div>\n\t\t","protected":false},"excerpt":{"rendered":"<p>L&rsquo;histoire du contr\u00f4le du trafic a\u00e9rien au Canada a commenc\u00e9 en 1936. L&rsquo;histoire du contr\u00f4le du trafic a\u00e9rien (ATC) au Canada commence avec la cr\u00e9ation du minist\u00e8re des Transports en vertu de la loi sur les transports de 1936. Le syst\u00e8me a \u00e9t\u00e9 inaugur\u00e9 officiellement avec la mise en service de la tour de contr\u00f4le [&hellip;]<\/p>\n","protected":false},"author":1,"featured_media":0,"parent":20091,"menu_order":0,"comment_status":"closed","ping_status":"closed","template":"elementor_header_footer","meta":{"_acf_changed":false,"footnotes":""},"folder":[],"class_list":["post-20097","page","type-page","status-publish","hentry"],"acf":[],"_links":{"self":[{"href":"https:\/\/catca.ca\/fr\/wp-json\/wp\/v2\/pages\/20097","targetHints":{"allow":["GET"]}}],"collection":[{"href":"https:\/\/catca.ca\/fr\/wp-json\/wp\/v2\/pages"}],"about":[{"href":"https:\/\/catca.ca\/fr\/wp-json\/wp\/v2\/types\/page"}],"author":[{"embeddable":true,"href":"https:\/\/catca.ca\/fr\/wp-json\/wp\/v2\/users\/1"}],"replies":[{"embeddable":true,"href":"https:\/\/catca.ca\/fr\/wp-json\/wp\/v2\/comments?post=20097"}],"version-history":[{"count":7,"href":"https:\/\/catca.ca\/fr\/wp-json\/wp\/v2\/pages\/20097\/revisions"}],"predecessor-version":[{"id":21254,"href":"https:\/\/catca.ca\/fr\/wp-json\/wp\/v2\/pages\/20097\/revisions\/21254"}],"up":[{"embeddable":true,"href":"https:\/\/catca.ca\/fr\/wp-json\/wp\/v2\/pages\/20091"}],"wp:attachment":[{"href":"https:\/\/catca.ca\/fr\/wp-json\/wp\/v2\/media?parent=20097"}],"wp:term":[{"taxonomy":"folder","embeddable":true,"href":"https:\/\/catca.ca\/fr\/wp-json\/wp\/v2\/folder?post=20097"}],"curies":[{"name":"wp","href":"https:\/\/api.w.org\/{rel}","templated":true}]}}