{"id":20095,"date":"2024-03-07T02:38:52","date_gmt":"2024-03-07T07:38:52","guid":{"rendered":"http:\/\/catca.ca\/a-propos-de\/qui-sommes-nous\/"},"modified":"2024-07-18T14:59:42","modified_gmt":"2024-07-18T18:59:42","slug":"qui-sommes-nous","status":"publish","type":"page","link":"https:\/\/catca.ca\/fr\/a-propos-de-nous\/qui-sommes-nous\/","title":{"rendered":"Qui Sommes-nous?"},"content":{"rendered":"\t\t<div data-elementor-type=\"wp-page\" data-elementor-id=\"20095\" class=\"elementor elementor-20095 elementor-159\" data-elementor-post-type=\"page\">\n\t\t\t\t<div class=\"elementor-element elementor-element-c91f2c8 e-flex e-con-boxed e-con e-parent\" data-id=\"c91f2c8\" data-element_type=\"container\" data-e-type=\"container\" data-settings=\"{&quot;background_background&quot;:&quot;classic&quot;}\">\n\t\t\t\t\t<div class=\"e-con-inner\">\n\t\t<div class=\"elementor-element elementor-element-6711c95 e-con-full e-flex e-con e-child\" data-id=\"6711c95\" data-element_type=\"container\" data-e-type=\"container\">\n\t\t\t\t<div class=\"elementor-element elementor-element-64635e6 elementor-widget elementor-widget-heading\" data-id=\"64635e6\" data-element_type=\"widget\" data-e-type=\"widget\" data-widget_type=\"heading.default\">\n\t\t\t\t<div class=\"elementor-widget-container\">\n\t\t\t\t\t<h2 class=\"elementor-heading-title elementor-size-default\">Nous sommes la voix des contr\u00f4leurs a\u00e9riens du Canada.<\/h2>\t\t\t\t<\/div>\n\t\t\t\t<\/div>\n\t\t\t\t<div class=\"elementor-element elementor-element-495a33e elementor-widget elementor-widget-text-editor\" data-id=\"495a33e\" data-element_type=\"widget\" data-e-type=\"widget\" data-widget_type=\"text-editor.default\">\n\t\t\t\t<div class=\"elementor-widget-container\">\n\t\t\t\t\t\t\t\t\t<p>Notre \u00e9quipe est compos\u00e9e d\u2019\u00e9lus, de personnel de soutien administratif et de nombreux b\u00e9n\u00e9voles d\u00e9vou\u00e9s. Notre principale fonction est de promouvoir et d\u2019\u00e9tablir des environnements de travail \u00e9quitables et progressifs. Nous n\u00e9gocions de nombreux programmes qui sont b\u00e9n\u00e9fiques pour nos membres.<\/p>\n<p>L\u2019ACCTA s\u2019engage \u00e0 \u00e9couter ses membres, \u00e0 se battre pour eux \u00e0 la table des n\u00e9gociations et \u00e0 s\u2019attaquer aux probl\u00e8mes auxquels ils sont confront\u00e9s chaque jour.<\/p>\n<p>Nous sommes fiers d\u2019\u00eatre membres d\u2019Unifor. Pour plus d\u2019informations sur Unifor, veuillez consulter le site\u00a0<a href=\"http:\/\/www.unifor.org\/\" target=\"_blank\" rel=\"noopener\">unifor.org<\/a>.<\/p>\n\t\t\t\t\t\t\t\t<\/div>\n\t\t\t\t<\/div>\n\t\t\t\t<div class=\"elementor-element elementor-element-f2e3a79 elementor-widget elementor-widget-heading\" data-id=\"f2e3a79\" data-element_type=\"widget\" data-e-type=\"widget\" data-widget_type=\"heading.default\">\n\t\t\t\t<div class=\"elementor-widget-container\">\n\t\t\t\t\t<h4 class=\"elementor-heading-title elementor-size-default\">Comment devenir contr\u00f4leur du trafic a\u00e9rien<\/h4>\t\t\t\t<\/div>\n\t\t\t\t<\/div>\n\t\t\t\t<div class=\"elementor-element elementor-element-09834a5 elementor-widget elementor-widget-text-editor\" data-id=\"09834a5\" data-element_type=\"widget\" data-e-type=\"widget\" data-widget_type=\"text-editor.default\">\n\t\t\t\t<div class=\"elementor-widget-container\">\n\t\t\t\t\t\t\t\t\t<p>Vous souhaitez devenir contr\u00f4leur de la circulation a\u00e9rienne ? Cliquez <a href=\"https:\/\/takecharge.navcanada.ca\/\">ici<\/a>.<\/p>\n\t\t\t\t\t\t\t\t<\/div>\n\t\t\t\t<\/div>\n\t\t\t\t<div class=\"elementor-element elementor-element-21bd229 elementor-widget elementor-widget-heading\" data-id=\"21bd229\" data-element_type=\"widget\" data-e-type=\"widget\" data-widget_type=\"heading.default\">\n\t\t\t\t<div class=\"elementor-widget-container\">\n\t\t\t\t\t<h4 class=\"elementor-heading-title elementor-size-default\">Structure Organisationnelle<\/h4>\t\t\t\t<\/div>\n\t\t\t\t<\/div>\n\t\t\t\t<div class=\"elementor-element elementor-element-23ff05b elementor-widget elementor-widget-image\" data-id=\"23ff05b\" data-element_type=\"widget\" data-e-type=\"widget\" data-widget_type=\"image.default\">\n\t\t\t\t<div class=\"elementor-widget-container\">\n\t\t\t\t\t\t\t\t\t\t\t\t\t\t\t<img fetchpriority=\"high\" decoding=\"async\" width=\"800\" height=\"612\" src=\"https:\/\/catca.ca\/wp-content\/uploads\/2024\/03\/OrgChart2018_white-1024x783-1.jpg\" class=\"attachment-large size-large wp-image-18900\" alt=\"\" srcset=\"https:\/\/catca.ca\/wp-content\/uploads\/2024\/03\/OrgChart2018_white-1024x783-1.jpg 1024w, https:\/\/catca.ca\/wp-content\/uploads\/2024\/03\/OrgChart2018_white-1024x783-1-300x229.jpg 300w, https:\/\/catca.ca\/wp-content\/uploads\/2024\/03\/OrgChart2018_white-1024x783-1-768x587.jpg 768w\" sizes=\"(max-width: 800px) 100vw, 800px\" \/>\t\t\t\t\t\t\t\t\t\t\t\t\t\t\t<\/div>\n\t\t\t\t<\/div>\n\t\t\t\t<div class=\"elementor-element elementor-element-5aca328 elementor-widget elementor-widget-button\" data-id=\"5aca328\" data-element_type=\"widget\" data-e-type=\"widget\" data-widget_type=\"button.default\">\n\t\t\t\t<div class=\"elementor-widget-container\">\n\t\t\t\t\t\t\t\t\t<div class=\"elementor-button-wrapper\">\n\t\t\t\t\t<a class=\"elementor-button elementor-button-link elementor-size-sm\" href=\"https:\/\/www.navcanada.ca\/en\/careers.aspx\">\n\t\t\t\t\t\t<span class=\"elementor-button-content-wrapper\">\n\t\t\t\t\t\t\t\t\t<span class=\"elementor-button-text\">Rejoignez-nous d\u00e8s aujourd'hui<\/span>\n\t\t\t\t\t<\/span>\n\t\t\t\t\t<\/a>\n\t\t\t\t<\/div>\n\t\t\t\t\t\t\t\t<\/div>\n\t\t\t\t<\/div>\n\t\t\t\t<\/div>\n\t\t\t\t\t<\/div>\n\t\t\t\t<\/div>\n\t\t\t\t<\/div>\n\t\t","protected":false},"excerpt":{"rendered":"<p>Nous sommes la voix des contr\u00f4leurs a\u00e9riens du Canada. Notre \u00e9quipe est compos\u00e9e d\u2019\u00e9lus, de personnel de soutien administratif et de nombreux b\u00e9n\u00e9voles d\u00e9vou\u00e9s. Notre principale fonction est de promouvoir et d\u2019\u00e9tablir des environnements de travail \u00e9quitables et progressifs. Nous n\u00e9gocions de nombreux programmes qui sont b\u00e9n\u00e9fiques pour nos membres. L\u2019ACCTA s\u2019engage \u00e0 \u00e9couter ses [&hellip;]<\/p>\n","protected":false},"author":1,"featured_media":0,"parent":20091,"menu_order":0,"comment_status":"closed","ping_status":"closed","template":"elementor_header_footer","meta":{"_acf_changed":false,"footnotes":""},"folder":[],"class_list":["post-20095","page","type-page","status-publish","hentry"],"acf":[],"_links":{"self":[{"href":"https:\/\/catca.ca\/fr\/wp-json\/wp\/v2\/pages\/20095","targetHints":{"allow":["GET"]}}],"collection":[{"href":"https:\/\/catca.ca\/fr\/wp-json\/wp\/v2\/pages"}],"about":[{"href":"https:\/\/catca.ca\/fr\/wp-json\/wp\/v2\/types\/page"}],"author":[{"embeddable":true,"href":"https:\/\/catca.ca\/fr\/wp-json\/wp\/v2\/users\/1"}],"replies":[{"embeddable":true,"href":"https:\/\/catca.ca\/fr\/wp-json\/wp\/v2\/comments?post=20095"}],"version-history":[{"count":7,"href":"https:\/\/catca.ca\/fr\/wp-json\/wp\/v2\/pages\/20095\/revisions"}],"predecessor-version":[{"id":21248,"href":"https:\/\/catca.ca\/fr\/wp-json\/wp\/v2\/pages\/20095\/revisions\/21248"}],"up":[{"embeddable":true,"href":"https:\/\/catca.ca\/fr\/wp-json\/wp\/v2\/pages\/20091"}],"wp:attachment":[{"href":"https:\/\/catca.ca\/fr\/wp-json\/wp\/v2\/media?parent=20095"}],"wp:term":[{"taxonomy":"folder","embeddable":true,"href":"https:\/\/catca.ca\/fr\/wp-json\/wp\/v2\/folder?post=20095"}],"curies":[{"name":"wp","href":"https:\/\/api.w.org\/{rel}","templated":true}]}}