{"id":20091,"date":"2024-03-06T18:26:30","date_gmt":"2024-03-06T23:26:30","guid":{"rendered":"http:\/\/catca.ca\/a-propos-de\/"},"modified":"2025-11-27T15:04:05","modified_gmt":"2025-11-27T20:04:05","slug":"a-propos-de-nous","status":"publish","type":"page","link":"https:\/\/catca.ca\/fr\/a-propos-de-nous\/","title":{"rendered":"A propos de nous"},"content":{"rendered":"\t\t<div data-elementor-type=\"wp-page\" data-elementor-id=\"20091\" class=\"elementor elementor-20091 elementor-16\" data-elementor-post-type=\"page\">\n\t\t\t\t<div class=\"elementor-element elementor-element-c91f2c8 e-flex e-con-boxed e-con e-parent\" data-id=\"c91f2c8\" data-element_type=\"container\" data-e-type=\"container\" data-settings=\"{&quot;background_background&quot;:&quot;classic&quot;}\">\n\t\t\t\t\t<div class=\"e-con-inner\">\n\t\t<div class=\"elementor-element elementor-element-6711c95 e-con-full e-flex e-con e-child\" data-id=\"6711c95\" data-element_type=\"container\" data-e-type=\"container\">\n\t\t\t\t<div class=\"elementor-element elementor-element-64635e6 elementor-widget elementor-widget-heading\" data-id=\"64635e6\" data-element_type=\"widget\" data-e-type=\"widget\" data-widget_type=\"heading.default\">\n\t\t\t\t<div class=\"elementor-widget-container\">\n\t\t\t\t\t<h2 class=\"elementor-heading-title elementor-size-default\">Regarder vers l'avenir tout en abordant les questions d'aujourd'hui.<\/h2>\t\t\t\t<\/div>\n\t\t\t\t<\/div>\n\t\t\t\t<div class=\"elementor-element elementor-element-495a33e elementor-widget elementor-widget-text-editor\" data-id=\"495a33e\" data-element_type=\"widget\" data-e-type=\"widget\" data-widget_type=\"text-editor.default\">\n\t\t\t\t<div class=\"elementor-widget-container\">\n\t\t\t\t\t\t\t\t\t<p>L\u2019ACCTA s\u2019engage \u00e0 promouvoir et \u00e0 \u00e9tablir des environnements de travail \u00e9quitables et progressifs. Nous nous effor\u00e7ons de comprendre les membres, de les d\u00e9fendre \u00e0 la table des n\u00e9gociations, tout en abordant les probl\u00e8mes auxquels ils sont confront\u00e9s chaque jour.<\/p>\n\t\t\t\t\t\t\t\t<\/div>\n\t\t\t\t<\/div>\n\t\t\t\t<div class=\"elementor-element elementor-element-a29580c elementor-widget elementor-widget-heading\" data-id=\"a29580c\" data-element_type=\"widget\" data-e-type=\"widget\" data-widget_type=\"heading.default\">\n\t\t\t\t<div class=\"elementor-widget-container\">\n\t\t\t\t\t<h4 class=\"elementor-heading-title elementor-size-default\">Le r\u00f4le important des contr\u00f4leurs a\u00e9riens.<\/h4>\t\t\t\t<\/div>\n\t\t\t\t<\/div>\n\t\t\t\t<div class=\"elementor-element elementor-element-42a815f elementor-widget elementor-widget-text-editor\" data-id=\"42a815f\" data-element_type=\"widget\" data-e-type=\"widget\" data-widget_type=\"text-editor.default\">\n\t\t\t\t<div class=\"elementor-widget-container\">\n\t\t\t\t\t\t\t\t\t<p>Les contr\u00f4leurs de la circulation a\u00e9rienne (contr\u00f4leurs) travaillent dans un environnement passionnant et en constante \u00e9volution. Chaque jour, ils sont confront\u00e9s \u00e0 de nouveaux d\u00e9fis tout en respectant des protocoles de s\u00e9curit\u00e9 et de proc\u00e9dure stricts. Le haut niveau de formation que re\u00e7oivent les contr\u00f4leurs les pr\u00e9pare aux situations en constante \u00e9volution auxquelles ils sont confront\u00e9s. Les contr\u00f4leurs canadiens assurent l\u2019un des espaces a\u00e9riens les plus s\u00fbrs au monde.<\/p>\n<p>Au Canada, les contr\u00f4leurs occupent deux fonctions diff\u00e9rentes : ils travaillent soit dans un centre de contr\u00f4le r\u00e9gional (ACC ou centre), soit dans une tour (tour de contr\u00f4le). Tout comme les pilotes, les contr\u00f4leurs sont class\u00e9s et licenci\u00e9s en fonction de la formation sp\u00e9cialis\u00e9e qu\u2019ils re\u00e7oivent.<\/p>\n<p>Les contr\u00f4leurs de tour travaillent dans les tours que vous voyez lorsque vous \u00eates \u00e0 l\u2019a\u00e9roport. Ils donnent aux pilotes les autorisations de roulage, de d\u00e9collage et d\u2019atterrissage. Ils s\u2019occupent des a\u00e9ronefs dans un certain p\u00e9rim\u00e8tre autour de l\u2019a\u00e9roport. Au-del\u00e0 de la zone de comp\u00e9tence de la tour, les a\u00e9ronefs sont confi\u00e9s aux contr\u00f4leurs de centre.<\/p>\n<p>Les contr\u00f4leurs de centre travaillent dans les centres de contr\u00f4le r\u00e9gionaux, qui sont au nombre de 7 au Canada. Ces contr\u00f4leurs travaillent dans des salles de radar qui peuvent \u00eatre situ\u00e9es \u00e0 proximit\u00e9 des a\u00e9roports ou dans des sites compl\u00e8tement s\u00e9par\u00e9s, loin des a\u00e9roports. Ils s\u2019occupent des a\u00e9ronefs d\u00e8s qu\u2019ils quittent la juridiction de la tour et jusqu\u2019\u00e0 ce qu\u2019ils entrent dans la juridiction de la tour de l\u2019a\u00e9roport de destination.<\/p>\n<p>Tous les contr\u00f4leurs travaillent en \u00e9troite collaboration pour fournir des services aux a\u00e9ronefs commerciaux et priv\u00e9s. Gr\u00e2ce \u00e0 leur professionnalisme et \u00e0 leur d\u00e9vouement, vous arriverez en toute s\u00e9curit\u00e9 \u00e0 chaque fois que vous prendrez l\u2019avion.<\/p>\n\t\t\t\t\t\t\t\t<\/div>\n\t\t\t\t<\/div>\n\t\t\t\t<\/div>\n\t\t\t\t\t<\/div>\n\t\t\t\t<\/div>\n\t\t\t\t<\/div>\n\t\t","protected":false},"excerpt":{"rendered":"<p>Regarder vers l&rsquo;avenir tout en abordant les questions d&rsquo;aujourd&rsquo;hui. L\u2019ACCTA s\u2019engage \u00e0 promouvoir et \u00e0 \u00e9tablir des environnements de travail \u00e9quitables et progressifs. Nous nous effor\u00e7ons de comprendre les membres, de les d\u00e9fendre \u00e0 la table des n\u00e9gociations, tout en abordant les probl\u00e8mes auxquels ils sont confront\u00e9s chaque jour. Le r\u00f4le important des contr\u00f4leurs a\u00e9riens. [&hellip;]<\/p>\n","protected":false},"author":1,"featured_media":0,"parent":0,"menu_order":0,"comment_status":"closed","ping_status":"closed","template":"elementor_header_footer","meta":{"_acf_changed":false,"footnotes":""},"folder":[],"class_list":["post-20091","page","type-page","status-publish","hentry"],"acf":[],"_links":{"self":[{"href":"https:\/\/catca.ca\/fr\/wp-json\/wp\/v2\/pages\/20091","targetHints":{"allow":["GET"]}}],"collection":[{"href":"https:\/\/catca.ca\/fr\/wp-json\/wp\/v2\/pages"}],"about":[{"href":"https:\/\/catca.ca\/fr\/wp-json\/wp\/v2\/types\/page"}],"author":[{"embeddable":true,"href":"https:\/\/catca.ca\/fr\/wp-json\/wp\/v2\/users\/1"}],"replies":[{"embeddable":true,"href":"https:\/\/catca.ca\/fr\/wp-json\/wp\/v2\/comments?post=20091"}],"version-history":[{"count":9,"href":"https:\/\/catca.ca\/fr\/wp-json\/wp\/v2\/pages\/20091\/revisions"}],"predecessor-version":[{"id":29596,"href":"https:\/\/catca.ca\/fr\/wp-json\/wp\/v2\/pages\/20091\/revisions\/29596"}],"wp:attachment":[{"href":"https:\/\/catca.ca\/fr\/wp-json\/wp\/v2\/media?parent=20091"}],"wp:term":[{"taxonomy":"folder","embeddable":true,"href":"https:\/\/catca.ca\/fr\/wp-json\/wp\/v2\/folder?post=20091"}],"curies":[{"name":"wp","href":"https:\/\/api.w.org\/{rel}","templated":true}]}}